{"id":1378,"date":"2024-12-11T18:47:19","date_gmt":"2024-12-11T17:47:19","guid":{"rendered":"https:\/\/igualdad-constitucional.umh.es\/?page_id=1378"},"modified":"2025-02-02T21:31:08","modified_gmt":"2025-02-02T20:31:08","slug":"discriminacion-por-religion-%e2%9c%a8","status":"publish","type":"page","link":"https:\/\/igualdad-constitucional.umh.es\/ca\/discriminacion-por-religion-%e2%9c%a8\/","title":{"rendered":"<span lang=\"es\">(Espa\u00f1ol) Discriminaci\u00f3n por religi\u00f3n \u2728<\/span>"},"content":{"rendered":"<p>[et_pb_section fb_built=&#8221;1&#8243; _builder_version=&#8221;4.17.4&#8243; _module_preset=&#8221;default&#8221; background_enable_pattern_style=&#8221;on&#8221; background_pattern_style=&#8221;zig-zag-2&#8243; background_pattern_color=&#8221;rgba(0,0,0,0.03)&#8221; global_colors_info=&#8221;{}&#8221;][et_pb_row _builder_version=&#8221;4.17.4&#8243; _module_preset=&#8221;default&#8221; global_colors_info=&#8221;{}&#8221;][et_pb_column type=&#8221;4_4&#8243; _builder_version=&#8221;4.17.4&#8243; _module_preset=&#8221;default&#8221; global_colors_info=&#8221;{}&#8221;][et_pb_text _builder_version=&#8221;4.17.4&#8243; _module_preset=&#8221;default&#8221; text_font=&#8221;|700|||||||&#8221; text_text_color=&#8221;#fdda35&#8243; text_font_size=&#8221;27px&#8221; text_orientation=&#8221;center&#8221; global_colors_info=&#8221;{}&#8221;]<\/p>\n<p>Recomendaciones<\/p>\n<p>[\/et_pb_text][et_pb_text _builder_version=&#8221;4.17.4&#8243; _module_preset=&#8221;default&#8221; text_font=&#8221;Abhaya Libre|600|||||||&#8221; text_text_color=&#8221;#000000&#8243; text_font_size=&#8221;45px&#8221; text_orientation=&#8221;center&#8221; module_alignment=&#8221;center&#8221; global_colors_info=&#8221;{}&#8221;]<\/p>\n<p style=\"text-align: center\">Discriminaci\u00f3n por religi\u00f3n<\/p>\n<p>[\/et_pb_text][et_pb_divider color=&#8221;#fdda35&#8243; divider_weight=&#8221;4px&#8221; _builder_version=&#8221;4.17.4&#8243; _module_preset=&#8221;default&#8221; width=&#8221;6%&#8221; module_alignment=&#8221;center&#8221; custom_margin=&#8221;-10px||||false|false&#8221; custom_padding=&#8221;||||false|false&#8221; global_colors_info=&#8221;{}&#8221;][\/et_pb_divider][et_pb_text _builder_version=&#8221;4.17.4&#8243; _module_preset=&#8221;default&#8221; text_font=&#8221;Abhaya Libre||||||||&#8221; text_text_color=&#8221;#fdda35&#8243; text_font_size=&#8221;36px&#8221; text_orientation=&#8221;center&#8221; global_colors_info=&#8221;{}&#8221;]<\/p>\n<div class=\"b b-text cf\">\n<div class=\"b-c b-text-c b-s b-s-t60 b-s-b60 b-cs cf\">\n<h3><span class=\"wsw-02\"><i>Los\u00a0espa\u00f1oles son iguales ante la ley, sin que pueda prevalecer discriminaci\u00f3n alguna por raz\u00f3n de nacimiento, raza, sexo,<span>\u00a0<\/span><span style=\"text-decoration: underline\">religi\u00f3n<\/span>, opini\u00f3n o cualquier otra condici\u00f3n o circunstancia personal o social.<\/i><span>\u00a0<\/span><\/span><\/h3>\n<h3><span class=\"wsw-02\"><b>(14 CE)<\/b><\/span><\/h3>\n<\/div>\n<\/div>\n<div class=\"b b-s b-hr-line line-auto\"><\/div>\n<h3><\/h3>\n<p>[\/et_pb_text][et_pb_divider color=&#8221;#000000&#8243; divider_position=&#8221;center&#8221; divider_weight=&#8221;1px&#8221; _builder_version=&#8221;4.17.4&#8243; _module_preset=&#8221;default&#8221; global_colors_info=&#8221;{}&#8221;][\/et_pb_divider][\/et_pb_column][\/et_pb_row][\/et_pb_section][et_pb_section fb_built=&#8221;1&#8243; _builder_version=&#8221;4.17.4&#8243; _module_preset=&#8221;default&#8221; custom_padding=&#8221;||9px|||&#8221; global_colors_info=&#8221;{}&#8221;][et_pb_row column_structure=&#8221;1_4,1_4,1_4,1_4&#8243; _builder_version=&#8221;4.17.4&#8243; _module_preset=&#8221;default&#8221; global_colors_info=&#8221;{}&#8221;][et_pb_column type=&#8221;1_4&#8243; _builder_version=&#8221;4.17.4&#8243; _module_preset=&#8221;default&#8221; global_colors_info=&#8221;{}&#8221;][et_pb_image src=&#8221;https:\/\/igualdad-constitucional.umh.es\/files\/2025\/02\/A1EtxgtE1vL._AC_UF8941000_QL80_-218&#215;300.jpg&#8221; title_text=&#8221;A1EtxgtE1vL._AC_UF894,1000_QL80_&#8221; url=&#8221;https:\/\/www.youtube.com\/watch?v=vporfC1x1bg&#8221; url_new_window=&#8221;on&#8221; align=&#8221;center&#8221; force_fullwidth=&#8221;on&#8221; _builder_version=&#8221;4.17.4&#8243; _module_preset=&#8221;default&#8221; scroll_fade_enable=&#8221;on&#8221; scroll_fade=&#8221;0|14|14|100|0|100|100&#8243; scroll_scaling_enable=&#8221;on&#8221; scroll_scaling=&#8221;0|53|53|100|90%|100|100&#8243; hover_enabled=&#8221;0&#8243; border_width_all=&#8221;8px&#8221; border_radii_last_edited=&#8221;off|desktop&#8221; box_shadow_style=&#8221;preset4&#8243; box_shadow_blur=&#8221;14px&#8221; global_colors_info=&#8221;{}&#8221; sticky_enabled=&#8221;0&#8243;][\/et_pb_image][\/et_pb_column][et_pb_column type=&#8221;1_4&#8243; _builder_version=&#8221;4.17.4&#8243; _module_preset=&#8221;default&#8221; global_colors_info=&#8221;{}&#8221;][et_pb_text _builder_version=&#8221;4.17.4&#8243; _module_preset=&#8221;default&#8221; text_font=&#8221;Abel||||||||&#8221; text_font_size=&#8221;16px&#8221; header_3_font=&#8221;Abel|700|on||||||&#8221; header_3_text_align=&#8221;justify&#8221; header_5_font=&#8221;||||||||&#8221; header_5_text_align=&#8221;justify&#8221; hover_enabled=&#8221;0&#8243; header_3_text_shadow_style=&#8221;preset4&#8243; global_colors_info=&#8221;{}&#8221; sticky_enabled=&#8221;0&#8243;]<\/p>\n<h3>A las cinco de la tarde<\/h3>\n<h5><strong>Pel\u00edcula<\/strong> recomendada por Francisco Tom\u00e1s L\u00f3pez Flores<\/h5>\n<p style=\"text-align: justify\"><span>Tras la ca\u00edda del r\u00e9gimen talib\u00e1n en Afganist\u00e1n, se reabrieron las escuelas para las mujeres. Una de ellas pretende dedicarse a la pol\u00edtica e incluso llegar a ser alg\u00fan d\u00eda presidenta de la Rep\u00fablica. Pero el burka, las tradiciones y el r\u00e9gimen machista siguen profundamente anclados en la vida social del pa\u00eds (FILMAFFINITY).<\/span><\/p>\n<p>[\/et_pb_text][\/et_pb_column][et_pb_column type=&#8221;1_4&#8243; _builder_version=&#8221;4.17.4&#8243; _module_preset=&#8221;default&#8221; global_colors_info=&#8221;{}&#8221;][et_pb_image src=&#8221;https:\/\/igualdad-constitucional.umh.es\/files\/2025\/02\/Carmen_y_Lola-260178279-large.jpg&#8221; title_text=&#8221;Carmen_y_Lola-260178279-large&#8221; url_new_window=&#8221;on&#8221; align=&#8221;center&#8221; force_fullwidth=&#8221;on&#8221; _builder_version=&#8221;4.17.4&#8243; _module_preset=&#8221;default&#8221; scroll_fade_enable=&#8221;on&#8221; scroll_fade=&#8221;0|14|14|100|0|100|100&#8243; scroll_scaling_enable=&#8221;on&#8221; scroll_scaling=&#8221;0|53|53|100|90%|100|100&#8243; hover_enabled=&#8221;0&#8243; border_width_all=&#8221;8px&#8221; border_radii_last_edited=&#8221;off|desktop&#8221; box_shadow_style=&#8221;preset4&#8243; box_shadow_blur=&#8221;14px&#8221; global_colors_info=&#8221;{}&#8221; sticky_enabled=&#8221;0&#8243;][\/et_pb_image][\/et_pb_column][et_pb_column type=&#8221;1_4&#8243; _builder_version=&#8221;4.17.4&#8243; _module_preset=&#8221;default&#8221; global_colors_info=&#8221;{}&#8221;][et_pb_text _builder_version=&#8221;4.17.4&#8243; _module_preset=&#8221;default&#8221; text_font=&#8221;Abel||||||||&#8221; text_font_size=&#8221;16px&#8221; header_3_font=&#8221;Abel|700|on||||||&#8221; header_3_text_align=&#8221;justify&#8221; header_5_font=&#8221;||||||||&#8221; header_5_text_align=&#8221;justify&#8221; hover_enabled=&#8221;0&#8243; header_3_text_shadow_style=&#8221;preset4&#8243; global_colors_info=&#8221;{}&#8221; sticky_enabled=&#8221;0&#8243;]<\/p>\n<h3>Carmen y Lola<\/h3>\n<h5>Pel\u00edcula recomendada por Antonio H\u00e9ctor P\u00e9rez Maci\u00e1<\/h5>\n<p style=\"text-align: justify\"><span>Carmen es una adolescente gitana que vive en el extrarradio de Madrid. Como cualquier otra gitana, est\u00e1 destinada a vivir una vida que se repite generaci\u00f3n tras generaci\u00f3n: casarse y criar a tantos ni\u00f1os como sea posible. Pero un d\u00eda conoce a Lola, una gitana poco com\u00fan que sue\u00f1a con ir a la universidad, dibuja graffitis de p\u00e1jaros y es diferente. Carmen desarrolla r\u00e1pidamente una complicidad con Lola, y ambas tratar\u00e1n de llevar hacia delante su romance, a pesar de los inconvenientes y discriminaciones sociales a las que tienen que verse sometidas por su familia. (FILMAFFINITY)<\/span><\/p>\n<p>[\/et_pb_text][\/et_pb_column][\/et_pb_row][\/et_pb_section][et_pb_section fb_built=&#8221;1&#8243; _builder_version=&#8221;4.17.4&#8243; _module_preset=&#8221;default&#8221; global_colors_info=&#8221;{}&#8221;][\/et_pb_section]<\/p>\n","protected":false},"excerpt":{"rendered":"<p>RecomendacionesDiscriminaci\u00f3n por religi\u00f3n Los\u00a0espa\u00f1oles son iguales ante la ley, sin que pueda prevalecer discriminaci\u00f3n alguna por raz\u00f3n de nacimiento, raza, sexo,\u00a0religi\u00f3n, opini\u00f3n o cualquier otra condici\u00f3n o circunstancia personal o social.\u00a0 (14 CE) A las cinco de la tarde Pel\u00edcula recomendada por Francisco Tom\u00e1s L\u00f3pez Flores Tras la ca\u00edda del r\u00e9gimen talib\u00e1n en Afganist\u00e1n, se [&hellip;]<\/p>\n","protected":false},"author":8660,"featured_media":0,"parent":0,"menu_order":0,"comment_status":"closed","ping_status":"closed","template":"","meta":{"_et_pb_use_builder":"on","_et_pb_old_content":"","_et_gb_content_width":"","_links_to":"","_links_to_target":""},"_links":{"self":[{"href":"https:\/\/igualdad-constitucional.umh.es\/ca\/wp-json\/wp\/v2\/pages\/1378"}],"collection":[{"href":"https:\/\/igualdad-constitucional.umh.es\/ca\/wp-json\/wp\/v2\/pages"}],"about":[{"href":"https:\/\/igualdad-constitucional.umh.es\/ca\/wp-json\/wp\/v2\/types\/page"}],"author":[{"embeddable":true,"href":"https:\/\/igualdad-constitucional.umh.es\/ca\/wp-json\/wp\/v2\/users\/8660"}],"replies":[{"embeddable":true,"href":"https:\/\/igualdad-constitucional.umh.es\/ca\/wp-json\/wp\/v2\/comments?post=1378"}],"version-history":[{"count":0,"href":"https:\/\/igualdad-constitucional.umh.es\/ca\/wp-json\/wp\/v2\/pages\/1378\/revisions"}],"wp:attachment":[{"href":"https:\/\/igualdad-constitucional.umh.es\/ca\/wp-json\/wp\/v2\/media?parent=1378"}],"curies":[{"name":"wp","href":"https:\/\/api.w.org\/{rel}","templated":true}]}}