{"id":16,"date":"2024-11-19T14:17:03","date_gmt":"2024-11-19T14:17:03","guid":{"rendered":"https:\/\/igualdad-constitucional.zeus.umh.es\/?page_id=16"},"modified":"2025-03-23T17:19:32","modified_gmt":"2025-03-23T16:19:32","slug":"home","status":"publish","type":"page","link":"https:\/\/igualdad-constitucional.umh.es\/ca\/","title":{"rendered":"Home"},"content":{"rendered":"<p>[et_pb_section fb_built=&#8221;1&#8243; _builder_version=&#8221;4.17.4&#8243; _module_preset=&#8221;default&#8221; background_image=&#8221;https:\/\/igualdad-constitucional.umh.es\/files\/2024\/11\/image-crop-200000000-8.jpg&#8221; parallax=&#8221;on&#8221; parallax_method=&#8221;off&#8221; box_shadow_style=&#8221;preset3&#8243; global_colors_info=&#8221;{}&#8221;][et_pb_row _builder_version=&#8221;4.17.4&#8243; _module_preset=&#8221;default&#8221; background_enable_color=&#8221;off&#8221; global_colors_info=&#8221;{}&#8221;][et_pb_column type=&#8221;4_4&#8243; _builder_version=&#8221;4.17.4&#8243; _module_preset=&#8221;default&#8221; global_colors_info=&#8221;{}&#8221;][et_pb_text _builder_version=&#8221;4.17.4&#8243; _module_preset=&#8221;default&#8221; text_font=&#8221;Abhaya Libre|700|||||||&#8221; text_font_size=&#8221;15px&#8221; header_font=&#8221;|700|||||||&#8221; header_text_color=&#8221;#000000&#8243; header_font_size=&#8221;49px&#8221; background_color=&#8221;rgba(255,255,255,0.83)&#8221; border_radii=&#8221;on|5px|5px|5px|5px&#8221; global_colors_info=&#8221;{}&#8221;]<\/p>\n<h1 class=\"claim cf\" style=\"text-align: center\"><span class=\"sit b claim-bg claim-wb playfair-display claim-46\"><span class=\"sit-w\"><span class=\"sit-c\"><\/span><\/span><\/span><\/h1>\n<h1 class=\"claim cf\" style=\"text-align: center\"><span class=\"sit b claim-bg claim-wb playfair-display claim-46\"><span class=\"sit-w\"><span class=\"sit-c\">Igualdad, derechos y garant\u00edas constitucionales<\/span><\/span><\/span><\/h1>\n<p>[\/et_pb_text][et_pb_divider show_divider=&#8221;off&#8221; _builder_version=&#8221;4.17.4&#8243; _module_preset=&#8221;default&#8221; max_width=&#8221;100%&#8221; min_height=&#8221;50px&#8221; global_colors_info=&#8221;{}&#8221;][\/et_pb_divider][\/et_pb_column][\/et_pb_row][\/et_pb_section][et_pb_section fb_built=&#8221;1&#8243; disabled_on=&#8221;on|on|off&#8221; _builder_version=&#8221;4.17.4&#8243; _module_preset=&#8221;default&#8221; background_enable_image=&#8221;off&#8221; background_blend=&#8221;lighten&#8221; global_colors_info=&#8221;{}&#8221;][et_pb_row column_structure=&#8221;3_5,2_5&#8243; disabled_on=&#8221;off|off|off&#8221; _builder_version=&#8221;4.17.4&#8243; _module_preset=&#8221;default&#8221; background_color=&#8221;#FFFFFF&#8221; max_width=&#8221;1400px&#8221; custom_margin=&#8221;|auto|-29px|auto||&#8221; border_width_all=&#8221;24px&#8221; border_color_all=&#8221;#FFFFFF&#8221; global_colors_info=&#8221;{}&#8221;][et_pb_column type=&#8221;3_5&#8243; _builder_version=&#8221;4.17.4&#8243; _module_preset=&#8221;default&#8221; global_colors_info=&#8221;{}&#8221;][et_pb_text _builder_version=&#8221;4.17.4&#8243; _module_preset=&#8221;default&#8221; text_text_color=&#8221;#000000&#8243; text_font_size=&#8221;17px&#8221; global_colors_info=&#8221;{}&#8221;]<\/p>\n<p class=\"wnd-align-justify\" style=\"text-align: justify\"><span class=\"wsw-02\"><strong>Bienvenidas y bienvenidos<\/strong> a una p\u00e1gina de apoyo para el estudio del Derecho constitucional, realizada mediante un <strong>proyecto de innovaci\u00f3n docente <\/strong>(<span>PIEU-B\/2024\/16) <\/span>del \u00e1rea de Derecho Constitucional.<\/span><\/p>\n<p class=\"wnd-align-justify\" style=\"text-align: justify\"><span style=\"font-size: 17px\">Este espacio tiene como objetivo acercar la informaci\u00f3n de la asignatura <em>Igualdad, derechos y garant\u00edas constitucionales<\/em> al estudiantado de una manera atractiva y din\u00e1mica, facilitando una mayor comprensi\u00f3n de sus contenidos, <\/span><span style=\"font-size: 17px\">no solo desde una perspectiva estrictamente jur\u00eddica, sino tambi\u00e9n desde su aproximaci\u00f3n al arte, a la cultura y a todas las formas de expresi\u00f3n que interact\u00faan con el Derecho Constitucional. <\/span><\/p>\n<p class=\"wnd-align-justify\" style=\"text-align: justify\"><span class=\"wsw-02\"><strong>Si deseas colaborar, no dudes en hacernos llegar pel\u00edculas, libros y reportajes, as\u00ed como noticias de actualidad y sentencias del Tribunal Constitucional <\/strong>relacionadas con el temario de la asignatura a trav\u00e9s del siguiente formulario: \ud83e\udc73<\/span><\/p>\n<p>[\/et_pb_text][\/et_pb_column][et_pb_column type=&#8221;2_5&#8243; _builder_version=&#8221;4.17.4&#8243; _module_preset=&#8221;default&#8221; global_colors_info=&#8221;{}&#8221;][et_pb_text _builder_version=&#8221;4.17.4&#8243; _module_preset=&#8221;default&#8221; text_text_color=&#8221;#000000&#8243; text_font_size=&#8221;17px&#8221; global_colors_info=&#8221;{}&#8221;]<\/p>\n<p style=\"text-align: justify\">\ud83d\udd0a \u00a1Escucha el podcast\u00a0<span style=\"color: #000000\"><a style=\"color: #000000\" href=\"https:\/\/radio.umh.es\/en\/category\/programas-radio-umh-2012-2013\/ciencia-economia-investigacion-medio-ambiente-y-tecnologia\/pactum\/\" target=\"_blank\" rel=\"noopener\"><strong>Pactum<\/strong><\/a><\/span>: otro proyecto de innovaci\u00f3n docente del \u00e1rea de Derecho Constitucional!<\/p>\n<p>[\/et_pb_text][et_pb_image src=&#8221;https:\/\/igualdad-constitucional.umh.es\/files\/2024\/11\/Programa-PACTUM-7.jpg&#8221; title_text=&#8221;Programa-PACTUM-7&#8243; url=&#8221;https:\/\/radio.umh.es\/en\/category\/programas-radio-umh-2012-2013\/ciencia-economia-investigacion-medio-ambiente-y-tecnologia\/pactum\/&#8221; url_new_window=&#8221;on&#8221; _builder_version=&#8221;4.17.4&#8243; _module_preset=&#8221;default&#8221; position_origin_f=&#8221;bottom_right&#8221; width=&#8221;54%&#8221; module_alignment=&#8221;center&#8221; global_colors_info=&#8221;{}&#8221;][\/et_pb_image][\/et_pb_column][\/et_pb_row][et_pb_row _builder_version=&#8221;4.17.4&#8243; _module_preset=&#8221;default&#8221; global_colors_info=&#8221;{}&#8221;][et_pb_column type=&#8221;4_4&#8243; _builder_version=&#8221;4.17.4&#8243; _module_preset=&#8221;default&#8221; global_colors_info=&#8221;{}&#8221;][et_pb_button button_url=&#8221;https:\/\/forms.gle\/yZaNRX2Xs8DutA8D8&#8243; url_new_window=&#8221;on&#8221; button_text=&#8221;\u2728 Formulario de recomendaciones \u2728&#8221; button_alignment=&#8221;center&#8221; _builder_version=&#8221;4.17.4&#8243; _module_preset=&#8221;default&#8221; custom_button=&#8221;on&#8221; button_text_color=&#8221;#000000&#8243; button_bg_color=&#8221;RGBA(255,255,255,0)&#8221; button_border_color=&#8221;#fdda35&#8243; button_border_radius=&#8221;12px&#8221; global_colors_info=&#8221;{}&#8221;][\/et_pb_button][\/et_pb_column][\/et_pb_row][et_pb_row _builder_version=&#8221;4.17.4&#8243; _module_preset=&#8221;default&#8221; background_color=&#8221;#FFFFFF&#8221; max_width=&#8221;1400px&#8221; custom_margin=&#8221;|auto|-39px|auto||&#8221; custom_padding=&#8221;4px|||||&#8221; border_width_all=&#8221;24px&#8221; border_color_all=&#8221;#FFFFFF&#8221; global_colors_info=&#8221;{}&#8221;][et_pb_column type=&#8221;4_4&#8243; _builder_version=&#8221;4.17.4&#8243; _module_preset=&#8221;default&#8221; global_colors_info=&#8221;{}&#8221;][et_pb_divider _builder_version=&#8221;4.17.4&#8243; _module_preset=&#8221;default&#8221; background_enable_color=&#8221;off&#8221; global_colors_info=&#8221;{}&#8221;][\/et_pb_divider][\/et_pb_column][\/et_pb_row][et_pb_row column_structure=&#8221;2_3,1_3&#8243; disabled_on=&#8221;off|off|off&#8221; _builder_version=&#8221;4.17.4&#8243; _module_preset=&#8221;default&#8221; background_color=&#8221;#FFFFFF&#8221; max_width=&#8221;1400px&#8221; border_width_all=&#8221;24px&#8221; border_color_all=&#8221;RGBA(255,255,255,0)&#8221; global_colors_info=&#8221;{}&#8221;][et_pb_column type=&#8221;2_3&#8243; _builder_version=&#8221;4.17.4&#8243; _module_preset=&#8221;default&#8221; global_colors_info=&#8221;{}&#8221;][et_pb_code _builder_version=&#8221;4.17.4&#8243; _module_preset=&#8221;default&#8221; text_orientation=&#8221;center&#8221; module_alignment=&#8221;center&#8221; global_colors_info=&#8221;{}&#8221;]\n<!-- iframe plugin v.4.5 wordpress.org\/plugins\/iframe\/ -->\n<iframe loading=\"lazy\" src=\"https:\/\/www.google.com\/maps\/embed?pb=!1m18!1m12!1m3!1d7449.786707420255!2d-0.6837941612810887!3d38.27370958680368!2m3!1f0!2f0!3f0!3m2!1i1024!2i768!4f13.1!3m3!1m2!1s0xd63b67d68d58b09%3A0xd46c1033672e913d!2sAvinguda%20de%20la%20Universitat%20d&#039;Elx%2C%20Elche%2C%20Alicante!5e0!3m2!1ses!2ses!4v1741256746425!5m2!1ses!2ses\" width=\"800\" height=\"315\" scrolling=\"yes\" class=\"iframe-class\" frameborder=\"0\"><\/iframe>\n[\/et_pb_code][\/et_pb_column][et_pb_column type=&#8221;1_3&#8243; _builder_version=&#8221;4.17.4&#8243; _module_preset=&#8221;default&#8221; global_colors_info=&#8221;{}&#8221;][et_pb_text _builder_version=&#8221;4.17.4&#8243; _module_preset=&#8221;default&#8221; header_3_font=&#8221;Abhaya Libre|700|||||||&#8221; header_3_font_size=&#8221;44px&#8221; custom_margin=&#8221;||10px||false|false&#8221; global_colors_info=&#8221;{}&#8221;]<\/p>\n<h3>Contacto<\/h3>\n<p>&nbsp;<\/p>\n<p><img loading=\"lazy\" class=\"wp-image-642 alignnone size-medium\" style=\"float: left\" src=\"https:\/\/igualdad-constitucional.umh.es\/files\/2024\/11\/posicion.png\" alt=\"\" width=\"25\" height=\"300\" \/><\/p>\n<div style=\"padding-left: 40px\"><a href=\"https:\/\/www.umh.es\/\" target=\"_blank\" rel=\"noopener\"><span style=\"text-decoration: underline\">Universidad Miguel Hernandez<\/span><\/a><br \/>Avinguda de la Universitat d&#8217;Elx, s\/n, 03202 Elche, Alicante<\/div>\n<p>[\/et_pb_text][et_pb_text _builder_version=&#8221;4.17.4&#8243; _module_preset=&#8221;default&#8221; header_3_font=&#8221;|700|||||||&#8221; header_3_font_size=&#8221;44px&#8221; custom_margin=&#8221;||10px||false|false&#8221; global_colors_info=&#8221;{}&#8221;]<\/p>\n<p><img loading=\"lazy\" class=\"wp-image-642 alignnone size-medium\" style=\"float: left\" src=\"https:\/\/igualdad-constitucional.umh.es\/files\/2024\/11\/carta.png\" alt=\"\" width=\"25\" height=\"300\" \/><\/p>\n<div style=\"padding-left: 40px\">\n<p><a href=\"mailto:igualdadconstitucional@umh.es\" target=\"_blank\" rel=\"noopener\"><span style=\"text-decoration: underline\">igualdadconstitucional@gmail.com<\/span><\/a><\/p>\n<\/div>\n<p>[\/et_pb_text][et_pb_text _builder_version=&#8221;4.17.4&#8243; _module_preset=&#8221;default&#8221; header_3_font=&#8221;|700|||||||&#8221; header_3_font_size=&#8221;44px&#8221; custom_margin=&#8221;||10px||false|false&#8221; global_colors_info=&#8221;{}&#8221;]<\/p>\n<p><img loading=\"lazy\" class=\"wp-image-642 alignnone size-medium\" style=\"float: left\" src=\"https:\/\/igualdad-constitucional.umh.es\/files\/2024\/11\/carta.png\" alt=\"\" width=\"25\" height=\"300\" \/><\/p>\n<div style=\"padding-left: 40px\">\n<p><a href=\"mailto:nuria.reche@umh.es\" target=\"_blank\" rel=\"noopener\"><span style=\"text-decoration: underline\">nuria.reche@umh.es<\/span><\/a><\/p>\n<\/div>\n<p>[\/et_pb_text][et_pb_text _builder_version=&#8221;4.17.4&#8243; _module_preset=&#8221;default&#8221; header_3_font=&#8221;|700|||||||&#8221; header_3_font_size=&#8221;44px&#8221; custom_margin=&#8221;||10px||false|false&#8221; global_colors_info=&#8221;{}&#8221;]<\/p>\n<p><img loading=\"lazy\" class=\"wp-image-642 alignnone size-medium\" style=\"float: left\" src=\"https:\/\/igualdad-constitucional.umh.es\/files\/2024\/11\/mundo.png\" alt=\"\" width=\"25\" height=\"300\" \/><\/p>\n<div style=\"padding-left: 40px\"><a href=\"https:\/\/derechoconstitucional.umh.es\/\" target=\"_blank\" rel=\"noopener\"><span style=\"text-decoration: underline\">Web del \u00e1rea de Derecho Constitucional<\/span><\/a><\/div>\n<p>[\/et_pb_text][et_pb_text _builder_version=&#8221;4.17.4&#8243; _module_preset=&#8221;default&#8221; header_3_font=&#8221;|700|||||||&#8221; header_3_font_size=&#8221;44px&#8221; custom_margin=&#8221;||10px||false|false&#8221; global_colors_info=&#8221;{}&#8221;]<\/p>\n<p><img loading=\"lazy\" class=\"wp-image-642 alignnone size-medium\" style=\"float: left\" src=\"https:\/\/igualdad-constitucional.umh.es\/files\/2024\/11\/ICON-X-amarillo.png\" alt=\"\" width=\"32\" height=\"300\" \/><\/p>\n<div style=\"padding-left: 40px\"><a href=\"https:\/\/twitter.com\/constiumh?lang=es\" target=\"_blank\" rel=\"noopener\"><span style=\"text-decoration: underline\">@constiumh<\/span><\/a><\/div>\n<p>[\/et_pb_text][\/et_pb_column][\/et_pb_row][\/et_pb_section][et_pb_section fb_built=&#8221;1&#8243; disabled_on=&#8221;off|off|on&#8221; _builder_version=&#8221;4.17.4&#8243; _module_preset=&#8221;default&#8221; background_enable_image=&#8221;off&#8221; background_blend=&#8221;lighten&#8221; hover_enabled=&#8221;0&#8243; global_colors_info=&#8221;{}&#8221; sticky_enabled=&#8221;0&#8243;][et_pb_row column_structure=&#8221;3_5,2_5&#8243; disabled_on=&#8221;off|off|off&#8221; _builder_version=&#8221;4.17.4&#8243; _module_preset=&#8221;default&#8221; background_color=&#8221;#FFFFFF&#8221; max_width=&#8221;1400px&#8221; custom_margin=&#8221;|auto|-29px|auto||&#8221; border_width_all=&#8221;24px&#8221; border_color_all=&#8221;#FFFFFF&#8221; global_colors_info=&#8221;{}&#8221;][et_pb_column type=&#8221;3_5&#8243; _builder_version=&#8221;4.17.4&#8243; _module_preset=&#8221;default&#8221; global_colors_info=&#8221;{}&#8221;][et_pb_text _builder_version=&#8221;4.17.4&#8243; _module_preset=&#8221;default&#8221; text_text_color=&#8221;#000000&#8243; text_font_size=&#8221;17px&#8221; global_colors_info=&#8221;{}&#8221;]<\/p>\n<p class=\"wnd-align-justify\" style=\"text-align: justify\"><span class=\"wsw-02\"><strong>Bienvenidas y bienvenidos<\/strong> a una p\u00e1gina de apoyo para el estudio del Derecho constitucional, realizada mediante un <strong>proyecto de innovaci\u00f3n docente <\/strong>(<span>PIEU-B\/2024\/16) <\/span>del \u00e1rea de Derecho Constitucional.<\/span><\/p>\n<p class=\"wnd-align-justify\" style=\"text-align: justify\"><span style=\"font-size: 17px\">Este espacio tiene como objetivo acercar la informaci\u00f3n de la asignatura <em>Igualdad, derechos y garant\u00edas constitucionales<\/em> al estudiantado de una manera atractiva y din\u00e1mica, facilitando una mayor comprensi\u00f3n de sus contenidos, <\/span><span style=\"font-size: 17px\">no solo desde una perspectiva estrictamente jur\u00eddica, sino tambi\u00e9n desde su aproximaci\u00f3n al arte, a la cultura y a todas las formas de expresi\u00f3n que interact\u00faan con el Derecho Constitucional. <\/span><\/p>\n<p class=\"wnd-align-justify\" style=\"text-align: justify\"><span class=\"wsw-02\"><strong>Si deseas colaborar, no dudes en hacernos llegar pel\u00edculas, libros y reportajes, as\u00ed como noticias de actualidad y sentencias del Tribunal Constitucional <\/strong>relacionadas con el temario de la asignatura a trav\u00e9s del siguiente formulario: \ud83e\udc73<\/span><\/p>\n<p>[\/et_pb_text][et_pb_button button_url=&#8221;https:\/\/forms.gle\/yZaNRX2Xs8DutA8D8&#8243; url_new_window=&#8221;on&#8221; button_text=&#8221;\u2728 Formulario de recomendaciones \u2728&#8221; button_alignment=&#8221;center&#8221; _builder_version=&#8221;4.17.4&#8243; _module_preset=&#8221;default&#8221; custom_button=&#8221;on&#8221; button_text_color=&#8221;#000000&#8243; button_bg_color=&#8221;RGBA(255,255,255,0)&#8221; button_border_color=&#8221;#fdda35&#8243; button_border_radius=&#8221;12px&#8221; global_colors_info=&#8221;{}&#8221;][\/et_pb_button][\/et_pb_column][et_pb_column type=&#8221;2_5&#8243; _builder_version=&#8221;4.17.4&#8243; _module_preset=&#8221;default&#8221; global_colors_info=&#8221;{}&#8221;][et_pb_text _builder_version=&#8221;4.17.4&#8243; _module_preset=&#8221;default&#8221; text_text_color=&#8221;#000000&#8243; text_font_size=&#8221;17px&#8221; global_colors_info=&#8221;{}&#8221;]<\/p>\n<p style=\"text-align: justify\">\ud83d\udd0a \u00a1Escucha el podcast\u00a0<span style=\"color: #000000\"><a style=\"color: #000000\" href=\"https:\/\/radio.umh.es\/en\/category\/programas-radio-umh-2012-2013\/ciencia-economia-investigacion-medio-ambiente-y-tecnologia\/pactum\/\" target=\"_blank\" rel=\"noopener\"><strong>Pactum<\/strong><\/a><\/span>: otro proyecto de innovaci\u00f3n docente del \u00e1rea de Derecho Constitucional!<\/p>\n<p>[\/et_pb_text][et_pb_image src=&#8221;https:\/\/igualdad-constitucional.umh.es\/files\/2024\/11\/Programa-PACTUM-7.jpg&#8221; title_text=&#8221;Programa-PACTUM-7&#8243; url=&#8221;https:\/\/radio.umh.es\/en\/category\/programas-radio-umh-2012-2013\/ciencia-economia-investigacion-medio-ambiente-y-tecnologia\/pactum\/&#8221; url_new_window=&#8221;on&#8221; _builder_version=&#8221;4.17.4&#8243; _module_preset=&#8221;default&#8221; position_origin_f=&#8221;bottom_right&#8221; width=&#8221;54%&#8221; module_alignment=&#8221;center&#8221; global_colors_info=&#8221;{}&#8221;][\/et_pb_image][\/et_pb_column][\/et_pb_row][et_pb_row _builder_version=&#8221;4.17.4&#8243; _module_preset=&#8221;default&#8221; background_color=&#8221;#FFFFFF&#8221; max_width=&#8221;1400px&#8221; custom_margin=&#8221;|auto|-39px|auto||&#8221; custom_padding=&#8221;4px|||||&#8221; border_width_all=&#8221;24px&#8221; border_color_all=&#8221;#FFFFFF&#8221; global_colors_info=&#8221;{}&#8221;][et_pb_column type=&#8221;4_4&#8243; _builder_version=&#8221;4.17.4&#8243; _module_preset=&#8221;default&#8221; global_colors_info=&#8221;{}&#8221;][et_pb_divider _builder_version=&#8221;4.17.4&#8243; _module_preset=&#8221;default&#8221; background_enable_color=&#8221;off&#8221; global_colors_info=&#8221;{}&#8221;][\/et_pb_divider][\/et_pb_column][\/et_pb_row][et_pb_row column_structure=&#8221;2_3,1_3&#8243; disabled_on=&#8221;off|off|off&#8221; _builder_version=&#8221;4.17.4&#8243; _module_preset=&#8221;default&#8221; background_color=&#8221;#FFFFFF&#8221; max_width=&#8221;1400px&#8221; border_width_all=&#8221;24px&#8221; border_color_all=&#8221;RGBA(255,255,255,0)&#8221; global_colors_info=&#8221;{}&#8221;][et_pb_column type=&#8221;2_3&#8243; _builder_version=&#8221;4.17.4&#8243; _module_preset=&#8221;default&#8221; global_colors_info=&#8221;{}&#8221;][et_pb_code _builder_version=&#8221;4.17.4&#8243; _module_preset=&#8221;default&#8221; text_orientation=&#8221;center&#8221; module_alignment=&#8221;center&#8221; global_colors_info=&#8221;{}&#8221;]\n<!-- iframe plugin v.4.5 wordpress.org\/plugins\/iframe\/ -->\n<iframe loading=\"lazy\" src=\"https:\/\/www.google.com\/maps\/embed?pb=!1m18!1m12!1m3!1d7449.786707420255!2d-0.6837941612810887!3d38.27370958680368!2m3!1f0!2f0!3f0!3m2!1i1024!2i768!4f13.1!3m3!1m2!1s0xd63b67d68d58b09%3A0xd46c1033672e913d!2sAvinguda%20de%20la%20Universitat%20d&#039;Elx%2C%20Elche%2C%20Alicante!5e0!3m2!1ses!2ses!4v1741256746425!5m2!1ses!2ses\" width=\"800\" height=\"315\" scrolling=\"yes\" class=\"iframe-class\" frameborder=\"0\"><\/iframe>\n[\/et_pb_code][\/et_pb_column][et_pb_column type=&#8221;1_3&#8243; _builder_version=&#8221;4.17.4&#8243; _module_preset=&#8221;default&#8221; global_colors_info=&#8221;{}&#8221;][et_pb_text _builder_version=&#8221;4.17.4&#8243; _module_preset=&#8221;default&#8221; header_3_font=&#8221;Abhaya Libre|700|||||||&#8221; header_3_font_size=&#8221;44px&#8221; custom_margin=&#8221;||10px||false|false&#8221; global_colors_info=&#8221;{}&#8221;]<\/p>\n<h3>Contacto<\/h3>\n<p>&nbsp;<\/p>\n<p><img loading=\"lazy\" class=\"wp-image-642 alignnone size-medium\" style=\"float: left\" src=\"https:\/\/igualdad-constitucional.umh.es\/files\/2024\/11\/posicion.png\" alt=\"\" width=\"25\" height=\"300\" \/><\/p>\n<div style=\"padding-left: 40px\"><a href=\"https:\/\/www.umh.es\/\" target=\"_blank\" rel=\"noopener\"><span style=\"text-decoration: underline\">Universidad Miguel Hernandez<\/span><\/a><br \/>Avinguda de la Universitat d&#8217;Elx, s\/n, 03202 Elche, Alicante<\/div>\n<p>[\/et_pb_text][et_pb_text _builder_version=&#8221;4.17.4&#8243; _module_preset=&#8221;default&#8221; header_3_font=&#8221;|700|||||||&#8221; header_3_font_size=&#8221;44px&#8221; custom_margin=&#8221;||10px||false|false&#8221; global_colors_info=&#8221;{}&#8221;]<\/p>\n<p><img loading=\"lazy\" class=\"wp-image-642 alignnone size-medium\" style=\"float: left\" src=\"https:\/\/igualdad-constitucional.umh.es\/files\/2024\/11\/carta.png\" alt=\"\" width=\"25\" height=\"300\" \/><\/p>\n<div style=\"padding-left: 40px\">\n<p><a href=\"mailto:igualdadconstitucional@umh.es\" target=\"_blank\" rel=\"noopener\"><span style=\"text-decoration: underline\">igualdadconstitucional@gmail.com<\/span><\/a><\/p>\n<\/div>\n<p>[\/et_pb_text][et_pb_text _builder_version=&#8221;4.17.4&#8243; _module_preset=&#8221;default&#8221; header_3_font=&#8221;|700|||||||&#8221; header_3_font_size=&#8221;44px&#8221; custom_margin=&#8221;||10px||false|false&#8221; global_colors_info=&#8221;{}&#8221;]<\/p>\n<p><img loading=\"lazy\" class=\"wp-image-642 alignnone size-medium\" style=\"float: left\" src=\"https:\/\/igualdad-constitucional.umh.es\/files\/2024\/11\/carta.png\" alt=\"\" width=\"25\" height=\"300\" \/><\/p>\n<div style=\"padding-left: 40px\">\n<p><a href=\"mailto:nuria.reche@umh.es\" target=\"_blank\" rel=\"noopener\"><span style=\"text-decoration: underline\">nuria.reche@umh.es<\/span><\/a><\/p>\n<\/div>\n<p>[\/et_pb_text][et_pb_text _builder_version=&#8221;4.17.4&#8243; _module_preset=&#8221;default&#8221; header_3_font=&#8221;|700|||||||&#8221; header_3_font_size=&#8221;44px&#8221; custom_margin=&#8221;||10px||false|false&#8221; global_colors_info=&#8221;{}&#8221;]<\/p>\n<p><img loading=\"lazy\" class=\"wp-image-642 alignnone size-medium\" style=\"float: left\" src=\"https:\/\/igualdad-constitucional.umh.es\/files\/2024\/11\/mundo.png\" alt=\"\" width=\"25\" height=\"300\" \/><\/p>\n<div style=\"padding-left: 40px\"><a href=\"https:\/\/derechoconstitucional.umh.es\/\" target=\"_blank\" rel=\"noopener\"><span style=\"text-decoration: underline\">Web del \u00e1rea de Derecho Constitucional<\/span><\/a><\/div>\n<p>[\/et_pb_text][et_pb_text _builder_version=&#8221;4.17.4&#8243; _module_preset=&#8221;default&#8221; header_3_font=&#8221;|700|||||||&#8221; header_3_font_size=&#8221;44px&#8221; custom_margin=&#8221;||10px||false|false&#8221; global_colors_info=&#8221;{}&#8221;]<\/p>\n<p><img loading=\"lazy\" class=\"wp-image-642 alignnone size-medium\" style=\"float: left\" src=\"https:\/\/igualdad-constitucional.umh.es\/files\/2024\/11\/ICON-X-amarillo.png\" alt=\"\" width=\"32\" height=\"300\" \/><\/p>\n<div style=\"padding-left: 40px\"><a href=\"https:\/\/twitter.com\/constiumh?lang=es\" target=\"_blank\" rel=\"noopener\"><span style=\"text-decoration: underline\">@constiumh<\/span><\/a><\/div>\n<p>[\/et_pb_text][\/et_pb_column][\/et_pb_row][\/et_pb_section][et_pb_section fb_built=&#8221;1&#8243; _builder_version=&#8221;4.17.4&#8243; _module_preset=&#8221;default&#8221; max_height=&#8221;198px&#8221; custom_margin=&#8221;-132px||||false|false&#8221; global_colors_info=&#8221;{}&#8221;][et_pb_row _builder_version=&#8221;4.17.4&#8243; _module_preset=&#8221;default&#8221; max_width=&#8221;1012px&#8221; custom_margin=&#8221;11px||11px||true|false&#8221; global_colors_info=&#8221;{}&#8221;][et_pb_column type=&#8221;4_4&#8243; _builder_version=&#8221;4.17.4&#8243; _module_preset=&#8221;default&#8221; global_colors_info=&#8221;{}&#8221;][et_pb_text _builder_version=&#8221;4.17.4&#8243; _module_preset=&#8221;default&#8221; text_font=&#8221;Abel||||||||&#8221; background_enable_color=&#8221;off&#8221; global_colors_info=&#8221;{}&#8221;]<\/p>\n<p style=\"text-align: center\"><span class=\"wsw-02\">Profesora responsable Nuria Reche Tello. Colaboradores: <span>Rosario Tur Ausina; Ana Isabel Orts Rodr\u00edguez; Cristina Ortega Gim\u00e9nez; Francisco Sanjuan.<\/span><\/span><\/p>\n<p style=\"text-align: center\"><span class=\"wsw-02\">Esta p\u00e1gina la realiz\u00f3 <strong>Antonio H\u00e9ctor P\u00e9rez Maci\u00e1<\/strong>, graduado en Derecho y Publicidad, y la ha actualizado <strong>Julia M. Zinni<\/strong>, estudiante del grado en Derecho y graduada en CAUP en la UMH, ambos bajo la tutorizaci\u00f3n de la profesora de Derecho constitucional <strong>Nuria Reche Tello<\/strong>, en virtud del convenio de pr\u00e1cticas establecido, para el apoyo docente del estudio del Derecho Constitucional. <\/span><\/p>\n<p>[\/et_pb_text][\/et_pb_column][\/et_pb_row][\/et_pb_section]<\/p>\n","protected":false},"excerpt":{"rendered":"<p>Igualdad, derechos y garant\u00edas constitucionalesBienvenidas y bienvenidos a una p\u00e1gina de apoyo para el estudio del Derecho constitucional, realizada mediante un proyecto de innovaci\u00f3n docente (PIEU-B\/2024\/16) del \u00e1rea de Derecho Constitucional. Este espacio tiene como objetivo acercar la informaci\u00f3n de la asignatura Igualdad, derechos y garant\u00edas constitucionales al estudiantado de una manera atractiva y din\u00e1mica, [&hellip;]<\/p>\n","protected":false},"author":90,"featured_media":0,"parent":0,"menu_order":0,"comment_status":"closed","ping_status":"closed","template":"","meta":{"_et_pb_use_builder":"on","_et_pb_old_content":"","_et_gb_content_width":"","_links_to":"","_links_to_target":""},"_links":{"self":[{"href":"https:\/\/igualdad-constitucional.umh.es\/ca\/wp-json\/wp\/v2\/pages\/16"}],"collection":[{"href":"https:\/\/igualdad-constitucional.umh.es\/ca\/wp-json\/wp\/v2\/pages"}],"about":[{"href":"https:\/\/igualdad-constitucional.umh.es\/ca\/wp-json\/wp\/v2\/types\/page"}],"author":[{"embeddable":true,"href":"https:\/\/igualdad-constitucional.umh.es\/ca\/wp-json\/wp\/v2\/users\/90"}],"replies":[{"embeddable":true,"href":"https:\/\/igualdad-constitucional.umh.es\/ca\/wp-json\/wp\/v2\/comments?post=16"}],"version-history":[{"count":0,"href":"https:\/\/igualdad-constitucional.umh.es\/ca\/wp-json\/wp\/v2\/pages\/16\/revisions"}],"wp:attachment":[{"href":"https:\/\/igualdad-constitucional.umh.es\/ca\/wp-json\/wp\/v2\/media?parent=16"}],"curies":[{"name":"wp","href":"https:\/\/api.w.org\/{rel}","templated":true}]}}