{"id":418,"date":"2024-11-28T08:32:52","date_gmt":"2024-11-28T07:32:52","guid":{"rendered":"https:\/\/igualdad-constitucional.umh.es\/?page_id=418"},"modified":"2025-04-28T12:05:42","modified_gmt":"2025-04-28T10:05:42","slug":"t6-el-principio-de-igualdad-y-no-discriminacion","status":"publish","type":"page","link":"https:\/\/igualdad-constitucional.umh.es\/ca\/t6-el-principio-de-igualdad-y-no-discriminacion\/","title":{"rendered":"<span lang=\"es\">(Espa\u00f1ol) T6. El principio de igualdad y no discriminaci\u00f3n<\/span>"},"content":{"rendered":"<p>[et_pb_section fb_built=&#8221;1&#8243; _builder_version=&#8221;4.17.4&#8243; _module_preset=&#8221;default&#8221; background_enable_pattern_style=&#8221;on&#8221; background_pattern_style=&#8221;scallops&#8221; background_pattern_color=&#8221;rgba(0,0,0,0.03)&#8221; global_colors_info=&#8221;{}&#8221;][et_pb_row _builder_version=&#8221;4.17.4&#8243; _module_preset=&#8221;default&#8221; global_colors_info=&#8221;{}&#8221;][et_pb_column type=&#8221;4_4&#8243; _builder_version=&#8221;4.17.4&#8243; _module_preset=&#8221;default&#8221; global_colors_info=&#8221;{}&#8221;][et_pb_text _builder_version=&#8221;4.17.4&#8243; _module_preset=&#8221;default&#8221; text_font=&#8221;|700|||||||&#8221; text_text_color=&#8221;#fdda35&#8243; text_font_size=&#8221;27px&#8221; text_orientation=&#8221;center&#8221; global_colors_info=&#8221;{}&#8221;]<\/p>\n<p>Igualdad, derechos y garant\u00edas constitucionales<\/p>\n<p>[\/et_pb_text][et_pb_text _builder_version=&#8221;4.17.4&#8243; _module_preset=&#8221;default&#8221; text_font=&#8221;Abhaya Libre|600|||||||&#8221; text_text_color=&#8221;#000000&#8243; text_font_size=&#8221;45px&#8221; global_colors_info=&#8221;{}&#8221;]<\/p>\n<p style=\"text-align: center\"><span style=\"color: #fdda35\"><strong>\u2014<\/strong><\/span>\u00a0 T6. El principio de igualdad y no discriminaci\u00f3n\u00a0 <span style=\"color: #fdda35\"><strong>\u2014<\/strong><\/span><\/p>\n<p>[\/et_pb_text][et_pb_text _builder_version=&#8221;4.17.4&#8243; _module_preset=&#8221;default&#8221; text_font=&#8221;Abhaya Libre||||||||&#8221; text_text_color=&#8221;#fdda35&#8243; text_font_size=&#8221;36px&#8221; text_orientation=&#8221;center&#8221; global_colors_info=&#8221;{}&#8221;]<\/p>\n<p><span style=\"color: #000000\">\u2014<\/span> UD2. El sistema de Derechos Fundamentales <span style=\"color: #000000\">\u2014<\/span><\/p>\n<p>[\/et_pb_text][et_pb_divider show_divider=&#8221;off&#8221; _builder_version=&#8221;4.17.4&#8243; _module_preset=&#8221;default&#8221; global_colors_info=&#8221;{}&#8221;][\/et_pb_divider][et_pb_button button_url=&#8221;@ET-DC@eyJkeW5hbWljIjp0cnVlLCJjb250ZW50IjoicG9zdF9saW5rX3VybF9wYWdlIiwic2V0dGluZ3MiOnsicG9zdF9pZCI6IjY5NSJ9fQ==@&#8221; button_text=&#8221;\u2728 Recomendaciones T6 \u2728&#8221; button_alignment=&#8221;center&#8221; _builder_version=&#8221;4.17.4&#8243; _dynamic_attributes=&#8221;button_url&#8221; _module_preset=&#8221;default&#8221; custom_button=&#8221;on&#8221; button_text_color=&#8221;#000000&#8243; button_bg_color=&#8221;RGBA(255,255,255,0)&#8221; button_border_color=&#8221;#fdda35&#8243; button_border_radius=&#8221;12px&#8221; global_colors_info=&#8221;{}&#8221;][\/et_pb_button][\/et_pb_column][\/et_pb_row][\/et_pb_section][et_pb_section fb_built=&#8221;1&#8243; _builder_version=&#8221;4.17.4&#8243; _module_preset=&#8221;default&#8221; custom_padding=&#8221;||9px|||&#8221; global_colors_info=&#8221;{}&#8221;][et_pb_row _builder_version=&#8221;4.17.4&#8243; _module_preset=&#8221;default&#8221; background_color=&#8221;#ffffff&#8221; border_width_all=&#8221;13px&#8221; border_color_all=&#8221;#ffffff&#8221; box_shadow_style=&#8221;preset1&#8243; global_colors_info=&#8221;{}&#8221;][et_pb_column type=&#8221;4_4&#8243; _builder_version=&#8221;4.17.4&#8243; _module_preset=&#8221;default&#8221; global_colors_info=&#8221;{}&#8221;][et_pb_text _builder_version=&#8221;4.17.4&#8243; _module_preset=&#8221;default&#8221; text_font=&#8221;||||||||&#8221; text_text_color=&#8221;#000000&#8243; text_font_size=&#8221;17px&#8221; text_line_height=&#8221;1.6em&#8221; custom_margin=&#8221;25px|60px||60px|false|false&#8221; custom_padding=&#8221;||||false|false&#8221; global_colors_info=&#8221;{}&#8221;]<\/p>\n<p style=\"text-align: justify\">El <strong>principio de igualdad<\/strong> se recoge como valor (art. 1.1), principio (art. 9.2) y derecho (art. 14).<\/p>\n<p>[\/et_pb_text][et_pb_toggle title=&#8221;CE. T\u00edtulo preliminar y T\u00edtulo I.&#8221; open_toggle_text_color=&#8221;#000000&#8243; _builder_version=&#8221;4.17.4&#8243; _module_preset=&#8221;default&#8221; title_text_color=&#8221;#000000&#8243; title_font=&#8221;Abhaya Libre|700|||||||&#8221; title_font_size=&#8221;27px&#8221; width=&#8221;71%&#8221; module_alignment=&#8221;center&#8221; border_radii=&#8221;on|10px|10px|10px|10px&#8221; border_width_all=&#8221;0px&#8221; global_colors_info=&#8221;{}&#8221;]<\/p>\n<div class=\"mt-faq-text\">\n<div class=\"b-s-t50 b-s-b50\">\n<div class=\"b b-text cf\">\n<div class=\"b-c b-text-c b-s b-s-t60 b-s-b60 b-cs cf\">\n<blockquote><\/blockquote>\n<p><span style=\"color: #333333;font-size: 18px\"><strong>T\u00cdTULO PRELIMINAR<\/strong><\/span><span style=\"font-size: 14px\">\u00a0<\/span><\/p>\n<blockquote>\n<p><strong><span class=\"wnd-font-size-120 wsw-02\" data-j-w=\"false\">Art\u00edculo 1<\/span><\/strong><\/p>\n<\/blockquote>\n<p style=\"text-align: justify\"><span style=\"font-size: 14px;text-align: justify\">1. Espa\u00f1a se constituye en un Estado social y democr\u00e1tico de Derecho, que propugna como <strong>valores superiores de su ordenamiento jur\u00eddico<\/strong> la libertad, la justicia, <strong>la igualdad<\/strong> y el pluralismo pol\u00edtico.<\/span><\/p>\n<p style=\"text-align: justify\"><span style=\"font-size: 14px;text-align: justify\">2. La soberan\u00eda nacional reside en el pueblo espa\u00f1ol, del que emanan los poderes del Estado.<\/span><\/p>\n<p style=\"text-align: justify\"><span style=\"font-size: 14px;text-align: justify\">3. La forma pol\u00edtica del Estado espa\u00f1ol es la Monarqu\u00eda parlamentaria.<\/span><\/p>\n<blockquote>\n<p class=\"wnd-align-justify\"><span class=\"wsw-02\"><strong><span class=\"wnd-font-size-120\" data-j-w=\"false\">Art\u00edculo 9<\/span><\/strong><\/span><\/p>\n<\/blockquote>\n<div class=\"bloque\" id=\"a9\">\n<p class=\"parrafo\" style=\"text-align: justify\">1. Los ciudadanos y los poderes p\u00fablicos est\u00e1n sujetos a la Constituci\u00f3n y al resto del ordenamiento jur\u00eddico.<\/p>\n<p class=\"parrafo\" style=\"text-align: justify\">2. <strong>Corresponde a los poderes p\u00fablicos promover las condiciones para que la libertad y la igualdad del individuo y de los grupos en que se integra sean reales y efectivas<\/strong>; <span style=\"text-decoration: underline\">remover los obst\u00e1culos<\/span> que impidan o dificulten su plenitud <span style=\"text-decoration: underline\">y facilitar la participaci\u00f3n<\/span> de todos los ciudadanos en la vida pol\u00edtica, econ\u00f3mica, cultural y social.<\/p>\n<p class=\"parrafo\" style=\"text-align: justify\">3. La Constituci\u00f3n garantiza el principio de legalidad, la jerarqu\u00eda normativa, la publicidad de las normas, la irretroactividad de las disposiciones sancionadoras no favorables o restrictivas de derechos individuales, la seguridad jur\u00eddica, la responsabilidad y la interdicci\u00f3n de la arbitrariedad de los poderes p\u00fablicos.<\/p>\n<p><span style=\"color: #333333;font-size: 18px\"><strong><\/strong><\/span><\/p>\n<p><span style=\"color: #333333;font-size: 18px\"><strong>T\u00cdTULO I. DE LOS DERECHOS Y DEBERES FUNDAMENTALES<\/strong><\/span><\/p>\n<\/div>\n<p class=\"wnd-align-justify\">\n<blockquote>\n<p class=\"wnd-align-justify\"><strong>Art\u00edculo 14<\/strong><\/p>\n<\/blockquote>\n<p class=\"wnd-align-justify\" style=\"text-align: justify\"><span>Los <strong>espa\u00f1oles son iguales ante la ley<\/strong>, sin que pueda prevalecer discriminaci\u00f3n alguna por raz\u00f3n de nacimiento, raza, sexo, religi\u00f3n, opini\u00f3n o cualquier otra condici\u00f3n o circunstancia personal o social.<\/span><\/p>\n<p class=\"wnd-align-justify\"><span class=\"wsw-02\"><strong><span class=\"wnd-font-size-120\" data-j-w=\"false\"><\/span><\/strong><\/span><\/p>\n<\/div>\n<\/div>\n<\/div>\n<\/div>\n<p>[\/et_pb_toggle][et_pb_text _builder_version=&#8221;4.17.4&#8243; _module_preset=&#8221;default&#8221; text_font=&#8221;||||||||&#8221; text_text_color=&#8221;#000000&#8243; text_font_size=&#8221;17px&#8221; text_line_height=&#8221;1.6em&#8221; custom_margin=&#8221;25px|60px||60px|false|false&#8221; custom_padding=&#8221;||||false|false&#8221; global_colors_info=&#8221;{}&#8221;]<\/p>\n<p style=\"text-align: justify\"><span style=\"font-weight: 400\">Visualiza &#8220;<span style=\"text-decoration: underline\"><a href=\"https:\/\/drive.google.com\/file\/d\/17JspuCuDZb7tWh1wzHo0HSnVRvS9pNs7\/view?usp=sharing\">las olas feministas a lo largo de la historia<\/a><\/span>&#8221; y consulta el <span style=\"text-decoration: underline\"><a href=\"https:\/\/www.proyectodivisar.com\/recursos\"><em>dossier<\/em><\/a><\/span> sobre violencia sexual digital en Espa\u00f1a.<\/span><\/p>\n<p>[\/et_pb_text][et_pb_button button_url=&#8221;https:\/\/drive.google.com\/file\/d\/1M7EwJI2MCzEv4hp51M12LpSeN3Ehaxv1\/view?usp=sharing&#8221; url_new_window=&#8221;on&#8221; button_text=&#8221;V\u00eddeo: las mujeres y la Constituci\u00f3n&#8221; button_alignment=&#8221;center&#8221; _builder_version=&#8221;4.17.4&#8243; _module_preset=&#8221;default&#8221; custom_button=&#8221;on&#8221; button_text_color=&#8221;#000000&#8243; button_bg_color=&#8221;#ffffff&#8221; button_border_width=&#8221;0px&#8221; button_border_radius=&#8221;10px&#8221; hover_enabled=&#8221;0&#8243; box_shadow_style=&#8221;preset1&#8243; box_shadow_spread=&#8221;6px&#8221; locked=&#8221;off&#8221; global_colors_info=&#8221;{}&#8221; theme_builder_area=&#8221;post_content&#8221; sticky_enabled=&#8221;0&#8243;][\/et_pb_button][et_pb_text _builder_version=&#8221;4.17.4&#8243; _module_preset=&#8221;default&#8221; global_colors_info=&#8221;{}&#8221;]<\/p>\n<p style=\"text-align: center\">\n<p>[\/et_pb_text][\/et_pb_column][\/et_pb_row][\/et_pb_section][et_pb_section fb_built=&#8221;1&#8243; _builder_version=&#8221;4.17.4&#8243; _module_preset=&#8221;default&#8221; background_enable_pattern_style=&#8221;on&#8221; background_pattern_style=&#8221;scallops&#8221; background_pattern_color=&#8221;rgba(0,0,0,0.03)&#8221; global_colors_info=&#8221;{}&#8221;][et_pb_row _builder_version=&#8221;4.17.4&#8243; _module_preset=&#8221;default&#8221; global_colors_info=&#8221;{}&#8221;][et_pb_column type=&#8221;4_4&#8243; _builder_version=&#8221;4.17.4&#8243; _module_preset=&#8221;default&#8221; global_colors_info=&#8221;{}&#8221;][et_pb_code _builder_version=&#8221;4.17.4&#8243; _module_preset=&#8221;default&#8221; global_colors_info=&#8221;{}&#8221;]\n<!-- iframe plugin v.4.5 wordpress.org\/plugins\/iframe\/ -->\n<iframe loading=\"lazy\" src=\"https:\/\/view.genially.com\/67c47f121a3931fc18808772\" width=\"1200\" height=\"675\" scrolling=\"yes\" class=\"iframe-class\" frameborder=\"0\"><\/iframe>\n<!-- [et_pb_line_break_holder] -->[\/et_pb_code][\/et_pb_column][\/et_pb_row][\/et_pb_section][et_pb_section fb_built=&#8221;1&#8243; _builder_version=&#8221;4.17.4&#8243; _module_preset=&#8221;default&#8221; global_colors_info=&#8221;{}&#8221;][et_pb_row _builder_version=&#8221;4.17.4&#8243; _module_preset=&#8221;default&#8221; global_colors_info=&#8221;{}&#8221;][et_pb_column type=&#8221;4_4&#8243; _builder_version=&#8221;4.17.4&#8243; _module_preset=&#8221;default&#8221; global_colors_info=&#8221;{}&#8221;][et_pb_code _builder_version=&#8221;4.17.4&#8243; _module_preset=&#8221;default&#8221; global_colors_info=&#8221;{}&#8221;]\n<!-- iframe plugin v.4.5 wordpress.org\/plugins\/iframe\/ -->\n<iframe loading=\"lazy\" src=\"https:\/\/embed.kahoot.it\/1d99ec2d-1ff6-486c-8eea-d75016d38360\" width=\"1200\" height=\"250\" scrolling=\"yes\" class=\"iframe-class\" frameborder=\"0\"><\/iframe>\n[\/et_pb_code][\/et_pb_column][\/et_pb_row][\/et_pb_section]<\/p>\n","protected":false},"excerpt":{"rendered":"<p>Igualdad, derechos y garant\u00edas constitucionales\u2014\u00a0 T6. El principio de igualdad y no discriminaci\u00f3n\u00a0 \u2014\u2014 UD2. El sistema de Derechos Fundamentales \u2014El principio de igualdad se recoge como valor (art. 1.1), principio (art. 9.2) y derecho (art. 14). T\u00cdTULO PRELIMINAR\u00a0 Art\u00edculo 1 1. Espa\u00f1a se constituye en un Estado social y democr\u00e1tico de Derecho, que propugna [&hellip;]<\/p>\n","protected":false},"author":3782,"featured_media":0,"parent":0,"menu_order":0,"comment_status":"closed","ping_status":"closed","template":"","meta":{"_et_pb_use_builder":"on","_et_pb_old_content":"","_et_gb_content_width":"","_links_to":"","_links_to_target":""},"_links":{"self":[{"href":"https:\/\/igualdad-constitucional.umh.es\/ca\/wp-json\/wp\/v2\/pages\/418"}],"collection":[{"href":"https:\/\/igualdad-constitucional.umh.es\/ca\/wp-json\/wp\/v2\/pages"}],"about":[{"href":"https:\/\/igualdad-constitucional.umh.es\/ca\/wp-json\/wp\/v2\/types\/page"}],"author":[{"embeddable":true,"href":"https:\/\/igualdad-constitucional.umh.es\/ca\/wp-json\/wp\/v2\/users\/3782"}],"replies":[{"embeddable":true,"href":"https:\/\/igualdad-constitucional.umh.es\/ca\/wp-json\/wp\/v2\/comments?post=418"}],"version-history":[{"count":0,"href":"https:\/\/igualdad-constitucional.umh.es\/ca\/wp-json\/wp\/v2\/pages\/418\/revisions"}],"wp:attachment":[{"href":"https:\/\/igualdad-constitucional.umh.es\/ca\/wp-json\/wp\/v2\/media?parent=418"}],"curies":[{"name":"wp","href":"https:\/\/api.w.org\/{rel}","templated":true}]}}