{"id":451,"date":"2024-11-28T08:44:06","date_gmt":"2024-11-28T07:44:06","guid":{"rendered":"https:\/\/igualdad-constitucional.umh.es\/?page_id=451"},"modified":"2025-03-31T19:26:31","modified_gmt":"2025-03-31T17:26:31","slug":"t10-la-suspension-de-los-derechos","status":"publish","type":"page","link":"https:\/\/igualdad-constitucional.umh.es\/ca\/t10-la-suspension-de-los-derechos\/","title":{"rendered":"Borrador autom\u00e1tico"},"content":{"rendered":"<p>[et_pb_section fb_built=&#8221;1&#8243; _builder_version=&#8221;4.17.4&#8243; _module_preset=&#8221;default&#8221; background_enable_pattern_style=&#8221;on&#8221; background_pattern_style=&#8221;scallops&#8221; background_pattern_color=&#8221;rgba(0,0,0,0.03)&#8221; global_colors_info=&#8221;{}&#8221;][et_pb_row _builder_version=&#8221;4.17.4&#8243; _module_preset=&#8221;default&#8221; global_colors_info=&#8221;{}&#8221;][et_pb_column type=&#8221;4_4&#8243; _builder_version=&#8221;4.17.4&#8243; _module_preset=&#8221;default&#8221; global_colors_info=&#8221;{}&#8221;][et_pb_text _builder_version=&#8221;4.17.4&#8243; _module_preset=&#8221;default&#8221; text_font=&#8221;|700|||||||&#8221; text_text_color=&#8221;#fdda35&#8243; text_font_size=&#8221;27px&#8221; text_orientation=&#8221;center&#8221; global_colors_info=&#8221;{}&#8221;]<\/p>\n<p>Igualdad, derechos y garant\u00edas constitucionales<\/p>\n<p>[\/et_pb_text][et_pb_text _builder_version=&#8221;4.17.4&#8243; _module_preset=&#8221;default&#8221; text_font=&#8221;Abhaya Libre|600|||||||&#8221; text_text_color=&#8221;#000000&#8243; text_font_size=&#8221;45px&#8221; global_colors_info=&#8221;{}&#8221;]<\/p>\n<p style=\"text-align: center\"><span style=\"color: #fdda35\"><strong>\u2014<\/strong><\/span>\u00a0 T10. La suspensi\u00f3n de los derechos\u00a0 <span style=\"color: #fdda35\"><strong>\u2014<\/strong><\/span><\/p>\n<p>[\/et_pb_text][et_pb_text _builder_version=&#8221;4.17.4&#8243; _module_preset=&#8221;default&#8221; text_font=&#8221;Abhaya Libre||||||||&#8221; text_text_color=&#8221;#fdda35&#8243; text_font_size=&#8221;36px&#8221; text_orientation=&#8221;center&#8221; global_colors_info=&#8221;{}&#8221;]<\/p>\n<p><span style=\"color: #000000\">\u2014<\/span> UD3. Las garant\u00edas de los Derechos Fundamentales <span style=\"color: #000000\">\u2014<\/span><\/p>\n<p>[\/et_pb_text][et_pb_divider show_divider=&#8221;off&#8221; _builder_version=&#8221;4.17.4&#8243; _module_preset=&#8221;default&#8221; global_colors_info=&#8221;{}&#8221;][\/et_pb_divider][et_pb_button button_url=&#8221;@ET-DC@eyJkeW5hbWljIjp0cnVlLCJjb250ZW50IjoicG9zdF9saW5rX3VybF9wYWdlIiwic2V0dGluZ3MiOnsicG9zdF9pZCI6IjcwNyJ9fQ==@&#8221; button_text=&#8221;\u2728 Recomendaciones T10 \u2728&#8221; button_alignment=&#8221;center&#8221; _builder_version=&#8221;4.17.4&#8243; _dynamic_attributes=&#8221;button_url&#8221; _module_preset=&#8221;default&#8221; custom_button=&#8221;on&#8221; button_text_color=&#8221;#000000&#8243; button_bg_color=&#8221;RGBA(255,255,255,0)&#8221; button_border_color=&#8221;#fdda35&#8243; button_border_radius=&#8221;12px&#8221; global_colors_info=&#8221;{}&#8221;][\/et_pb_button][\/et_pb_column][\/et_pb_row][\/et_pb_section][et_pb_section fb_built=&#8221;1&#8243; _builder_version=&#8221;4.17.4&#8243; _module_preset=&#8221;default&#8221; global_colors_info=&#8221;{}&#8221;][et_pb_row _builder_version=&#8221;4.17.4&#8243; _module_preset=&#8221;default&#8221; background_color=&#8221;#ffffff&#8221; border_width_all=&#8221;13px&#8221; border_color_all=&#8221;#ffffff&#8221; box_shadow_style=&#8221;preset1&#8243; global_colors_info=&#8221;{}&#8221;][et_pb_column type=&#8221;4_4&#8243; _builder_version=&#8221;4.17.4&#8243; _module_preset=&#8221;default&#8221; global_colors_info=&#8221;{}&#8221;][et_pb_text _builder_version=&#8221;4.17.4&#8243; _module_preset=&#8221;default&#8221; text_font=&#8221;||||||||&#8221; text_text_color=&#8221;#000000&#8243; text_font_size=&#8221;17px&#8221; text_line_height=&#8221;1.6em&#8221; custom_margin=&#8221;60px|60px||60px|false|false&#8221; custom_padding=&#8221;||||false|false&#8221; global_colors_info=&#8221;{}&#8221;]<\/p>\n<p style=\"text-align: justify\">La <strong>suspensi\u00f3n de los derechos<\/strong> est\u00e1 regulado por la <a href=\"https:\/\/www.boe.es\/buscar\/act.php?id=BOE-A-1978-31229\" rel=\"nofollow noopener\" target=\"_blank\">Constituci\u00f3n Espa\u00f1ola<\/a> y por la <a href=\"https:\/\/www.boe.es\/buscar\/act.php?id=BOE-A-1981-12774\">Ley Org\u00e1nica 4\/1981<\/a>, de 1 de junio, de los estados de alarma, excepci\u00f3n y sitio.\u00a0<\/p>\n<p>[\/et_pb_text][et_pb_toggle title=&#8221;T\u00edtulo I de la CE. De los derechos y deberes fundamentales&#8221; open_toggle_text_color=&#8221;#000000&#8243; _builder_version=&#8221;4.17.4&#8243; _module_preset=&#8221;default&#8221; title_text_color=&#8221;#000000&#8243; title_font=&#8221;Abhaya Libre|700|||||||&#8221; title_font_size=&#8221;27px&#8221; width=&#8221;71%&#8221; module_alignment=&#8221;center&#8221; border_radii=&#8221;on|10px|10px|10px|10px&#8221; border_width_all=&#8221;0px&#8221; inline_fonts=&#8221;ABeeZee&#8221; global_colors_info=&#8221;{}&#8221;]<\/p>\n<div class=\"mt-faq-text\">\n<div class=\"b-s-t50 b-s-b50\">\n<div class=\"b b-text cf\">\n<div class=\"b-c b-text-c b-s b-s-t60 b-s-b60 b-cs cf\">\n<h4 style=\"text-align: justify\"><span style=\"font-family: inherit;font-weight: normal\"><strong>CAP\u00cdTULO QUINTO. DE LA SUSPENSI\u00d3N DE LOS DERECHOS Y LIBERTADES\u00a0<\/strong><\/span><\/h4>\n<blockquote>\n<p style=\"text-align: justify\"><span style=\"font-size: 14px\"><strong><span class=\"wnd-font-size-120 wsw-02\" data-j-w=\"false\">Art\u00edculo 55<\/span><\/strong><\/span><\/p>\n<\/blockquote>\n<p style=\"text-align: justify\"><span style=\"font-size: 14px\">1. Los derechos reconocidos en los art\u00edculos 17, 18, apartados 2 y 3, art\u00edculos 19, 20, apartados 1, a) y d), y 5, art\u00edculos 21, 28, apartado 2, y art\u00edculo 37, apartado 2, podr\u00e1n ser suspendidos cuando se acuerde la declaraci\u00f3n del estado de excepci\u00f3n o de sitio en los t\u00e9rminos previstos en la Constituci\u00f3n. Se except\u00faa de lo establecido anteriormente el apartado 3 del art\u00edculo 17 para el supuesto de declaraci\u00f3n de estado de excepci\u00f3n.<\/span><\/p>\n<p style=\"text-align: justify\"><span style=\"font-size: 14px\">2. Una <strong>ley org\u00e1nica podr\u00e1 determinar la forma y los casos en los que<\/strong>, de forma individual y con la necesaria intervenci\u00f3n judicial y el adecuado control parlamentario, <strong>los derechos<\/strong> reconocidos en los art\u00edculos 17, apartado 2, y 18, apartados 2 y 3, <strong>pueden ser suspendidos<\/strong> para personas determinadas, <span style=\"text-decoration: underline\">en relaci\u00f3n con las investigaciones correspondientes a la actuaci\u00f3n de bandas armadas o elementos terroristas<\/span>.<\/span><\/p>\n<p style=\"text-align: justify\"><span style=\"font-size: 14px\">3. <strong>La utilizaci\u00f3n injustificada o abusiva<\/strong> de las facultades reconocidas en dicha ley org\u00e1nica <strong>producir\u00e1 responsabilidad penal<\/strong>, como violaci\u00f3n de los derechos y libertades reconocidos por las leyes.<\/span><\/p>\n<p class=\"wnd-align-justify\">\n<\/div>\n<\/div>\n<\/div>\n<\/div>\n<p>[\/et_pb_toggle][et_pb_toggle title=&#8221;T\u00edtulo V de la CE. De las relaciones entre el Gobierno y las Cortes Generales&#8221; open_toggle_text_color=&#8221;#000000&#8243; _builder_version=&#8221;4.17.4&#8243; _module_preset=&#8221;default&#8221; title_text_color=&#8221;#000000&#8243; title_font=&#8221;Abhaya Libre|700|||||||&#8221; title_font_size=&#8221;27px&#8221; width=&#8221;71%&#8221; module_alignment=&#8221;center&#8221; border_radii=&#8221;on|10px|10px|10px|10px&#8221; border_width_all=&#8221;0px&#8221; inline_fonts=&#8221;ABeeZee&#8221; global_colors_info=&#8221;{}&#8221;]<\/p>\n<div class=\"mt-faq-text\">\n<div class=\"b-s-t50 b-s-b50\">\n<div class=\"b b-text cf\">\n<div class=\"b-c b-text-c b-s b-s-t60 b-s-b60 b-cs cf\">\n<blockquote>\n<p style=\"text-align: justify\"><span style=\"font-size: 14px;color: #666666\"><strong><span class=\"wnd-font-size-120 wsw-02\" data-j-w=\"false\">Art\u00edculo 116<\/span><\/strong><\/span><\/p>\n<\/blockquote>\n<div class=\"bloque\" id=\"a116\">\n<p class=\"parrafo\" style=\"text-align: justify\">1. Una <strong>ley org\u00e1nica <\/strong>regular\u00e1 los estados de alarma, de excepci\u00f3n y de sitio, y las competencias y limitaciones correspondientes.<\/p>\n<p class=\"parrafo\" style=\"text-align: justify\">2. El <span style=\"text-decoration: underline;color: #0c71c3\"><strong>estado de alarma<\/strong><\/span> ser\u00e1 <strong>declarado por el Gobierno mediante decreto acordado en Consejo de Ministros<\/strong> <strong>por un <span style=\"text-decoration: underline\">plazo m\u00e1ximo de quince d\u00edas<\/span><\/strong>, <span style=\"text-decoration: underline\"><strong>dando cuenta al Congreso de los Diputados<\/strong><\/span>, reunido inmediatamente al efecto y sin cuya autorizaci\u00f3n no podr\u00e1 ser prorrogado dicho plazo. El decreto determinar\u00e1 el \u00e1mbito territorial a que se extienden los efectos de la declaraci\u00f3n.<\/p>\n<p class=\"parrafo\" style=\"text-align: justify\">3. El <span style=\"text-decoration: underline;color: #0c71c3\"><strong>estado de excepci\u00f3n<\/strong><\/span> ser\u00e1 <strong>declarado por el Gobierno mediante decreto acordado en Consejo de Ministros, <span style=\"text-decoration: underline\">previa autorizaci\u00f3n del Congreso de los Diputados<\/span><\/strong>. La autorizaci\u00f3n y proclamaci\u00f3n del estado de excepci\u00f3n deber\u00e1 determinar expresamente los efectos del mismo, el \u00e1mbito territorial a que se extiende y su duraci\u00f3n, que <span style=\"text-decoration: underline\"><strong>no podr\u00e1 exceder de treinta d\u00edas<\/strong><\/span>, prorrogables por otro plazo igual, con los mismos requisitos.<\/p>\n<p class=\"parrafo\" style=\"text-align: justify\">4. El <span style=\"text-decoration: underline;color: #0c71c3\"><strong>estado de sitio<\/strong><\/span> ser\u00e1 <strong>declarado por la mayor\u00eda absoluta del Congreso de los Diputados, <span style=\"text-decoration: underline\">a<\/span> <span style=\"text-decoration: underline\">propuesta exclusiva del Gobierno<\/span><\/strong>. El Congreso determinar\u00e1 su \u00e1mbito territorial, duraci\u00f3n y condiciones.<\/p>\n<p class=\"parrafo\" style=\"text-align: justify\">5. <strong>No podr\u00e1 procederse a la disoluci\u00f3n del Congreso mientras est\u00e9n declarados algunos de los estados comprendidos en el presente art\u00edculo<\/strong>, quedando autom\u00e1ticamente convocadas las C\u00e1maras si no estuvieren en per\u00edodo de sesiones. Su funcionamiento, as\u00ed como el de los dem\u00e1s poderes constitucionales del Estado, no podr\u00e1n interrumpirse durante la vigencia de estos estados.<\/p>\n<p class=\"parrafo\" style=\"text-align: justify\"><span style=\"text-decoration: underline\">Disuelto el Congreso o expirado su mandato<\/span>, si se produjere alguna de las situaciones que dan lugar a cualquiera de dichos estados, las competencias del Congreso ser\u00e1n asumidas por su <span style=\"text-decoration: underline\">Diputaci\u00f3n Permanente<\/span>.<\/p>\n<p class=\"parrafo\" style=\"text-align: justify\">6. La <span style=\"text-decoration: underline\">declaraci\u00f3n de los estados<\/span> de alarma, de excepci\u00f3n y de sitio <span style=\"text-decoration: underline\">no modificar\u00e1n el principio de responsabilidad<\/span> del Gobierno y de sus agentes reconocidos en la Constituci\u00f3n y en las leyes.<\/p>\n<\/div>\n<p class=\"wnd-align-justify\">\n<\/div>\n<\/div>\n<\/div>\n<\/div>\n<p>[\/et_pb_toggle][et_pb_divider show_divider=&#8221;off&#8221; _builder_version=&#8221;4.17.4&#8243; _module_preset=&#8221;default&#8221; width=&#8221;100%&#8221; global_colors_info=&#8221;{}&#8221;][\/et_pb_divider][et_pb_code _builder_version=&#8221;4.17.4&#8243; _module_preset=&#8221;default&#8221; width=&#8221;80%&#8221; module_alignment=&#8221;center&#8221; global_colors_info=&#8221;{}&#8221;]\n<!-- iframe plugin v.4.5 wordpress.org\/plugins\/iframe\/ -->\n<iframe src=\"https:\/\/www.youtube.com\/embed\/gze3rQLvTa8\" width height scrolling=\"yes\" class=\"iframe-class\" frameborder=\"0\"><\/iframe>\n[\/et_pb_code][\/et_pb_column][\/et_pb_row][\/et_pb_section][et_pb_section fb_built=&#8221;1&#8243; _builder_version=&#8221;4.17.4&#8243; _module_preset=&#8221;default&#8221; background_enable_pattern_style=&#8221;on&#8221; background_pattern_style=&#8221;scallops&#8221; background_pattern_color=&#8221;rgba(0,0,0,0.03)&#8221; global_colors_info=&#8221;{}&#8221;][et_pb_row _builder_version=&#8221;4.17.4&#8243; _module_preset=&#8221;default&#8221; global_colors_info=&#8221;{}&#8221;][et_pb_column type=&#8221;4_4&#8243; _builder_version=&#8221;4.17.4&#8243; _module_preset=&#8221;default&#8221; global_colors_info=&#8221;{}&#8221;][et_pb_code _builder_version=&#8221;4.17.4&#8243; _module_preset=&#8221;default&#8221; global_colors_info=&#8221;{}&#8221;]\n<!-- iframe plugin v.4.5 wordpress.org\/plugins\/iframe\/ -->\n<iframe loading=\"lazy\" src=\"https:\/\/view.genially.com\/67c98e9452bec508b17ef245\" width=\"1200\" height=\"675\" scrolling=\"yes\" class=\"iframe-class\" frameborder=\"0\"><\/iframe>\n<!-- [et_pb_line_break_holder] -->[\/et_pb_code][et_pb_code _builder_version=&#8221;4.17.4&#8243; _module_preset=&#8221;default&#8221; hover_enabled=&#8221;0&#8243; global_colors_info=&#8221;{}&#8221; sticky_enabled=&#8221;0&#8243;]\n<!-- iframe plugin v.4.5 wordpress.org\/plugins\/iframe\/ -->\n<iframe loading=\"lazy\" src=\"https:\/\/view.genially.com\/67eab2ded57e6194f0554c2b\" width=\"1200\" height=\"675\" scrolling=\"yes\" class=\"iframe-class\" frameborder=\"0\"><\/iframe>\n<!-- [et_pb_line_break_holder] -->[\/et_pb_code][\/et_pb_column][\/et_pb_row][\/et_pb_section][et_pb_section fb_built=&#8221;1&#8243; _builder_version=&#8221;4.17.4&#8243; _module_preset=&#8221;default&#8221; global_colors_info=&#8221;{}&#8221;][et_pb_row _builder_version=&#8221;4.17.4&#8243; _module_preset=&#8221;default&#8221; global_colors_info=&#8221;{}&#8221;][et_pb_column type=&#8221;4_4&#8243; _builder_version=&#8221;4.17.4&#8243; _module_preset=&#8221;default&#8221; global_colors_info=&#8221;{}&#8221;][et_pb_code _builder_version=&#8221;4.17.4&#8243; _module_preset=&#8221;default&#8221; global_colors_info=&#8221;{}&#8221;]\n<!-- iframe plugin v.4.5 wordpress.org\/plugins\/iframe\/ -->\n<iframe loading=\"lazy\" src=\"https:\/\/embed.kahoot.it\/8fe3aba2-99df-48ce-bafb-b55a44db27f3\" width=\"1200\" height=\"250\" scrolling=\"yes\" class=\"iframe-class\" frameborder=\"0\"><\/iframe>\n[\/et_pb_code][et_pb_code _builder_version=&#8221;4.17.4&#8243; _module_preset=&#8221;default&#8221; global_colors_info=&#8221;{}&#8221;]\n<!-- iframe plugin v.4.5 wordpress.org\/plugins\/iframe\/ -->\n<iframe loading=\"lazy\" src=\"https:\/\/embed.kahoot.it\/f202c105-d2e4-4c9e-b99e-c134395b7137\" width=\"1200\" height=\"250\" scrolling=\"yes\" class=\"iframe-class\" frameborder=\"0\"><\/iframe>\n[\/et_pb_code][\/et_pb_column][\/et_pb_row][\/et_pb_section]<\/p>\n","protected":false},"excerpt":{"rendered":"<p>Igualdad, derechos y garant\u00edas constitucionales\u2014\u00a0 T10. La suspensi\u00f3n de los derechos\u00a0 \u2014\u2014 UD3. Las garant\u00edas de los Derechos Fundamentales \u2014La suspensi\u00f3n de los derechos est\u00e1 regulado por la Constituci\u00f3n Espa\u00f1ola y por la Ley Org\u00e1nica 4\/1981, de 1 de junio, de los estados de alarma, excepci\u00f3n y sitio.\u00a0 CAP\u00cdTULO QUINTO. DE LA SUSPENSI\u00d3N DE LOS [&hellip;]<\/p>\n","protected":false},"author":3782,"featured_media":0,"parent":0,"menu_order":0,"comment_status":"closed","ping_status":"closed","template":"","meta":{"_et_pb_use_builder":"on","_et_pb_old_content":"","_et_gb_content_width":"","_links_to":"","_links_to_target":""},"_links":{"self":[{"href":"https:\/\/igualdad-constitucional.umh.es\/ca\/wp-json\/wp\/v2\/pages\/451"}],"collection":[{"href":"https:\/\/igualdad-constitucional.umh.es\/ca\/wp-json\/wp\/v2\/pages"}],"about":[{"href":"https:\/\/igualdad-constitucional.umh.es\/ca\/wp-json\/wp\/v2\/types\/page"}],"author":[{"embeddable":true,"href":"https:\/\/igualdad-constitucional.umh.es\/ca\/wp-json\/wp\/v2\/users\/3782"}],"replies":[{"embeddable":true,"href":"https:\/\/igualdad-constitucional.umh.es\/ca\/wp-json\/wp\/v2\/comments?post=451"}],"version-history":[{"count":0,"href":"https:\/\/igualdad-constitucional.umh.es\/ca\/wp-json\/wp\/v2\/pages\/451\/revisions"}],"wp:attachment":[{"href":"https:\/\/igualdad-constitucional.umh.es\/ca\/wp-json\/wp\/v2\/media?parent=451"}],"curies":[{"name":"wp","href":"https:\/\/api.w.org\/{rel}","templated":true}]}}