{"id":475,"date":"2024-11-28T08:51:28","date_gmt":"2024-11-28T07:51:28","guid":{"rendered":"https:\/\/igualdad-constitucional.umh.es\/?page_id=475"},"modified":"2025-04-27T17:11:40","modified_gmt":"2025-04-27T15:11:40","slug":"t11-y-12-do-de-libertad-o-autonomia","status":"publish","type":"page","link":"https:\/\/igualdad-constitucional.umh.es\/ca\/t11-y-12-do-de-libertad-o-autonomia\/","title":{"rendered":"Borrador autom\u00e1tico"},"content":{"rendered":"<p>[et_pb_section fb_built=&#8221;1&#8243; _builder_version=&#8221;4.17.4&#8243; _module_preset=&#8221;default&#8221; background_enable_pattern_style=&#8221;on&#8221; background_pattern_style=&#8221;scallops&#8221; background_pattern_color=&#8221;rgba(0,0,0,0.03)&#8221; global_colors_info=&#8221;{}&#8221;][et_pb_row _builder_version=&#8221;4.17.4&#8243; _module_preset=&#8221;default&#8221; global_colors_info=&#8221;{}&#8221;][et_pb_column type=&#8221;4_4&#8243; _builder_version=&#8221;4.17.4&#8243; _module_preset=&#8221;default&#8221; global_colors_info=&#8221;{}&#8221;][et_pb_text _builder_version=&#8221;4.17.4&#8243; _module_preset=&#8221;default&#8221; text_font=&#8221;|700|||||||&#8221; text_text_color=&#8221;#fdda35&#8243; text_font_size=&#8221;27px&#8221; text_orientation=&#8221;center&#8221; global_colors_info=&#8221;{}&#8221;]<\/p>\n<p>Igualdad, derechos y garant\u00edas constitucionales<\/p>\n<p>[\/et_pb_text][et_pb_text _builder_version=&#8221;4.17.4&#8243; _module_preset=&#8221;default&#8221; text_font=&#8221;Abhaya Libre|600|||||||&#8221; text_text_color=&#8221;#000000&#8243; text_font_size=&#8221;45px&#8221; global_colors_info=&#8221;{}&#8221;]<\/p>\n<p style=\"text-align: center\"><span style=\"color: #fdda35\"><strong>\u2014<\/strong><\/span>\u00a0 T11 y 12. Derechos de libertad o autonom\u00eda\u00a0 <span style=\"color: #fdda35\"><strong>\u2014<\/strong><\/span><\/p>\n<p>[\/et_pb_text][et_pb_text _builder_version=&#8221;4.17.4&#8243; _module_preset=&#8221;default&#8221; text_font=&#8221;Abhaya Libre||||||||&#8221; text_text_color=&#8221;#fdda35&#8243; text_font_size=&#8221;36px&#8221; text_orientation=&#8221;center&#8221; global_colors_info=&#8221;{}&#8221;]<\/p>\n<p><span style=\"color: #000000\">\u2014<\/span> UD4. Los Derechos Fundamentales <span style=\"color: #000000\">\u2014<\/span><\/p>\n<p>[\/et_pb_text][et_pb_button button_url=&#8221;@ET-DC@eyJkeW5hbWljIjp0cnVlLCJjb250ZW50IjoicG9zdF9saW5rX3VybF9wYWdlIiwic2V0dGluZ3MiOnsicG9zdF9pZCI6IjcxMCJ9fQ==@&#8221; button_text=&#8221;\u2728 Recomendaciones T11 y 12 \u2728&#8221; button_alignment=&#8221;center&#8221; _builder_version=&#8221;4.17.4&#8243; _dynamic_attributes=&#8221;button_url&#8221; _module_preset=&#8221;default&#8221; custom_button=&#8221;on&#8221; button_text_color=&#8221;#000000&#8243; button_bg_color=&#8221;RGBA(255,255,255,0)&#8221; button_border_color=&#8221;#fdda35&#8243; button_border_radius=&#8221;12px&#8221; global_colors_info=&#8221;{}&#8221;][\/et_pb_button][\/et_pb_column][\/et_pb_row][\/et_pb_section][et_pb_section fb_built=&#8221;1&#8243; _builder_version=&#8221;4.17.4&#8243; _module_preset=&#8221;default&#8221; global_colors_info=&#8221;{}&#8221;][et_pb_row _builder_version=&#8221;4.17.4&#8243; _module_preset=&#8221;default&#8221; background_color=&#8221;#ffffff&#8221; border_width_all=&#8221;13px&#8221; border_color_all=&#8221;#ffffff&#8221; box_shadow_style=&#8221;preset1&#8243; global_colors_info=&#8221;{}&#8221;][et_pb_column type=&#8221;4_4&#8243; _builder_version=&#8221;4.17.4&#8243; _module_preset=&#8221;default&#8221; global_colors_info=&#8221;{}&#8221;][et_pb_text _builder_version=&#8221;4.17.4&#8243; _module_preset=&#8221;default&#8221; text_font=&#8221;||||||||&#8221; text_text_color=&#8221;#000000&#8243; text_font_size=&#8221;17px&#8221; text_line_height=&#8221;1.6em&#8221; custom_margin=&#8221;60px|60px||60px|false|false&#8221; custom_padding=&#8221;||||false|false&#8221; global_colors_info=&#8221;{}&#8221;]<\/p>\n<p style=\"text-align: justify\">Entre los <strong>derechos de libertad y autonom\u00eda<\/strong> recogidos en la Constituci\u00f3n se encuentran el derecho a la vida (art. 15), a la integridad f\u00edsica y moral (art. 15), a la libertad ideol\u00f3gica y religiosa (art. 16), a la libertad y a la seguridad (art. 17), a la privacidad (art. 18), a la libertad de residencia y circulaci\u00f3n (art. 19), y el derecho a contraer matrimonio (art. 32).<\/p>\n<p>[\/et_pb_text][et_pb_toggle title=&#8221;T\u00edtulo I. De los derechos y deberes constitucionales&#8221; open_toggle_text_color=&#8221;#000000&#8243; _builder_version=&#8221;4.17.4&#8243; _module_preset=&#8221;default&#8221; title_text_color=&#8221;#000000&#8243; title_font=&#8221;Abhaya Libre|700|||||||&#8221; title_font_size=&#8221;27px&#8221; width=&#8221;71%&#8221; module_alignment=&#8221;center&#8221; border_radii=&#8221;on|10px|10px|10px|10px&#8221; border_width_all=&#8221;0px&#8221; global_colors_info=&#8221;{}&#8221;]<\/p>\n<div class=\"mt-faq-text\">\n<div class=\"b-s-t50 b-s-b50\">\n<div class=\"b b-text cf\">\n<div class=\"b-c b-text-c b-s b-s-t60 b-s-b60 b-cs cf\">\n<h4><span><strong>CAP\u00cdTULO SEGUNDO. DERECHOS Y LIBERTADES\u00a0<\/strong><\/span><\/h4>\n<h4 class=\"seccion\"><strong>Secci\u00f3n 1.\u00aa De los derechos fundamentales y de las libertades p\u00fablicas<\/strong><\/h4>\n<blockquote>\n<p><strong><span class=\"wnd-font-size-120 wsw-02\" data-j-w=\"false\">Art\u00edculo 15<\/span><\/strong><\/p>\n<\/blockquote>\n<p style=\"text-align: justify\"><span style=\"font-size: 14px;text-align: justify\">Todos tienen <\/span><span style=\"text-decoration: underline\"><span style=\"color: #0c71c3\"><strong style=\"font-size: 14px;text-align: justify\">derecho a la vida y a la integridad f\u00edsica y moral<\/strong><\/span><\/span><span style=\"font-size: 14px;text-align: justify\">, sin que, en ning\u00fan caso, puedan ser sometidos a tortura ni a penas o tratos inhumanos o degradantes. Queda abolida la pena de muerte, salvo lo que puedan disponer las leyes penales militares para tiempos de guerra.<\/span><\/p>\n<hr style=\"border-top: 1px solid #ccc\" \/>\n<ul>\n<li style=\"text-align: justify\"><em>Puedes hallar m\u00e1s informaci\u00f3n sobre este art\u00edculo pinchando <span style=\"text-decoration: underline\"><a href=\"https:\/\/app.congreso.es\/consti\/constitucion\/indice\/sinopsis\/sinopsis.jsp?art=15&amp;tipo=2\">aqu\u00ed<\/a><\/span>.\u00a0<\/em><\/li>\n<li style=\"text-align: justify\"><em><span style=\"font-weight: 400\"><span style=\"text-decoration: underline\"><a href=\"https:\/\/www.boe.es\/buscar\/act.php?id=BOE-A-2010-3514\">Ley Org\u00e1nica 2\/2010, de 3 de marzo<\/a><\/span>, de salud sexual y reproductiva y de la interrupci\u00f3n voluntaria del embarazo.\u00a0<\/span><\/em><\/li>\n<li style=\"text-align: justify\"><em><span style=\"text-decoration: underline\"><a href=\"https:\/\/www.boe.es\/buscar\/act.php?id=BOE-A-2023-5364\">Ley <\/a><\/span><span style=\"text-decoration: underline\"><a href=\"https:\/\/www.boe.es\/buscar\/act.php?id=BOE-A-2023-5364\">Org\u00e1nica 1\/2023, de 28 de febrero<\/a><\/span>, por la que se modifica la Ley Org\u00e1nica 2\/2010, de 3 de marzo, de salud sexual y reproductiva y de la interrupci\u00f3n voluntaria del embarazo.<\/em><\/li>\n<li style=\"text-align: justify\"><em><span style=\"text-decoration: underline\"><a href=\"https:\/\/www.boe.es\/buscar\/doc.php?id=BOE-A-2023-13955\">STC 44\/2023, 9 mayo<\/a><\/span>, sobre constitucionalidad de la Interrupci\u00f3n voluntaria del embarazo (IVE).<\/em><\/li>\n<li style=\"text-align: justify\"><em><span style=\"text-decoration: underline\"><a href=\"https:\/\/www.boe.es\/buscar\/act.php?id=BOE-A-2006-9292\">Ley 14\/2006, de 26 de mayo<\/a><\/span>, sobre t\u00e9cnicas de reproducci\u00f3n humana asistida.<\/em><\/li>\n<li style=\"text-align: justify\"><em><span style=\"text-decoration: underline\"><a href=\"https:\/\/www.unesco.org\/es\/legal-affairs\/universal-declaration-bioethics-and-human-rights\">Declaraci\u00f3n Universal sobre Bio\u00e9tica y Derechos Humanos de la UNESCO<\/a><\/span>.<\/em><\/li>\n<li style=\"text-align: justify\"><em><span style=\"text-decoration: underline\"><a href=\"https:\/\/www.boe.es\/buscar\/doc.php?id=BOE-A-2007-12945\">Ley 14\/2007, de 3 de julio<\/a><\/span>, de investigaci\u00f3n Biom\u00e9dica.<\/em><\/li>\n<li style=\"text-align: justify\"><em><span style=\"font-weight: 400\"><span style=\"text-decoration: underline\"><a href=\"https:\/\/www.boe.es\/buscar\/doc.php?id=BOE-A-2021-4628\">Ley Org\u00e1nica 3\/2021, de 24 de marzo<\/a><\/span>, de regulaci\u00f3n de la eutanasia.<\/span><\/em><\/li>\n<li style=\"text-align: justify\"><em><span style=\"text-decoration: underline\"><a href=\"https:\/\/www.tribunalconstitucional.es\/NotasDePrensaDocumentos\/NP_2023_024\/NOTA%20INFORMATIVA%20N%C2%BA%2024-2023.pdf\">STC Pleno 22 de marzo de 2023<\/a><\/span>: Constitucionalidad LO eutanasia.<\/em><\/li>\n<li style=\"text-align: justify\"><em><span style=\"text-decoration: underline\"><a href=\"https:\/\/hj.tribunalconstitucional.es\/es-ES\/Resolucion\/Show\/1545\">STC 120\/1990<\/a><\/span> sobre el contenido del supuesto derecho a la muerte.<\/em><\/li>\n<li style=\"text-align: justify\"><em><span style=\"text-decoration: underline\"><a href=\"https:\/\/www.boe.es\/buscar\/doc.php?id=BOE-A-1995-25714\">Ley Org\u00e1nica 11\/1995, de 27 de noviembre<\/a><\/span>, de abolici\u00f3n de la pena de muerte en tiempos de guerra.<\/em><\/li>\n<li style=\"text-align: justify\"><em><span style=\"text-decoration: underline\"><a href=\"https:\/\/hudoc.echr.coe.int\/eng#{%22documentcollectionid2%22:[%22GRANDCHAMBER%22,%22CHAMBER%22]}\">STEDH \u00d6calan v. Turqu\u00eda, de 12 de mayo de 2005<\/a><\/span>, Gran Sala: Tendencia a la abolici\u00f3n total de la pena de muerte.<\/em><\/li>\n<li style=\"text-align: justify\"><em><span style=\"text-decoration: underline\"><a href=\"https:\/\/www.boe.es\/buscar\/doc.php?id=BOE-A-2015-3439\">Ley Org\u00e1nica 1\/2015, de 30 de marzo<\/a><\/span>, por la que se modific\u00f3 la Ley Org\u00e1nica 10\/1995, de 23 de noviembre, del C\u00f3digo Penal.<\/em><\/li>\n<li style=\"text-align: justify\"><em><span style=\"text-decoration: underline\"><a href=\"https:\/\/hudoc.echr.coe.int\/fre\">STEDH Hutchinson v. Reino Unido, de 3 de febrero de 2015<\/a><\/span>, establece que\u00a0<span style=\"font-weight: 400\">de la norma se tienen que deducir expectativas ciertas y motivadoras de que la persona que est\u00e1 en prisi\u00f3n va a poder vivir en libertad.<\/span><\/em><\/li>\n<li style=\"text-align: justify\"><em><span style=\"text-decoration: underline\"><a href=\"https:\/\/www.boe.es\/buscar\/doc.php?id=BOE-A-2021-18372\">STC 169\/2021<\/a><\/span>: constitucionalidad LO que establece la prisi\u00f3n permanente revisable.\u00a0<\/em><\/li>\n<\/ul>\n<blockquote>\n<p><strong>Art\u00edculo 16<\/strong><\/p>\n<\/blockquote>\n<p class=\"parrafo\" style=\"text-align: justify\">1. Se garantiza la <span style=\"text-decoration: underline;color: #0c71c3\"><strong>libertad ideol\u00f3gica, religiosa y de culto<\/strong><\/span> de los individuos y las comunidades sin m\u00e1s limitaci\u00f3n, en sus manifestaciones, que la necesaria para el mantenimiento del orden p\u00fablico protegido por la ley.<\/p>\n<p class=\"parrafo\" style=\"text-align: justify\">2. Nadie podr\u00e1 ser obligado a declarar sobre su ideolog\u00eda, religi\u00f3n o creencias.<\/p>\n<p class=\"parrafo\" style=\"text-align: justify\">3. Ninguna confesi\u00f3n tendr\u00e1 car\u00e1cter estatal. Los poderes p\u00fablicos tendr\u00e1n en cuenta las creencias religiosas de la sociedad espa\u00f1ola y mantendr\u00e1n las consiguientes relaciones de cooperaci\u00f3n con la Iglesia Cat\u00f3lica y las dem\u00e1s confesiones.<\/p>\n<hr style=\"border-top: 1px solid #ccc\" \/>\n<ul>\n<li class=\"parrafo\" style=\"text-align: justify\"><em>Puedes hallar m\u00e1s informaci\u00f3n sobre este art\u00edculo pinchando <span style=\"text-decoration: underline\"><a href=\"https:\/\/app.congreso.es\/consti\/constitucion\/indice\/sinopsis\/sinopsis.jsp?art=16&amp;tipo=2\">aqu\u00ed<\/a><\/span>.<\/em><\/li>\n<li class=\"parrafo\" style=\"text-align: justify\"><em><span style=\"text-decoration: underline\"><a href=\"https:\/\/www.boe.es\/buscar\/act.php?id=BOE-A-1980-15955\">L<\/a><\/span><span style=\"font-weight: 400\"><span style=\"text-decoration: underline\"><a href=\"https:\/\/www.boe.es\/buscar\/act.php?id=BOE-A-1980-15955\">ey Org\u00e1nica 7\/1980, de 5 de julio<\/a><\/span>, de Libertad Religiosa.<\/span><\/em><\/li>\n<\/ul>\n<blockquote>\n<p class=\"parrafo\" style=\"text-align: justify\"><strong>Art\u00edculo 17<\/strong><\/p>\n<\/blockquote>\n<div class=\"bloque\" id=\"a17\">\n<p class=\"parrafo\" style=\"text-align: justify\">1. Toda persona tiene <span style=\"text-decoration: underline;color: #0c71c3\"><strong>derecho a la libertad y a la seguridad<\/strong><\/span>. Nadie puede ser privado de su libertad, sino con la observancia de lo establecido en este art\u00edculo y en los casos y en la forma previstos en la ley.<\/p>\n<p class=\"parrafo\" style=\"text-align: justify\">2. La detenci\u00f3n preventiva no podr\u00e1 durar m\u00e1s del tiempo estrictamente necesario para la realizaci\u00f3n de las averiguaciones tendentes al esclarecimiento de los hechos, y, en todo caso, en el plazo m\u00e1ximo de setenta y dos horas, el detenido deber\u00e1 ser puesto en libertad o a disposici\u00f3n de la autoridad judicial.<\/p>\n<p class=\"parrafo\" style=\"text-align: justify\">3. Toda persona detenida debe ser informada de forma inmediata, y de modo que le sea comprensible, de sus derechos y de las razones de su detenci\u00f3n, no pudiendo ser obligada a declarar. Se garantiza la asistencia de abogado al detenido en las diligencias policiales y judiciales, en los t\u00e9rminos que la ley establezca.<\/p>\n<p class=\"parrafo\" style=\"text-align: justify\">4. La ley regular\u00e1 un procedimiento de \u00abhabeas corpus\u00bb para producir la inmediata puesta a disposici\u00f3n judicial de toda persona detenida ilegalmente. Asimismo, por ley se determinar\u00e1 el plazo m\u00e1ximo de duraci\u00f3n de la prisi\u00f3n provisional.<\/p>\n<hr style=\"border-top: 1px solid #ccc\" \/>\n<ul>\n<li class=\"parrafo\" style=\"text-align: justify\"><em>Puedes hallar m\u00e1s informaci\u00f3n sobre este art\u00edculo pinchando <span style=\"text-decoration: underline\"><a href=\"https:\/\/app.congreso.es\/consti\/constitucion\/indice\/sinopsis\/sinopsis.jsp?art=17&amp;tipo=2\">aqu\u00ed<\/a><\/span>.\u00a0<\/em><\/li>\n<\/ul>\n<blockquote>\n<p class=\"parrafo\" style=\"text-align: justify\"><strong>Art\u00edculo 18<\/strong><\/p>\n<\/blockquote>\n<p class=\"parrafo\" style=\"text-align: justify\">1. Se garantiza el <span style=\"text-decoration: underline;color: #0c71c3\"><strong>derecho al honor, a la intimidad personal y familiar y a la propia imagen<\/strong><\/span>.<\/p>\n<p class=\"parrafo\" style=\"text-align: justify\">2. El domicilio es inviolable. Ninguna entrada o registro podr\u00e1 hacerse en \u00e9l sin consentimiento del titular o resoluci\u00f3n judicial, salvo en caso de flagrante delito.<\/p>\n<p class=\"parrafo\" style=\"text-align: justify\">3. Se garantiza el secreto de las comunicaciones y, en especial, de las postales, telegr\u00e1ficas y telef\u00f3nicas, salvo resoluci\u00f3n judicial.<\/p>\n<p class=\"parrafo\" style=\"text-align: justify\">4. La ley limitar\u00e1 el uso de la inform\u00e1tica para garantizar el honor y la intimidad personal y familiar de los ciudadanos y el pleno ejercicio de sus derechos.<\/p>\n<hr style=\"border-top: 1px solid #ccc\" \/>\n<ul>\n<li class=\"parrafo\" style=\"text-align: justify\"><em style=\"font-size: 14px\">Puedes hallar m\u00e1s informaci\u00f3n sobre este art\u00edculo pinchando <span style=\"text-decoration: underline\"><a href=\"https:\/\/app.congreso.es\/consti\/constitucion\/indice\/sinopsis\/sinopsis.jsp?art=18&amp;tipo=2\">aqu\u00ed<\/a><\/span>.<\/em><\/li>\n<li class=\"parrafo\" style=\"text-align: justify\"><em style=\"font-size: 14px\"><span style=\"font-weight: 400\"><span style=\"text-decoration: underline\"><a href=\"https:\/\/www.boe.es\/buscar\/act.php?id=BOE-A-1982-11196\">Ley Org\u00e1nica 1\/1982, de 5 de mayo<\/a><\/span>, de protecci\u00f3n civil del derecho al honor, a la intimidad personal y familiar y a la propia imagen.<\/span><\/em><br \/><em style=\"font-size: 14px\"><span style=\"font-weight: 400\"><\/span><\/em><\/li>\n<li class=\"parrafo\" style=\"text-align: justify\"><em><span style=\"text-decoration: underline\"><a href=\"https:\/\/www.boe.es\/buscar\/act.php?id=BOE-A-2018-16673\">Ley Org\u00e1nica 3\/2018, de 5 de diciembre<\/a><\/span>, de Protecci\u00f3n de Datos Personales y garant\u00eda de los derechos digitales.<\/em><\/li>\n<\/ul>\n<blockquote>\n<p class=\"parrafo\" style=\"text-align: justify\"><strong>Art\u00edculo 19<\/strong><\/p>\n<\/blockquote>\n<p class=\"parrafo\" style=\"text-align: justify\">Los espa\u00f1oles tienen <span style=\"text-decoration: underline;color: #0c71c3\"><strong>derecho a elegir libremente su residencia y a circular por el territorio nacional<\/strong><\/span>.<\/p>\n<p class=\"parrafo\" style=\"text-align: justify\">Asimismo, tienen derecho a entrar y salir libremente de Espa\u00f1a en los t\u00e9rminos que la ley establezca. Este derecho no podr\u00e1 ser limitado por motivos pol\u00edticos o ideol\u00f3gicos.<\/p>\n<hr style=\"border-top: 1px solid #ccc\" \/>\n<ul>\n<li class=\"parrafo\" style=\"text-align: justify\"><em style=\"font-size: 14px\">Puedes hallar m\u00e1s informaci\u00f3n sobre este art\u00edculo pinchando <span style=\"text-decoration: underline\"><a href=\"https:\/\/app.congreso.es\/consti\/constitucion\/indice\/sinopsis\/sinopsis.jsp?art=19&amp;tipo=2\">aqu\u00ed<\/a><\/span>.\u00a0<\/em><\/li>\n<\/ul>\n<h4 class=\"seccion\"><strong>Secci\u00f3n 2.\u00aa De los derechos y deberes de los ciudadanos<\/strong><\/h4>\n<blockquote>\n<p class=\"parrafo\" style=\"text-align: justify\"><strong>Art\u00edculo 32<\/strong><\/p>\n<\/blockquote>\n<p class=\"parrafo\">1. El hombre y la mujer tienen <span style=\"text-decoration: underline;color: #0c71c3\"><strong>derecho a contraer matrimonio con plena igualdad jur\u00eddica<\/strong><\/span>.<\/p>\n<p class=\"parrafo\">2. La ley regular\u00e1 las formas de matrimonio, la edad y capacidad para contraerlo, los derechos y deberes de los c\u00f3nyuges, las causas de separaci\u00f3n y disoluci\u00f3n y sus efectos.<\/p>\n<hr style=\"border-top: 1px solid #ccc\" \/>\n<ul>\n<li class=\"parrafo\"><em style=\"font-size: 14px\">Puedes hallar m\u00e1s informaci\u00f3n sobre este art\u00edculo pinchando <span style=\"text-decoration: underline\"><a href=\"https:\/\/app.congreso.es\/consti\/constitucion\/indice\/sinopsis\/sinopsis.jsp?art=32&amp;tipo=2\">aqu\u00ed<\/a><\/span>.\u00a0<\/em><\/li>\n<\/ul>\n<\/div>\n<\/div>\n<\/div>\n<\/div>\n<\/div>\n<p>[\/et_pb_toggle][et_pb_text _builder_version=&#8221;4.17.4&#8243; _module_preset=&#8221;default&#8221; text_font=&#8221;||||||||&#8221; text_text_color=&#8221;#000000&#8243; text_font_size=&#8221;17px&#8221; text_line_height=&#8221;1.6em&#8221; custom_margin=&#8221;60px|60px||60px|false|false&#8221; custom_padding=&#8221;||||false|false&#8221; global_colors_info=&#8221;{}&#8221;]<\/p>\n<p style=\"text-align: justify\"><span style=\"font-weight: 400\">Recomendaci\u00f3n del <span style=\"text-decoration: underline\"><a href=\"https:\/\/presnolinera.wordpress.com\/2025\/03\/21\/algunas-consideraciones-juridicas-sobre-la-proteccion-de-los-derechos-al-honor-a-la-intimidad-personal-y-familiar-y-a-la-propia-imagen-de-personas-asesinadas-y-de-sus-familiares-al-hilo-aunque-no-e\/\">blog <em>El Derecho y el Rev\u00e9s<\/em><\/a><\/span> y su publicaci\u00f3n: &#8220;<\/span><span style=\"font-weight: 400\">Algunas consideraciones jur\u00eddicas sobre la protecci\u00f3n de los derechos al honor, a la intimidad personal y familiar y a la propia imagen de personas asesinadas y de sus familiares (al hilo, aunque no exclusivamente, de la posible publicaci\u00f3n del libro <em>El dolor<\/em>)&#8221;.<\/span><\/p>\n<p>[\/et_pb_text][et_pb_text _builder_version=&#8221;4.17.4&#8243; _module_preset=&#8221;default&#8221; global_colors_info=&#8221;{}&#8221;]<\/p>\n<p style=\"text-align: center\">\n<p>[\/et_pb_text][\/et_pb_column][\/et_pb_row][\/et_pb_section][et_pb_section fb_built=&#8221;1&#8243; _builder_version=&#8221;4.17.4&#8243; _module_preset=&#8221;default&#8221; global_colors_info=&#8221;{}&#8221;][\/et_pb_section]<\/p>\n","protected":false},"excerpt":{"rendered":"<p>Igualdad, derechos y garant\u00edas constitucionales\u2014\u00a0 T11 y 12. Derechos de libertad o autonom\u00eda\u00a0 \u2014\u2014 UD4. Los Derechos Fundamentales \u2014Entre los derechos de libertad y autonom\u00eda recogidos en la Constituci\u00f3n se encuentran el derecho a la vida (art. 15), a la integridad f\u00edsica y moral (art. 15), a la libertad ideol\u00f3gica y religiosa (art. 16), a [&hellip;]<\/p>\n","protected":false},"author":3782,"featured_media":0,"parent":0,"menu_order":0,"comment_status":"closed","ping_status":"closed","template":"","meta":{"_et_pb_use_builder":"on","_et_pb_old_content":"","_et_gb_content_width":"","_links_to":"","_links_to_target":""},"_links":{"self":[{"href":"https:\/\/igualdad-constitucional.umh.es\/ca\/wp-json\/wp\/v2\/pages\/475"}],"collection":[{"href":"https:\/\/igualdad-constitucional.umh.es\/ca\/wp-json\/wp\/v2\/pages"}],"about":[{"href":"https:\/\/igualdad-constitucional.umh.es\/ca\/wp-json\/wp\/v2\/types\/page"}],"author":[{"embeddable":true,"href":"https:\/\/igualdad-constitucional.umh.es\/ca\/wp-json\/wp\/v2\/users\/3782"}],"replies":[{"embeddable":true,"href":"https:\/\/igualdad-constitucional.umh.es\/ca\/wp-json\/wp\/v2\/comments?post=475"}],"version-history":[{"count":0,"href":"https:\/\/igualdad-constitucional.umh.es\/ca\/wp-json\/wp\/v2\/pages\/475\/revisions"}],"wp:attachment":[{"href":"https:\/\/igualdad-constitucional.umh.es\/ca\/wp-json\/wp\/v2\/media?parent=475"}],"curies":[{"name":"wp","href":"https:\/\/api.w.org\/{rel}","templated":true}]}}