{"id":487,"date":"2024-11-28T08:54:02","date_gmt":"2024-11-28T07:54:02","guid":{"rendered":"https:\/\/igualdad-constitucional.umh.es\/?page_id=487"},"modified":"2025-04-21T00:56:53","modified_gmt":"2025-04-20T22:56:53","slug":"t-15-y-16-do-economicos-y-sociales","status":"publish","type":"page","link":"https:\/\/igualdad-constitucional.umh.es\/ca\/t-15-y-16-do-economicos-y-sociales\/","title":{"rendered":"Borrador autom\u00e1tico"},"content":{"rendered":"<p>[et_pb_section fb_built=&#8221;1&#8243; _builder_version=&#8221;4.17.4&#8243; _module_preset=&#8221;default&#8221; background_enable_pattern_style=&#8221;on&#8221; background_pattern_style=&#8221;scallops&#8221; background_pattern_color=&#8221;rgba(0,0,0,0.03)&#8221; global_colors_info=&#8221;{}&#8221;][et_pb_row _builder_version=&#8221;4.17.4&#8243; _module_preset=&#8221;default&#8221; global_colors_info=&#8221;{}&#8221;][et_pb_column type=&#8221;4_4&#8243; _builder_version=&#8221;4.17.4&#8243; _module_preset=&#8221;default&#8221; global_colors_info=&#8221;{}&#8221;][et_pb_text _builder_version=&#8221;4.17.4&#8243; _module_preset=&#8221;default&#8221; text_font=&#8221;|700|||||||&#8221; text_text_color=&#8221;#fdda35&#8243; text_font_size=&#8221;27px&#8221; text_orientation=&#8221;center&#8221; global_colors_info=&#8221;{}&#8221;]<\/p>\n<p>Igualdad, derechos y garant\u00edas constitucionales<\/p>\n<p>[\/et_pb_text][et_pb_text _builder_version=&#8221;4.17.4&#8243; _module_preset=&#8221;default&#8221; text_font=&#8221;Abhaya Libre|600|||||||&#8221; text_text_color=&#8221;#000000&#8243; text_font_size=&#8221;45px&#8221; global_colors_info=&#8221;{}&#8221;]<\/p>\n<p style=\"text-align: center\"><span style=\"color: #fdda35\"><strong>\u2014<\/strong><\/span>\u00a0 T 15 y 16. Derechos econ\u00f3micos y sociales\u00a0 <span style=\"color: #fdda35\"><strong>\u2014<\/strong><\/span><\/p>\n<p>[\/et_pb_text][et_pb_text _builder_version=&#8221;4.17.4&#8243; _module_preset=&#8221;default&#8221; text_font=&#8221;Abhaya Libre||||||||&#8221; text_text_color=&#8221;#fdda35&#8243; text_font_size=&#8221;36px&#8221; text_orientation=&#8221;center&#8221; global_colors_info=&#8221;{}&#8221;]<\/p>\n<p><span style=\"color: #000000\">\u2014<\/span> UD4. Los Derechos Fundamentales <span style=\"color: #000000\">\u2014<\/span><\/p>\n<p>[\/et_pb_text][et_pb_divider show_divider=&#8221;off&#8221; _builder_version=&#8221;4.17.4&#8243; _module_preset=&#8221;default&#8221; global_colors_info=&#8221;{}&#8221;][\/et_pb_divider][et_pb_button button_url=&#8221;@ET-DC@eyJkeW5hbWljIjp0cnVlLCJjb250ZW50IjoicG9zdF9saW5rX3VybF9wYWdlIiwic2V0dGluZ3MiOnsicG9zdF9pZCI6IjcxNiJ9fQ==@&#8221; button_text=&#8221;\u2728 Recomendaciones T15 y 16 \u2728&#8221; button_alignment=&#8221;center&#8221; _builder_version=&#8221;4.17.4&#8243; _dynamic_attributes=&#8221;button_url&#8221; _module_preset=&#8221;default&#8221; custom_button=&#8221;on&#8221; button_text_color=&#8221;#000000&#8243; button_bg_color=&#8221;RGBA(255,255,255,0)&#8221; button_border_color=&#8221;#fdda35&#8243; button_border_radius=&#8221;12px&#8221; global_colors_info=&#8221;{}&#8221;][\/et_pb_button][\/et_pb_column][\/et_pb_row][\/et_pb_section][et_pb_section fb_built=&#8221;1&#8243; _builder_version=&#8221;4.17.4&#8243; _module_preset=&#8221;default&#8221; global_colors_info=&#8221;{}&#8221;][et_pb_row _builder_version=&#8221;4.17.4&#8243; _module_preset=&#8221;default&#8221; background_color=&#8221;#ffffff&#8221; border_width_all=&#8221;13px&#8221; border_color_all=&#8221;#ffffff&#8221; box_shadow_style=&#8221;preset1&#8243; global_colors_info=&#8221;{}&#8221; theme_builder_area=&#8221;post_content&#8221;][et_pb_column type=&#8221;4_4&#8243; _builder_version=&#8221;4.17.4&#8243; _module_preset=&#8221;default&#8221; global_colors_info=&#8221;{}&#8221; theme_builder_area=&#8221;post_content&#8221;][et_pb_text _builder_version=&#8221;4.17.4&#8243; _module_preset=&#8221;default&#8221; text_font=&#8221;||||||||&#8221; text_text_color=&#8221;#000000&#8243; text_font_size=&#8221;17px&#8221; text_line_height=&#8221;1.6em&#8221; custom_margin=&#8221;60px|60px||60px|false|false&#8221; custom_padding=&#8221;||||false|false&#8221; hover_enabled=&#8221;0&#8243; global_colors_info=&#8221;{}&#8221; theme_builder_area=&#8221;post_content&#8221; sticky_enabled=&#8221;0&#8243;]<\/p>\n<p style=\"text-align: justify\"><span>Entre los\u00a0<\/span><strong>derechos econ\u00f3micos y sociales<\/strong><span> recogidos en la Constituci\u00f3n se encuentran el derecho a la educaci\u00f3n (art. 27); el derecho a sindicarse libremente (art. 28); el derecho y deber de trabajar (art. 35); la libertad de empresa (art. 38), entre otros.<\/span><\/p>\n<p>[\/et_pb_text][et_pb_toggle title=&#8221;T\u00edtulo I de la CE. De los derechos y deberes fundamentales&#8221; open_toggle_text_color=&#8221;#000000&#8243; _builder_version=&#8221;4.17.4&#8243; _module_preset=&#8221;default&#8221; title_text_color=&#8221;#000000&#8243; title_font=&#8221;Abhaya Libre|700|||||||&#8221; title_font_size=&#8221;27px&#8221; width=&#8221;71%&#8221; module_alignment=&#8221;center&#8221; border_radii=&#8221;on|10px|10px|10px|10px&#8221; border_width_all=&#8221;0px&#8221; global_colors_info=&#8221;{}&#8221; theme_builder_area=&#8221;post_content&#8221;]<\/p>\n<div class=\"mt-faq-text\">\u00a0<\/p>\n<p class=\"parrafo\">\n<h4><span><strong>CAP\u00cdTULO SEGUNDO. DERECHOS Y LIBERTADES\u00a0<\/strong><\/span><\/h4>\n<h4 class=\"seccion\"><strong>Secci\u00f3n 1.\u00aa De los derechos fundamentales y de las libertades p\u00fablicas<\/strong><\/h4>\n<div class=\"b-s-t50 b-s-b50\">\n<div class=\"b b-text cf\">\n<div class=\"b-c b-text-c b-s b-s-t60 b-s-b60 b-cs cf\">\n<blockquote>\n<p><b>Art\u00edculo 27<\/b><\/p>\n<\/blockquote>\n<p class=\"parrafo\" style=\"text-align: justify\">1. Todos tienen el <span style=\"text-decoration: underline;color: #0c71c3\"><strong>derecho a la educaci\u00f3n<\/strong><\/span>. Se reconoce la <span style=\"text-decoration: underline\">libertad de ense\u00f1anza<\/span>.<\/p>\n<p class=\"parrafo\" style=\"text-align: justify\">2. La educaci\u00f3n tendr\u00e1 por <span style=\"text-decoration: underline\">objeto<\/span> el <span style=\"text-decoration: underline\">pleno desarrollo de la personalidad<\/span> humana en el respeto a los principios democr\u00e1ticos de convivencia y a los derechos y libertades fundamentales.<\/p>\n<p class=\"parrafo\" style=\"text-align: justify\">3. Los poderes p\u00fablicos garantizan el derecho que asiste a los padres para que sus hijos reciban la <span style=\"text-decoration: underline\">formaci\u00f3n religiosa y moral que est\u00e9 de acuerdo con sus propias convicciones<\/span>.<\/p>\n<p class=\"parrafo\" style=\"text-align: justify\">4. <span style=\"text-decoration: underline\">La ense\u00f1anza b\u00e1sica es obligatoria y gratuita<\/span>.<\/p>\n<p class=\"parrafo\" style=\"text-align: justify\">5. Los poderes p\u00fablicos garantizan el derecho de todos a la educaci\u00f3n, mediante una programaci\u00f3n general de la ense\u00f1anza, con participaci\u00f3n efectiva de todos los sectores afectados y la creaci\u00f3n de centros docentes.<\/p>\n<p class=\"parrafo\" style=\"text-align: justify\">6. Se reconoce a las personas f\u00edsicas y jur\u00eddicas la libertad de creaci\u00f3n de centros docentes, dentro del respeto a los principios constitucionales.<\/p>\n<p class=\"parrafo\" style=\"text-align: justify\">7. Los profesores, los padres y, en su caso, los alumnos intervendr\u00e1n en el control y gesti\u00f3n de todos los centros sostenidos por la Administraci\u00f3n con fondos p\u00fablicos, en los t\u00e9rminos que la ley establezca.<\/p>\n<p class=\"parrafo\" style=\"text-align: justify\">8. Los poderes p\u00fablicos inspeccionar\u00e1n y homologar\u00e1n el sistema educativo para garantizar el cumplimiento de las leyes.<\/p>\n<p class=\"parrafo\" style=\"text-align: justify\">9. Los poderes p\u00fablicos ayudar\u00e1n a los centros docentes que re\u00fanan los requisitos que la ley establezca.<\/p>\n<p class=\"parrafo\" style=\"text-align: justify\">10. Se reconoce la <span style=\"text-decoration: underline\">autonom\u00eda de las Universidades<\/span>, en los t\u00e9rminos que la ley establezca.<\/p>\n<blockquote>\n<p class=\"parrafo\" style=\"text-align: justify\"><strong>Art\u00edculo 28<\/strong><\/p>\n<\/blockquote>\n<p class=\"parrafo\" style=\"text-align: justify\">1. Todos tienen <span style=\"text-decoration: underline;color: #0c71c3\"><strong>derecho a sindicarse libremente<\/strong><\/span>. <span style=\"text-decoration: underline\">La ley podr\u00e1 limitar o exceptuar el ejercicio de este derecho a las Fuerzas o Institutos armados o a los dem\u00e1s Cuerpos sometidos a disciplina militar y regular\u00e1 las peculiaridades de su ejercicio para los funcionarios p\u00fablicos<\/span>. La libertad sindical comprende el derecho a <strong>fundar<\/strong> sindicatos <strong>y a afiliarse<\/strong> al de su elecci\u00f3n, as\u00ed como el <span style=\"text-decoration: underline\">derecho de los sindicatos a formar confederaciones y a fundar organizaciones sindicales internacionales o a afiliarse a las mismas<\/span>. <span style=\"text-decoration: underline\">Nadie podr\u00e1 ser obligado a afiliarse a un sindicato<\/span>.<\/p>\n<p class=\"parrafo\" style=\"text-align: justify\">2. Se reconoce el <strong><span style=\"text-decoration: underline;color: #0c71c3\">derecho a la huelga<\/span> de los trabajadores para la defensa de sus intereses<\/strong>. La ley que regule el ejercicio de este derecho establecer\u00e1 las garant\u00edas precisas para asegurar el mantenimiento de los servicios esenciales de la comunidad.<\/p>\n<p class=\"parrafo\" style=\"text-align: justify\">\n<h4 class=\"seccion\"><strong>Secci\u00f3n 2.\u00aa De los derechos y deberes de los ciudadanos<\/strong><\/h4>\n<blockquote>\n<p><strong>Art\u00edculo 35<\/strong><\/p>\n<\/blockquote>\n<p class=\"parrafo\" style=\"text-align: justify\">1. Todos los espa\u00f1oles tienen el <span style=\"text-decoration: underline;color: #0c71c3\"><strong>deber de trabajar y el derecho al trabajo<\/strong><\/span><span style=\"text-decoration: underline\">, a la libre elecci\u00f3n de profesi\u00f3n u oficio, a la promoci\u00f3n a trav\u00e9s del trabajo y a una remuneraci\u00f3n suficiente<\/span> para satisfacer sus necesidades y las de su familia, sin que en ning\u00fan caso pueda hacerse discriminaci\u00f3n por raz\u00f3n de sexo.<\/p>\n<p class=\"parrafo\" style=\"text-align: justify\">2. La ley regular\u00e1 un estatuto de los trabajadores.<strong><\/strong><\/p>\n<blockquote>\n<p><strong>Art\u00edculo 38<\/strong><\/p>\n<\/blockquote>\n<div class=\"bloque\" id=\"a38\">\n<p class=\"parrafo\" style=\"text-align: justify\">Se reconoce la <span style=\"text-decoration: underline;color: #0c71c3\"><strong>libertad de empresa<\/strong><\/span> en el marco de la econom\u00eda de mercado. Los poderes p\u00fablicos garantizan y protegen su ejercicio y la defensa de la productividad, de acuerdo con las exigencias de la econom\u00eda general y, en su caso, de la planificaci\u00f3n.<\/p>\n<p class=\"parrafo\" style=\"text-align: justify\">\n<\/div>\n<h4><span><strong>CAP\u00cdTULO TERCERO. DE LOS PRINCIPIOS RECTORES DE LA POL\u00cdTICA SOCIAL Y ECON\u00d3MICA<\/strong><\/span><\/h4>\n<blockquote>\n<p><strong>Art\u00edculo 39<\/strong><\/p>\n<\/blockquote>\n<p class=\"parrafo\" style=\"text-align: justify\">1. Los poderes p\u00fablicos aseguran la <span style=\"color: #0c71c3\"><strong><span style=\"text-decoration: underline\">protecci\u00f3n social, econ\u00f3mica y jur\u00eddica de la familia<\/span><\/strong><\/span>.<\/p>\n<p class=\"parrafo\" style=\"text-align: justify\">2. Los poderes p\u00fablicos aseguran, asimismo, la <strong>protecci\u00f3n integral de los hijos<\/strong>, iguales \u00e9stos ante la ley con independencia de su filiaci\u00f3n, <strong>y de las madres<\/strong>, cualquiera que sea su estado civil. La ley posibilitar\u00e1 la investigaci\u00f3n de la paternidad.<\/p>\n<p class=\"parrafo\" style=\"text-align: justify\">3. Los padres deben prestar asistencia de todo orden a los hijos habidos dentro o fuera del matrimonio, durante su minor\u00eda de edad y en los dem\u00e1s casos en que legalmente proceda.<\/p>\n<p class=\"parrafo\" style=\"text-align: justify\">4. Los ni\u00f1os gozar\u00e1n de la protecci\u00f3n prevista en los acuerdos internacionales que velan por sus derechos.<\/p>\n<blockquote>\n<p class=\"parrafo\" style=\"text-align: justify\"><strong>Art\u00edculo 40<\/strong><\/p>\n<\/blockquote>\n<p class=\"parrafo\" style=\"text-align: justify\">1. Los poderes p\u00fablicos promover\u00e1n las condiciones favorables para el <span style=\"text-decoration: underline;color: #0c71c3\"><strong>progreso social y econ\u00f3mico<\/strong><\/span> y para una distribuci\u00f3n de la renta regional y personal m\u00e1s equitativa, en el marco de una pol\u00edtica de estabilidad econ\u00f3mica. De manera especial realizar\u00e1n una pol\u00edtica orientada al pleno empleo.<\/p>\n<p class=\"parrafo\" style=\"text-align: justify\">2. Asimismo, los poderes p\u00fablicos fomentar\u00e1n una <span style=\"text-decoration: underline;color: #0c71c3\"><strong>pol\u00edtica que garantice la formaci\u00f3n y readaptaci\u00f3n profesionales<\/strong><\/span>; velar\u00e1n por la seguridad e higiene en el trabajo y garantizar\u00e1n el descanso necesario, mediante la limitaci\u00f3n de la jornada laboral, las vacaciones peri\u00f3dicas retribuidas y la promoci\u00f3n de centros adecuados.<\/p>\n<blockquote>\n<p class=\"parrafo\" style=\"text-align: justify\"><strong>Art\u00edculo 41<\/strong><\/p>\n<\/blockquote>\n<div class=\"bloque\" id=\"a41\">\n<p class=\"parrafo\" style=\"text-align: justify\">Los poderes p\u00fablicos mantendr\u00e1n un r\u00e9gimen p\u00fablico de <span style=\"text-decoration: underline;color: #0c71c3\"><strong>Seguridad Social<\/strong><\/span> para todos los ciudadanos, que <span style=\"text-decoration: underline\">garantice la asistencia y prestaciones sociales suficientes<\/span> ante situaciones de necesidad, especialmente en caso de desempleo. La asistencia y prestaciones complementarias ser\u00e1n libres.<\/p>\n<\/div>\n<blockquote>\n<p class=\"parrafo\" style=\"text-align: justify\"><strong>Art\u00edculo 42<\/strong><\/p>\n<\/blockquote>\n<div class=\"bloque\" id=\"a42\">\n<p class=\"parrafo\" style=\"text-align: justify\"><span style=\"text-decoration: underline\">El Estado velar\u00e1<\/span> especialmente por la salvaguardia de los <span style=\"text-decoration: underline\">derechos econ\u00f3micos y sociales<\/span> de los <span style=\"text-decoration: underline;color: #0c71c3\"><strong>trabajadores espa\u00f1oles en el extranjero<\/strong><\/span> y <span style=\"text-decoration: underline\">orientar\u00e1 su pol\u00edtica hacia su retorno<\/span>.<\/p>\n<\/div>\n<blockquote>\n<p><strong>Art\u00edculo 43<\/strong><\/p>\n<\/blockquote>\n<p class=\"parrafo\" style=\"text-align: justify\">1. Se reconoce el <span style=\"text-decoration: underline;color: #0c71c3\"><strong>derecho a la protecci\u00f3n de la salud<\/strong><\/span>.<\/p>\n<p class=\"parrafo\" style=\"text-align: justify\">2. Compete a los poderes p\u00fablicos organizar y tutelar la salud p\u00fablica a trav\u00e9s de medidas preventivas y de las prestaciones y servicios necesarios. La ley establecer\u00e1 los derechos y deberes de todos al respecto.<\/p>\n<p class=\"parrafo\" style=\"text-align: justify\">3. Los poderes p\u00fablicos fomentar\u00e1n la educaci\u00f3n sanitaria, la educaci\u00f3n f\u00edsica y el deporte. Asimismo facilitar\u00e1n la adecuada utilizaci\u00f3n del ocio.<\/p>\n<blockquote>\n<p class=\"parrafo\"><strong>Art\u00edculo 44<\/strong><\/p>\n<\/blockquote>\n<p class=\"parrafo\" style=\"text-align: justify\">1. Los <strong>poderes p\u00fablicos promover\u00e1n y tutelar\u00e1n el acceso a la <span style=\"text-decoration: underline;color: #0c71c3\">cultura<\/span>, a la que todos tienen derecho<\/strong>.<\/p>\n<p class=\"parrafo\" style=\"text-align: justify\">2. Los p<span style=\"text-decoration: underline\">oderes p\u00fablicos promover\u00e1n la ciencia y la investigaci\u00f3n cient\u00edfica y t\u00e9cnica<\/span> en beneficio del inter\u00e9s general.<\/p>\n<blockquote>\n<p class=\"parrafo\" style=\"text-align: justify\"><strong>Art\u00edculo 45<\/strong><\/p>\n<\/blockquote>\n<div class=\"bloque\" id=\"a45\">\n<p class=\"parrafo\" style=\"text-align: justify\">1. Todos tienen el <span style=\"text-decoration: underline\"><span style=\"color: #0c71c3;text-decoration: underline\"><strong>derecho<\/strong><\/span> a disfrutar de un <span style=\"color: #0c71c3;text-decoration: underline\"><strong>medio ambiente<\/strong><\/span> adecuado para el desarrollo de la persona, as\u00ed como el deber de conservarlo<\/span>.<\/p>\n<p class=\"parrafo\" style=\"text-align: justify\">2. Los <span style=\"text-decoration: underline\">poderes p\u00fablicos velar\u00e1n por la utilizaci\u00f3n racional de todos los recursos naturales<\/span>, con el fin de proteger y mejorar la calidad de la vida y defender y restaurar el medio ambiente, apoy\u00e1ndose en la indispensable solidaridad colectiva.<\/p>\n<p class=\"parrafo\" style=\"text-align: justify\">3. Para quienes violen lo dispuesto en el apartado anterior, en los t\u00e9rminos que la ley fije se establecer\u00e1n <span style=\"text-decoration: underline\">sanciones penales o, en su caso, administrativas, as\u00ed como la obligaci\u00f3n de reparar el da\u00f1o causado<\/span>.<\/p>\n<blockquote>\n<p class=\"parrafo\" style=\"text-align: justify\"><strong>Art\u00edculo 46<\/strong><\/p>\n<\/blockquote>\n<p class=\"parrafo\" style=\"text-align: justify\">\n<div class=\"bloque\" id=\"a46\">\n<p class=\"parrafo\" style=\"text-align: justify\">Los poderes p\u00fablicos garantizar\u00e1n la conservaci\u00f3n y promover\u00e1n el enriquecimiento del <span style=\"text-decoration: underline;color: #0c71c3\"><strong>patrimonio hist\u00f3rico, cultural y art\u00edstico<\/strong><\/span> de los pueblos de Espa\u00f1a y de los bienes que lo integran, cualquiera que sea su r\u00e9gimen jur\u00eddico y su titularidad. La ley penal sancionar\u00e1 los atentados contra este patrimonio.<\/p>\n<\/div>\n<\/div>\n<blockquote>\n<p class=\"parrafo\" style=\"text-align: justify\"><strong>Art\u00edculo 47<\/strong><\/p>\n<\/blockquote>\n<div class=\"bloque\" id=\"a47\">\n<p class=\"parrafo\" style=\"text-align: justify\">Todos los espa\u00f1oles tienen <span style=\"text-decoration: underline;color: #0c71c3\"><strong>derecho a disfrutar de una vivienda digna y adecuada<\/strong><\/span>. Los <span style=\"text-decoration: underline\">poderes p\u00fablicos promover\u00e1n las condiciones necesarias y establecer\u00e1n las normas<\/span> pertinentes para hacer efectivo este derecho, r<span style=\"text-decoration: underline\">egulando la utilizaci\u00f3n del suelo<\/span> de acuerdo con el inter\u00e9s general <span style=\"text-decoration: underline\">para impedir la especulaci\u00f3n<\/span>. La comunidad participar\u00e1 en las plusval\u00edas que genere la acci\u00f3n urban\u00edstica de los entes p\u00fablicos.<\/p>\n<blockquote>\n<p class=\"parrafo\" style=\"text-align: justify\"><strong>Art\u00edculo 48<\/strong><\/p>\n<\/blockquote>\n<div class=\"bloque\" id=\"a48\">\n<p class=\"parrafo\" style=\"text-align: justify\">Los poderes p\u00fablicos promover\u00e1n las condiciones para la <span style=\"text-decoration: underline;color: #0c71c3\"><strong>participaci\u00f3n libre y eficaz de la juventud<\/strong><\/span> en el <span style=\"text-decoration: underline\">desarrollo pol\u00edtico, social, econ\u00f3mico y cultural<\/span>.<\/p>\n<\/div>\n<blockquote>\n<p class=\"parrafo\" style=\"text-align: justify\"><strong>Art\u00edculo 49<\/strong><\/p>\n<\/blockquote>\n<p class=\"parrafo\" style=\"text-align: justify\">1. Las <span style=\"text-decoration: underline;color: #0c71c3\"><strong>personas con discapacidad<\/strong><\/span> ejercen los derechos previstos en este T\u00edtulo en condiciones de libertad e igualdad reales y efectivas. Se regular\u00e1 por ley la protecci\u00f3n especial que sea necesaria para dicho ejercicio.<\/p>\n<p class=\"parrafo\" style=\"text-align: justify\">2. Los poderes p\u00fablicos impulsar\u00e1n las pol\u00edticas que garanticen la <span style=\"text-decoration: underline\">plena autonom\u00eda personal y la inclusi\u00f3n social<\/span> de las personas con discapacidad, en entornos universalmente accesibles. Asimismo, <span style=\"text-decoration: underline\">fomentar\u00e1n la<\/span> <span style=\"text-decoration: underline\">participaci\u00f3n de sus organizaciones<\/span>, en los t\u00e9rminos que la ley establezca. Se atender\u00e1n particularmente las necesidades espec\u00edficas de las mujeres y los menores con discapacidad.<\/p>\n<blockquote>\n<p class=\"parrafo\" style=\"text-align: justify\"><strong>Art\u00edculo 50<\/strong><\/p>\n<\/blockquote>\n<div class=\"bloque\" id=\"a50\">\n<p class=\"parrafo\" style=\"text-align: justify\">Los poderes p\u00fablicos garantizar\u00e1n, mediante pensiones adecuadas y peri\u00f3dicamente actualizadas, la <span style=\"text-decoration: underline\">suficiencia econ\u00f3mica<\/span> a los ciudadanos durante la <span style=\"text-decoration: underline;color: #0c71c3\"><strong>tercera edad<\/strong><\/span>. Asimismo, y con independencia de las obligaciones familiares, <span style=\"text-decoration: underline\">promover\u00e1n su bienestar<\/span> mediante un sistema de servicios sociales que atender\u00e1n sus problemas espec\u00edficos de salud, vivienda, cultura y ocio.<\/p>\n<blockquote>\n<p class=\"parrafo\" style=\"text-align: justify\"><strong>Art\u00edculo 51<\/strong><\/p>\n<\/blockquote>\n<p class=\"parrafo\" style=\"text-align: justify\">1. Los <strong>poderes p\u00fablicos garantizar\u00e1n la defensa de los <span style=\"text-decoration: underline;color: #0c71c3\">consumidores y usuarios<\/span><\/strong>, protegiendo, mediante procedimientos eficaces, la seguridad, la salud y los leg\u00edtimos intereses econ\u00f3micos de los mismos.<\/p>\n<p class=\"parrafo\" style=\"text-align: justify\">2. Los poderes p\u00fablicos promover\u00e1n la informaci\u00f3n y la educaci\u00f3n de los consumidores y usuarios, fomentar\u00e1n sus organizaciones y oir\u00e1n a \u00e9stas en las cuestiones que puedan afectar a aqu\u00e9llos, en los t\u00e9rminos que la ley establezca.<\/p>\n<p class=\"parrafo\" style=\"text-align: justify\">3. En el marco de lo dispuesto por los apartados anteriores, la ley regular\u00e1 el comercio interior y el r\u00e9gimen de autorizaci\u00f3n de productos comerciales.<\/p>\n<p class=\"parrafo\" style=\"text-align: justify\">\n<\/div>\n<p class=\"parrafo\" style=\"text-align: justify\">\n<\/div>\n<p class=\"parrafo\">\n<\/div>\n<\/div>\n<\/div>\n<\/div>\n<p>[\/et_pb_toggle][et_pb_text _builder_version=&#8221;4.17.4&#8243; _module_preset=&#8221;default&#8221; global_colors_info=&#8221;{}&#8221; theme_builder_area=&#8221;post_content&#8221;]<\/p>\n<p style=\"text-align: center\">\n<p>[\/et_pb_text][\/et_pb_column][\/et_pb_row][et_pb_row _builder_version=&#8221;4.17.4&#8243; _module_preset=&#8221;default&#8221;][et_pb_column _builder_version=&#8221;4.17.4&#8243; _module_preset=&#8221;default&#8221; type=&#8221;4_4&#8243;][\/et_pb_column][\/et_pb_row][\/et_pb_section]<\/p>\n","protected":false},"excerpt":{"rendered":"<p>Igualdad, derechos y garant\u00edas constitucionales\u2014\u00a0 T 15 y 16. Derechos econ\u00f3micos y sociales\u00a0 \u2014\u2014 UD4. Los Derechos Fundamentales \u2014Entre los\u00a0derechos econ\u00f3micos y sociales recogidos en la Constituci\u00f3n se encuentran el derecho a la educaci\u00f3n (art. 27); el derecho a sindicarse libremente (art. 28); el derecho y deber de trabajar (art. 35); la libertad de empresa [&hellip;]<\/p>\n","protected":false},"author":3782,"featured_media":0,"parent":0,"menu_order":0,"comment_status":"closed","ping_status":"closed","template":"","meta":{"_et_pb_use_builder":"on","_et_pb_old_content":"","_et_gb_content_width":"","_links_to":"","_links_to_target":""},"_links":{"self":[{"href":"https:\/\/igualdad-constitucional.umh.es\/ca\/wp-json\/wp\/v2\/pages\/487"}],"collection":[{"href":"https:\/\/igualdad-constitucional.umh.es\/ca\/wp-json\/wp\/v2\/pages"}],"about":[{"href":"https:\/\/igualdad-constitucional.umh.es\/ca\/wp-json\/wp\/v2\/types\/page"}],"author":[{"embeddable":true,"href":"https:\/\/igualdad-constitucional.umh.es\/ca\/wp-json\/wp\/v2\/users\/3782"}],"replies":[{"embeddable":true,"href":"https:\/\/igualdad-constitucional.umh.es\/ca\/wp-json\/wp\/v2\/comments?post=487"}],"version-history":[{"count":0,"href":"https:\/\/igualdad-constitucional.umh.es\/ca\/wp-json\/wp\/v2\/pages\/487\/revisions"}],"wp:attachment":[{"href":"https:\/\/igualdad-constitucional.umh.es\/ca\/wp-json\/wp\/v2\/media?parent=487"}],"curies":[{"name":"wp","href":"https:\/\/api.w.org\/{rel}","templated":true}]}}