{"id":779,"date":"2024-12-09T16:53:24","date_gmt":"2024-12-09T15:53:24","guid":{"rendered":"https:\/\/igualdad-constitucional.umh.es\/?page_id=779"},"modified":"2025-04-19T19:09:15","modified_gmt":"2025-04-19T17:09:15","slug":"derecho-al-honor-a-la-intimidad-y-a-la-propia-imagen-%e2%9c%a8","status":"publish","type":"page","link":"https:\/\/igualdad-constitucional.umh.es\/ca\/derecho-al-honor-a-la-intimidad-y-a-la-propia-imagen-%e2%9c%a8\/","title":{"rendered":"<span lang=\"es\">(Espa\u00f1ol) Derecho al honor, a la intimidad y a la propia imagen \u2728<\/span>"},"content":{"rendered":"<p>[et_pb_section fb_built=&#8221;1&#8243; _builder_version=&#8221;4.17.4&#8243; _module_preset=&#8221;default&#8221; background_enable_pattern_style=&#8221;on&#8221; background_pattern_style=&#8221;zig-zag-2&#8243; background_pattern_color=&#8221;rgba(0,0,0,0.03)&#8221; global_colors_info=&#8221;{}&#8221;][et_pb_row _builder_version=&#8221;4.17.4&#8243; _module_preset=&#8221;default&#8221; global_colors_info=&#8221;{}&#8221;][et_pb_column type=&#8221;4_4&#8243; _builder_version=&#8221;4.17.4&#8243; _module_preset=&#8221;default&#8221; global_colors_info=&#8221;{}&#8221;][et_pb_text _builder_version=&#8221;4.17.4&#8243; _module_preset=&#8221;default&#8221; text_font=&#8221;|700|||||||&#8221; text_text_color=&#8221;#fdda35&#8243; text_font_size=&#8221;27px&#8221; text_orientation=&#8221;center&#8221; global_colors_info=&#8221;{}&#8221;]<\/p>\n<p>Recomendaciones<\/p>\n<p>[\/et_pb_text][et_pb_text _builder_version=&#8221;4.17.4&#8243; _module_preset=&#8221;default&#8221; text_font=&#8221;Abhaya Libre|600|||||||&#8221; text_text_color=&#8221;#000000&#8243; text_font_size=&#8221;45px&#8221; text_orientation=&#8221;center&#8221; module_alignment=&#8221;center&#8221; global_colors_info=&#8221;{}&#8221;]<\/p>\n<p style=\"text-align: center\">Derecho al honor, a la intimidad y a la propia imagen<\/p>\n<p>[\/et_pb_text][et_pb_divider color=&#8221;#fdda35&#8243; divider_weight=&#8221;4px&#8221; _builder_version=&#8221;4.17.4&#8243; _module_preset=&#8221;default&#8221; width=&#8221;6%&#8221; module_alignment=&#8221;center&#8221; custom_margin=&#8221;-10px||||false|false&#8221; custom_padding=&#8221;||||false|false&#8221; global_colors_info=&#8221;{}&#8221;][\/et_pb_divider][et_pb_text _builder_version=&#8221;4.17.4&#8243; _module_preset=&#8221;default&#8221; text_font=&#8221;Abhaya Libre||||||||&#8221; text_text_color=&#8221;#fdda35&#8243; text_font_size=&#8221;36px&#8221; text_orientation=&#8221;center&#8221; global_colors_info=&#8221;{}&#8221;]<\/p>\n<h3 id=\"wnd_TextBlock_148995_inner_1\" data-wnd_is_separable=\"1\" data-wnd_separable_index=\"1\" data-wnd_separable_id=\"wnd_TextBlock_148995\"><span class=\"wsw-02\"><i>Se\u00a0garantiza el derecho al honor, a la intimidad personal y familiar y a la propia imagen.<\/i><span>\u00a0<\/span><\/span><\/h3>\n<h3 data-wnd_is_separable=\"1\" data-wnd_separable_index=\"1\" data-wnd_separable_id=\"wnd_TextBlock_148995\"><span class=\"wsw-02\"><b>(18.1 CE)<\/b><\/span><\/h3>\n<p>[\/et_pb_text][et_pb_divider color=&#8221;#000000&#8243; divider_position=&#8221;center&#8221; divider_weight=&#8221;1px&#8221; _builder_version=&#8221;4.17.4&#8243; _module_preset=&#8221;default&#8221; global_colors_info=&#8221;{}&#8221;][\/et_pb_divider][\/et_pb_column][\/et_pb_row][\/et_pb_section][et_pb_section fb_built=&#8221;1&#8243; _builder_version=&#8221;4.17.4&#8243; _module_preset=&#8221;default&#8221; custom_padding=&#8221;||9px|||&#8221; global_colors_info=&#8221;{}&#8221;][et_pb_row column_structure=&#8221;1_4,1_4,1_4,1_4&#8243; _builder_version=&#8221;4.17.4&#8243; _module_preset=&#8221;default&#8221; global_colors_info=&#8221;{}&#8221;][et_pb_column type=&#8221;1_4&#8243; _builder_version=&#8221;4.17.4&#8243; _module_preset=&#8221;default&#8221; global_colors_info=&#8221;{}&#8221;][et_pb_image src=&#8221;https:\/\/igualdad-constitucional.umh.es\/files\/2024\/12\/La-vida-de-los-otros-1.jpg&#8221; title_text=&#8221;La vida de los otros&#8221; url=&#8221;https:\/\/www.youtube.com\/watch?v=eiFlAH02A4g&#8221; url_new_window=&#8221;on&#8221; align=&#8221;center&#8221; force_fullwidth=&#8221;on&#8221; _builder_version=&#8221;4.17.4&#8243; _module_preset=&#8221;default&#8221; scroll_fade_enable=&#8221;on&#8221; scroll_fade=&#8221;0|14|14|100|0|100|100&#8243; scroll_scaling_enable=&#8221;on&#8221; scroll_scaling=&#8221;0|53|53|100|90%|100|100&#8243; border_width_all=&#8221;8px&#8221; border_radii_last_edited=&#8221;off|desktop&#8221; box_shadow_style=&#8221;preset4&#8243; box_shadow_blur=&#8221;14px&#8221; global_colors_info=&#8221;{}&#8221;][\/et_pb_image][\/et_pb_column][et_pb_column type=&#8221;1_4&#8243; _builder_version=&#8221;4.17.4&#8243; _module_preset=&#8221;default&#8221; global_colors_info=&#8221;{}&#8221;][et_pb_text _builder_version=&#8221;4.17.4&#8243; _module_preset=&#8221;default&#8221; text_font=&#8221;Abel||||||||&#8221; text_font_size=&#8221;16px&#8221; header_3_font=&#8221;Abel|700|on||||||&#8221; header_3_text_align=&#8221;justify&#8221; header_5_font=&#8221;||||||||&#8221; header_5_text_align=&#8221;justify&#8221; header_3_text_shadow_style=&#8221;preset4&#8243; global_colors_info=&#8221;{}&#8221;]<\/p>\n<h3>El expreso de medianoche<\/h3>\n<h5><strong>Pel\u00edcula<\/strong> recomendada por Nuria Reche Tello<\/h5>\n<p style=\"text-align: justify\"><span>Rep\u00fablica Democr\u00e1tica Alemana, a\u00f1o 1984. El capit\u00e1n Gerd Wiesler, un hombre solitario, es un competente oficial del servicio de inteligencia y espionaje de la Stasi, la todopoderosa polic\u00eda secreta del r\u00e9gimen comunista de la RDA. Sin embargo, cuando le encomiendan que esp\u00ede a la pareja formada por un prestigioso escritor y una popular actriz, no puede ni siquiera imaginar hasta qu\u00e9 punto esa misi\u00f3n va a influir en su concepci\u00f3n de la vida y del mundo (FILMAFFINITY).<\/span><\/p>\n<p>[\/et_pb_text][\/et_pb_column][et_pb_column type=&#8221;1_4&#8243; _builder_version=&#8221;4.17.4&#8243; _module_preset=&#8221;default&#8221; global_colors_info=&#8221;{}&#8221;][et_pb_image src=&#8221;https:\/\/igualdad-constitucional.umh.es\/files\/2024\/12\/1984.jpg&#8221; title_text=&#8221;1984&#8243; url=&#8221;https:\/\/www.youtube.com\/watch?v=W9LGsrbWx1w&#8221; url_new_window=&#8221;on&#8221; align=&#8221;center&#8221; force_fullwidth=&#8221;on&#8221; _builder_version=&#8221;4.17.4&#8243; _module_preset=&#8221;default&#8221; scroll_fade_enable=&#8221;on&#8221; scroll_fade=&#8221;0|14|14|100|0|100|100&#8243; scroll_scaling_enable=&#8221;on&#8221; scroll_scaling=&#8221;0|53|53|100|90%|100|100&#8243; border_width_all=&#8221;8px&#8221; border_radii_last_edited=&#8221;off|desktop&#8221; box_shadow_style=&#8221;preset4&#8243; box_shadow_blur=&#8221;14px&#8221; global_colors_info=&#8221;{}&#8221;][\/et_pb_image][\/et_pb_column][et_pb_column type=&#8221;1_4&#8243; _builder_version=&#8221;4.17.4&#8243; _module_preset=&#8221;default&#8221; global_colors_info=&#8221;{}&#8221;][et_pb_text _builder_version=&#8221;4.17.4&#8243; _module_preset=&#8221;default&#8221; text_font=&#8221;Abel||||||||&#8221; text_font_size=&#8221;16px&#8221; header_3_font=&#8221;Abel|700|on||||||&#8221; header_3_text_align=&#8221;justify&#8221; header_5_font=&#8221;||||||||&#8221; header_5_text_align=&#8221;justify&#8221; header_3_text_shadow_style=&#8221;preset4&#8243; global_colors_info=&#8221;{}&#8221;]<\/p>\n<h3>1984<\/h3>\n<h5><strong>Pel\u00edcula<\/strong> recomendada por Nuria Reche Tello<\/h5>\n<p style=\"text-align: justify\"><span>1984 es una novela pol\u00edtica de ficci\u00f3n dist\u00f3pica, escrita por George Orwell entre 1947 y 1948 y publicada el 8 de junio de 1949. La novela introdujo los conceptos del omnipresente y vigilante Gran Hermano o Hermano Mayor, de la notoria habitaci\u00f3n 101, de la ubicua polic\u00eda del Pensamiento y de la neolengua, adaptaci\u00f3n del idioma ingl\u00e9s en la que se reduce y se transforma el l\u00e9xico con fines represivos, bas\u00e1ndose en el principio de que lo que no forma parte de la lengua, no puede ser pensado (WIKIPEDIA).<\/span><\/p>\n<p>[\/et_pb_text][\/et_pb_column][\/et_pb_row][et_pb_row column_structure=&#8221;1_4,1_4,1_4,1_4&#8243; _builder_version=&#8221;4.17.4&#8243; _module_preset=&#8221;default&#8221; global_colors_info=&#8221;{}&#8221;][et_pb_column type=&#8221;1_4&#8243; _builder_version=&#8221;4.17.4&#8243; _module_preset=&#8221;default&#8221; global_colors_info=&#8221;{}&#8221;][et_pb_image src=&#8221;https:\/\/igualdad-constitucional.umh.es\/files\/2025\/04\/imagen_2025-04-07_172225034-Ambar-Nazarena-Torres-Marr-209&#215;300.png&#8221; title_text=&#8221;imagen_2025-04-07_172225034 &#8211; Ambar Nazarena Torres Marr&#8221; url=&#8221;https:\/\/www.casadellibro.com\/libro-ensayo-sobre-la-ceguera\/9788420474496\/1245879?srsltid=AfmBOoqeWihghUiVKwmYwAI_BQGUeXQatM3prrarKmiosyD-F-yZQhmV&#8221; url_new_window=&#8221;on&#8221; align=&#8221;center&#8221; force_fullwidth=&#8221;on&#8221; _builder_version=&#8221;4.17.4&#8243; _module_preset=&#8221;default&#8221; scroll_fade_enable=&#8221;on&#8221; scroll_fade=&#8221;0|14|14|100|0|100|100&#8243; scroll_scaling_enable=&#8221;on&#8221; scroll_scaling=&#8221;0|53|53|100|90%|100|100&#8243; border_width_all=&#8221;8px&#8221; border_radii_last_edited=&#8221;off|desktop&#8221; box_shadow_style=&#8221;preset4&#8243; box_shadow_blur=&#8221;14px&#8221; global_colors_info=&#8221;{}&#8221;][\/et_pb_image][\/et_pb_column][et_pb_column type=&#8221;1_4&#8243; _builder_version=&#8221;4.17.4&#8243; _module_preset=&#8221;default&#8221; global_colors_info=&#8221;{}&#8221;][et_pb_text _builder_version=&#8221;4.17.4&#8243; _module_preset=&#8221;default&#8221; text_font=&#8221;Abel||||||||&#8221; text_font_size=&#8221;16px&#8221; header_3_font=&#8221;Abel|700|on||||||&#8221; header_3_text_align=&#8221;justify&#8221; header_5_font=&#8221;||||||||&#8221; header_5_text_align=&#8221;justify&#8221; header_3_text_shadow_style=&#8221;preset4&#8243; global_colors_info=&#8221;{}&#8221;]<\/p>\n<h3>Ensayo sobre la ceguera, de Jos\u00e9 Saramago<\/h3>\n<h5><strong>Ensayo<\/strong> recomendado por Ambar Torres (1\u00ba DADE)<\/h5>\n<p style=\"text-align: justify\">Una extra\u00f1a epidemia de ceguera blanca se propaga por una ciudad, sumiendo a la sociedad en el caos. Los infectados son aislados, y el orden colapsa. Solo una mujer conserva la vista, y a trav\u00e9s de ella se explora la fragilidad de la civilizaci\u00f3n, la condici\u00f3n humana y la delgada l\u00ednea entre la barbarie y la humanidad.<\/p>\n<p>[\/et_pb_text][\/et_pb_column][et_pb_column type=&#8221;1_4&#8243; _builder_version=&#8221;4.17.4&#8243; _module_preset=&#8221;default&#8221; global_colors_info=&#8221;{}&#8221;][et_pb_image src=&#8221;https:\/\/igualdad-constitucional.umh.es\/files\/2025\/04\/61dQ-JNC72L._AC_UF8941000_QL80_-201&#215;300.jpg&#8221; title_text=&#8221;61dQ-JNC72L._AC_UF894,1000_QL80_&#8221; url=&#8221;https:\/\/www.primevideo.com\/-\/es\/detail\/The-Truman-Show-Historia-de-una-vida\/0M6IL8RQZA8OP3943NE5061HOD&#8221; url_new_window=&#8221;on&#8221; align=&#8221;center&#8221; force_fullwidth=&#8221;on&#8221; _builder_version=&#8221;4.17.4&#8243; _module_preset=&#8221;default&#8221; scroll_fade_enable=&#8221;on&#8221; scroll_fade=&#8221;0|14|14|100|0|100|100&#8243; scroll_scaling_enable=&#8221;on&#8221; scroll_scaling=&#8221;0|53|53|100|90%|100|100&#8243; border_width_all=&#8221;8px&#8221; border_radii_last_edited=&#8221;off|desktop&#8221; box_shadow_style=&#8221;preset4&#8243; box_shadow_blur=&#8221;14px&#8221; global_colors_info=&#8221;{}&#8221;][\/et_pb_image][\/et_pb_column][et_pb_column type=&#8221;1_4&#8243; _builder_version=&#8221;4.17.4&#8243; _module_preset=&#8221;default&#8221; global_colors_info=&#8221;{}&#8221;][et_pb_text _builder_version=&#8221;4.17.4&#8243; _module_preset=&#8221;default&#8221; text_font=&#8221;Abel||||||||&#8221; text_font_size=&#8221;16px&#8221; header_3_font=&#8221;Abel|700|on||||||&#8221; header_3_text_align=&#8221;justify&#8221; header_5_font=&#8221;||||||||&#8221; header_5_text_align=&#8221;justify&#8221; header_3_text_shadow_style=&#8221;preset4&#8243; global_colors_info=&#8221;{}&#8221;]<\/p>\n<h3>El show de Truman<\/h3>\n<h5><strong>Pel\u00edcula<\/strong> recomendada por Ambar Torres (1\u00ba DADE)<\/h5>\n<p style=\"text-align: justify\"><span>Truman Burbank es la estrella de un programa de televisi\u00f3n pero \u00e9l no lo sabe. Desde que naci\u00f3, su vida es televisada y emitida para todo el mundo. Una reflexi\u00f3n sobre la libertad y el control de la vida por fuerzas externas sin conocimiento ni consentimiento del individuo.<\/span><\/p>\n<p>[\/et_pb_text][\/et_pb_column][\/et_pb_row][et_pb_row column_structure=&#8221;1_4,1_4,1_4,1_4&#8243; _builder_version=&#8221;4.17.4&#8243; _module_preset=&#8221;default&#8221; global_colors_info=&#8221;{}&#8221;][et_pb_column type=&#8221;1_4&#8243; _builder_version=&#8221;4.17.4&#8243; _module_preset=&#8221;default&#8221; global_colors_info=&#8221;{}&#8221;][et_pb_image src=&#8221;https:\/\/igualdad-constitucional.umh.es\/files\/2025\/04\/MV5BZDhmODFlMTQtYzU0YS00YTg4LWEyMTctZmRkZWYxMzgxMDFhXkEyXkFqcGc@._V1_FMjpg_UX1000_-203&#215;300.jpg&#8221; title_text=&#8221;MV5BZDhmODFlMTQtYzU0YS00YTg4LWEyMTctZmRkZWYxMzgxMDFhXkEyXkFqcGc@._V1_FMjpg_UX1000_&#8221; url=&#8221;https:\/\/youtu.be\/HVHKYXJq7qo?si=6lN0XQ8wWoPXZ0AW&#8221; url_new_window=&#8221;on&#8221; align=&#8221;center&#8221; force_fullwidth=&#8221;on&#8221; _builder_version=&#8221;4.17.4&#8243; _module_preset=&#8221;default&#8221; scroll_fade_enable=&#8221;on&#8221; scroll_fade=&#8221;0|14|14|100|0|100|100&#8243; scroll_scaling_enable=&#8221;on&#8221; scroll_scaling=&#8221;0|53|53|100|90%|100|100&#8243; hover_enabled=&#8221;0&#8243; border_width_all=&#8221;8px&#8221; border_radii_last_edited=&#8221;off|desktop&#8221; box_shadow_style=&#8221;preset4&#8243; box_shadow_blur=&#8221;14px&#8221; global_colors_info=&#8221;{}&#8221; sticky_enabled=&#8221;0&#8243;][\/et_pb_image][\/et_pb_column][et_pb_column type=&#8221;1_4&#8243; _builder_version=&#8221;4.17.4&#8243; _module_preset=&#8221;default&#8221; global_colors_info=&#8221;{}&#8221;][et_pb_text _builder_version=&#8221;4.17.4&#8243; _module_preset=&#8221;default&#8221; text_font=&#8221;Abel||||||||&#8221; text_font_size=&#8221;16px&#8221; header_3_font=&#8221;Abel|700|on||||||&#8221; header_3_text_align=&#8221;justify&#8221; header_5_font=&#8221;||||||||&#8221; header_5_text_align=&#8221;justify&#8221; hover_enabled=&#8221;0&#8243; header_3_text_shadow_style=&#8221;preset4&#8243; global_colors_info=&#8221;{}&#8221; sticky_enabled=&#8221;0&#8243;]<\/p>\n<h3>Nada es privado<\/h3>\n<h5><strong>Documental<\/strong> recomendado por Elizabeta Adarchenko (1\u00ba DADE)<\/h5>\n<p style=\"text-align: justify\">Este documental, disponible en Netflix, examina el esc\u00e1ndalo de Cambridge Analytica, que utiliz\u00f3 los datos personales de millones de usuarios de Facebook sin su consentimiento, para manipular elecciones y procesos democr\u00e1ticos, como el Brexit y las elecciones presidenciales de EE. UU. en 2016.<\/p>\n<p>[\/et_pb_text][\/et_pb_column][et_pb_column type=&#8221;1_4&#8243; _builder_version=&#8221;4.17.4&#8243; _module_preset=&#8221;default&#8221; global_colors_info=&#8221;{}&#8221;][\/et_pb_column][et_pb_column type=&#8221;1_4&#8243; _builder_version=&#8221;4.17.4&#8243; _module_preset=&#8221;default&#8221; global_colors_info=&#8221;{}&#8221;][\/et_pb_column][\/et_pb_row][\/et_pb_section][et_pb_section fb_built=&#8221;1&#8243; _builder_version=&#8221;4.17.4&#8243; _module_preset=&#8221;default&#8221; global_colors_info=&#8221;{}&#8221;][\/et_pb_section]<\/p>\n","protected":false},"excerpt":{"rendered":"<p>RecomendacionesDerecho al honor, a la intimidad y a la propia imagenSe\u00a0garantiza el derecho al honor, a la intimidad personal y familiar y a la propia imagen.\u00a0 (18.1 CE)El expreso de medianoche Pel\u00edcula recomendada por Nuria Reche Tello Rep\u00fablica Democr\u00e1tica Alemana, a\u00f1o 1984. El capit\u00e1n Gerd Wiesler, un hombre solitario, es un competente oficial del servicio [&hellip;]<\/p>\n","protected":false},"author":8660,"featured_media":0,"parent":0,"menu_order":0,"comment_status":"closed","ping_status":"closed","template":"","meta":{"_et_pb_use_builder":"on","_et_pb_old_content":"","_et_gb_content_width":"","_links_to":"","_links_to_target":""},"_links":{"self":[{"href":"https:\/\/igualdad-constitucional.umh.es\/ca\/wp-json\/wp\/v2\/pages\/779"}],"collection":[{"href":"https:\/\/igualdad-constitucional.umh.es\/ca\/wp-json\/wp\/v2\/pages"}],"about":[{"href":"https:\/\/igualdad-constitucional.umh.es\/ca\/wp-json\/wp\/v2\/types\/page"}],"author":[{"embeddable":true,"href":"https:\/\/igualdad-constitucional.umh.es\/ca\/wp-json\/wp\/v2\/users\/8660"}],"replies":[{"embeddable":true,"href":"https:\/\/igualdad-constitucional.umh.es\/ca\/wp-json\/wp\/v2\/comments?post=779"}],"version-history":[{"count":0,"href":"https:\/\/igualdad-constitucional.umh.es\/ca\/wp-json\/wp\/v2\/pages\/779\/revisions"}],"wp:attachment":[{"href":"https:\/\/igualdad-constitucional.umh.es\/ca\/wp-json\/wp\/v2\/media?parent=779"}],"curies":[{"name":"wp","href":"https:\/\/api.w.org\/{rel}","templated":true}]}}