{"id":409,"date":"2024-11-28T08:29:54","date_gmt":"2024-11-28T07:29:54","guid":{"rendered":"https:\/\/igualdad-constitucional.umh.es\/?page_id=409"},"modified":"2025-03-24T00:45:29","modified_gmt":"2025-03-23T23:45:29","slug":"tema-4-la-regulacion-constitucional-de-los-derechos","status":"publish","type":"page","link":"https:\/\/igualdad-constitucional.umh.es\/en\/tema-4-la-regulacion-constitucional-de-los-derechos\/","title":{"rendered":"Borrador autom\u00e1tico"},"content":{"rendered":"<p>[et_pb_section fb_built=&#8221;1&#8243; _builder_version=&#8221;4.17.4&#8243; _module_preset=&#8221;default&#8221; background_enable_pattern_style=&#8221;on&#8221; background_pattern_style=&#8221;scallops&#8221; background_pattern_color=&#8221;rgba(0,0,0,0.03)&#8221; global_colors_info=&#8221;{}&#8221;][et_pb_row _builder_version=&#8221;4.17.4&#8243; _module_preset=&#8221;default&#8221; global_colors_info=&#8221;{}&#8221;][et_pb_column type=&#8221;4_4&#8243; _builder_version=&#8221;4.17.4&#8243; _module_preset=&#8221;default&#8221; global_colors_info=&#8221;{}&#8221;][et_pb_text _builder_version=&#8221;4.17.4&#8243; _module_preset=&#8221;default&#8221; text_font=&#8221;|700|||||||&#8221; text_text_color=&#8221;#fdda35&#8243; text_font_size=&#8221;27px&#8221; text_orientation=&#8221;center&#8221; global_colors_info=&#8221;{}&#8221;]<\/p>\n<p>Igualdad, derechos y garant\u00edas constitucionales<\/p>\n<p>[\/et_pb_text][et_pb_text _builder_version=&#8221;4.17.4&#8243; _module_preset=&#8221;default&#8221; text_font=&#8221;Abhaya Libre|600|||||||&#8221; text_text_color=&#8221;#000000&#8243; text_font_size=&#8221;45px&#8221; global_colors_info=&#8221;{}&#8221;]<\/p>\n<p style=\"text-align: center\"><span style=\"color: #fdda35\"><strong>\u2014<\/strong><\/span>\u00a0 Tema 4. La regulaci\u00f3n constitucional de los derechos\u00a0 <span style=\"color: #fdda35\"><strong>\u2014<\/strong><\/span><\/p>\n<p>[\/et_pb_text][et_pb_text _builder_version=&#8221;4.17.4&#8243; _module_preset=&#8221;default&#8221; text_font=&#8221;Abhaya Libre||||||||&#8221; text_text_color=&#8221;#fdda35&#8243; text_font_size=&#8221;36px&#8221; text_orientation=&#8221;center&#8221; global_colors_info=&#8221;{}&#8221;]<\/p>\n<p><span style=\"color: #000000\">\u2014<\/span> UD2. El sistema de Derechos Fundamentales <span style=\"color: #000000\">\u2014<\/span><\/p>\n<p>[\/et_pb_text][\/et_pb_column][\/et_pb_row][\/et_pb_section][et_pb_section fb_built=&#8221;1&#8243; _builder_version=&#8221;4.17.4&#8243; _module_preset=&#8221;default&#8221; custom_padding=&#8221;||9px|||&#8221; global_colors_info=&#8221;{}&#8221;][et_pb_row _builder_version=&#8221;4.17.4&#8243; _module_preset=&#8221;default&#8221; background_color=&#8221;#ffffff&#8221; border_width_all=&#8221;13px&#8221; border_color_all=&#8221;#ffffff&#8221; box_shadow_style=&#8221;preset1&#8243; global_colors_info=&#8221;{}&#8221;][et_pb_column type=&#8221;4_4&#8243; _builder_version=&#8221;4.17.4&#8243; _module_preset=&#8221;default&#8221; global_colors_info=&#8221;{}&#8221;][et_pb_toggle title=&#8221;T\u00edtulo I de la CE. De los derechos y deberes fundamentales&#8221; open_toggle_text_color=&#8221;#000000&#8243; _builder_version=&#8221;4.17.4&#8243; _module_preset=&#8221;default&#8221; title_text_color=&#8221;#000000&#8243; title_font=&#8221;Abhaya Libre|700|||||||&#8221; title_font_size=&#8221;27px&#8221; width=&#8221;71%&#8221; module_alignment=&#8221;center&#8221; border_radii=&#8221;on|10px|10px|10px|10px&#8221; border_width_all=&#8221;0px&#8221; global_colors_info=&#8221;{}&#8221;]<\/p>\n<div class=\"mt-faq-text\">\n<div class=\"b-s-t50 b-s-b50\">\n<div class=\"b b-text cf\">\n<div class=\"b-c b-text-c b-s b-s-t60 b-s-b60 b-cs cf\">\n<p><span style=\"font-size: large;color: #474747\"><strong>CAP\u00cdTULO CUARTO. DE LAS GARANT\u00cdAS DE LAS LIBERTADES Y DERECHOS FUNDAMENTALES<\/strong><\/span><\/p>\n<blockquote><\/blockquote>\n<blockquote>\n<p><strong><span class=\"wnd-font-size-120 wsw-02\" data-j-w=\"false\">Art\u00edculo 53<\/span><\/strong><\/p>\n<\/blockquote>\n<ol>\n<ol>\n<li style=\"text-align: justify\"><span>Los\u00a0<strong>derechos y libertades reconocidos en el Cap\u00edtulo segundo del presente T\u00edtulo vinculan a todos los poderes p\u00fablicos.<\/strong>\u00a0S\u00f3lo por ley, que en todo caso deber\u00e1 respetar su contenido esencial, podr\u00e1 regularse el ejercicio de tales derechos y libertades, que se tutelar\u00e1n de acuerdo con lo previsto en el art\u00edculo 161, 1, a)<\/span><\/li>\n<li style=\"text-align: justify\"><span>Cualquier ciudadano podr\u00e1 recabar la\u00a0<strong>tutela de las libertades y derechos<\/strong>\u00a0reconocidos en el art\u00edculo 14 y la Secci\u00f3n primera del Cap\u00edtulo segundo\u00a0<strong>ante los\u00a0Tribunales ordinarios\u00a0por un procedimiento basado en los principios de\u00a0preferencia y sumariedad<\/strong>\u00a0<strong>y, en su caso,<\/strong>\u00a0a trav\u00e9s del\u00a0<strong>recurso de amparo ante el Tribunal Constitucional.<\/strong>\u00a0Este \u00faltimo recurso ser\u00e1 aplicable a la objeci\u00f3n de conciencia reconocida en el art\u00edculo 30.<\/span><\/li>\n<li style=\"text-align: justify\"><span>El reconocimiento, el respeto y la protecci\u00f3n de los principios reconocidos en el Cap\u00edtulo tercero informar\u00e1n la legislaci\u00f3n positiva, la pr\u00e1ctica judicial y la actuaci\u00f3n de los poderes p\u00fablicos. S\u00f3lo podr\u00e1n ser alegados ante la Jurisdicci\u00f3n ordinaria de acuerdo con lo que dispongan las leyes que los desarrollen.<\/span><\/li>\n<\/ol>\n<\/ol>\n<\/div>\n<\/div>\n<\/div>\n<\/div>\n<p>[\/et_pb_toggle][et_pb_button button_url=&#8221;https:\/\/igualdad-constitucional.umh.es\/files\/2025\/03\/TITULO-1.pdf&#8221; url_new_window=&#8221;on&#8221; button_text=&#8221;\u00a1Esquema del T\u00cdTULO I de la CE!&#8221; button_alignment=&#8221;center&#8221; _builder_version=&#8221;4.17.4&#8243; _module_preset=&#8221;default&#8221; custom_button=&#8221;on&#8221; button_text_color=&#8221;#000000&#8243; button_bg_color=&#8221;#ffffff&#8221; button_border_width=&#8221;0px&#8221; button_border_radius=&#8221;10px&#8221; box_shadow_style=&#8221;preset1&#8243; box_shadow_spread=&#8221;6px&#8221; locked=&#8221;off&#8221; global_colors_info=&#8221;{}&#8221;][\/et_pb_button][et_pb_text _builder_version=&#8221;4.17.4&#8243; _module_preset=&#8221;default&#8221; global_colors_info=&#8221;{}&#8221;]<\/p>\n<p style=\"text-align: center\">\n<p>[\/et_pb_text][et_pb_text _builder_version=&#8221;4.17.4&#8243; _module_preset=&#8221;default&#8221; text_font=&#8221;||||||||&#8221; text_text_color=&#8221;#000000&#8243; text_font_size=&#8221;17px&#8221; text_line_height=&#8221;1.6em&#8221; custom_margin=&#8221;60px|60px||60px|false|false&#8221; custom_padding=&#8221;||||false|false&#8221; hover_enabled=&#8221;0&#8243; global_colors_info=&#8221;{}&#8221; theme_builder_area=&#8221;post_content&#8221; sticky_enabled=&#8221;0&#8243;]<\/p>\n<p style=\"text-align: justify\"><span style=\"text-decoration: underline\"><a href=\"https:\/\/baylos.blogspot.com\/2019\/03\/legalidad-de-los-tratados.html\">Recomendaci\u00f3n blog<\/a><\/span>: &#8220;Legalidad de los Tratados Internacionales y legalidad constitucionalidad. Habla Carmen Salcedo&#8221;.<\/p>\n<p>[\/et_pb_text][\/et_pb_column][\/et_pb_row][\/et_pb_section][et_pb_section fb_built=&#8221;1&#8243; _builder_version=&#8221;4.17.4&#8243; _module_preset=&#8221;default&#8221; global_colors_info=&#8221;{}&#8221;][et_pb_row _builder_version=&#8221;4.17.4&#8243; _module_preset=&#8221;default&#8221; global_colors_info=&#8221;{}&#8221;][et_pb_column type=&#8221;4_4&#8243; _builder_version=&#8221;4.17.4&#8243; _module_preset=&#8221;default&#8221; global_colors_info=&#8221;{}&#8221;][et_pb_code _builder_version=&#8221;4.17.4&#8243; _module_preset=&#8221;default&#8221; global_colors_info=&#8221;{}&#8221;]\n<!-- iframe plugin v.4.5 wordpress.org\/plugins\/iframe\/ -->\n<iframe loading=\"lazy\" src=\"https:\/\/embed.kahoot.it\/a1c7b03a-3aa6-4964-9d3b-49066dbfe43b\" width=\"1200\" height=\"250\" scrolling=\"yes\" class=\"iframe-class\" frameborder=\"0\"><\/iframe>\n[\/et_pb_code][\/et_pb_column][\/et_pb_row][\/et_pb_section]<\/p>\n","protected":false},"excerpt":{"rendered":"<p>Igualdad, derechos y garant\u00edas constitucionales\u2014\u00a0 Tema 4. La regulaci\u00f3n constitucional de los derechos\u00a0 \u2014\u2014 UD2. El sistema de Derechos Fundamentales \u2014 CAP\u00cdTULO CUARTO. DE LAS GARANT\u00cdAS DE LAS LIBERTADES Y DERECHOS FUNDAMENTALES Art\u00edculo 53 Los\u00a0derechos y libertades reconocidos en el Cap\u00edtulo segundo del presente T\u00edtulo vinculan a todos los poderes p\u00fablicos.\u00a0S\u00f3lo por ley, que en [&hellip;]<\/p>\n","protected":false},"author":3782,"featured_media":0,"parent":0,"menu_order":0,"comment_status":"closed","ping_status":"closed","template":"","meta":{"_et_pb_use_builder":"on","_et_pb_old_content":"","_et_gb_content_width":"","_links_to":"","_links_to_target":""},"_links":{"self":[{"href":"https:\/\/igualdad-constitucional.umh.es\/en\/wp-json\/wp\/v2\/pages\/409"}],"collection":[{"href":"https:\/\/igualdad-constitucional.umh.es\/en\/wp-json\/wp\/v2\/pages"}],"about":[{"href":"https:\/\/igualdad-constitucional.umh.es\/en\/wp-json\/wp\/v2\/types\/page"}],"author":[{"embeddable":true,"href":"https:\/\/igualdad-constitucional.umh.es\/en\/wp-json\/wp\/v2\/users\/3782"}],"replies":[{"embeddable":true,"href":"https:\/\/igualdad-constitucional.umh.es\/en\/wp-json\/wp\/v2\/comments?post=409"}],"version-history":[{"count":0,"href":"https:\/\/igualdad-constitucional.umh.es\/en\/wp-json\/wp\/v2\/pages\/409\/revisions"}],"wp:attachment":[{"href":"https:\/\/igualdad-constitucional.umh.es\/en\/wp-json\/wp\/v2\/media?parent=409"}],"curies":[{"name":"wp","href":"https:\/\/api.w.org\/{rel}","templated":true}]}}