{"id":415,"date":"2024-11-28T08:31:32","date_gmt":"2024-11-28T07:31:32","guid":{"rendered":"https:\/\/igualdad-constitucional.umh.es\/?page_id=415"},"modified":"2025-07-18T18:43:54","modified_gmt":"2025-07-18T16:43:54","slug":"t5-las-condiciones-de-ejercicio-de-los-derechos-titularidad","status":"publish","type":"page","link":"https:\/\/igualdad-constitucional.umh.es\/en\/t5-las-condiciones-de-ejercicio-de-los-derechos-titularidad\/","title":{"rendered":"Borrador autom\u00e1tico"},"content":{"rendered":"<p>[et_pb_section fb_built=&#8221;1&#8243; _builder_version=&#8221;4.17.4&#8243; _module_preset=&#8221;default&#8221; background_enable_pattern_style=&#8221;on&#8221; background_pattern_style=&#8221;scallops&#8221; background_pattern_color=&#8221;rgba(0,0,0,0.03)&#8221; global_colors_info=&#8221;{}&#8221;][et_pb_row _builder_version=&#8221;4.17.4&#8243; _module_preset=&#8221;default&#8221; global_colors_info=&#8221;{}&#8221;][et_pb_column type=&#8221;4_4&#8243; _builder_version=&#8221;4.17.4&#8243; _module_preset=&#8221;default&#8221; global_colors_info=&#8221;{}&#8221;][et_pb_text _builder_version=&#8221;4.17.4&#8243; _module_preset=&#8221;default&#8221; text_font=&#8221;|700|||||||&#8221; text_text_color=&#8221;#fdda35&#8243; text_font_size=&#8221;27px&#8221; text_orientation=&#8221;center&#8221; global_colors_info=&#8221;{}&#8221;]<\/p>\n<p>Igualdad, derechos y garant\u00edas constitucionales<\/p>\n<p>[\/et_pb_text][et_pb_text _builder_version=&#8221;4.17.4&#8243; _module_preset=&#8221;default&#8221; text_font=&#8221;Abhaya Libre|600|||||||&#8221; text_text_color=&#8221;#000000&#8243; text_font_size=&#8221;45px&#8221; text_line_height=&#8221;1.8em&#8221; text_orientation=&#8221;center&#8221; global_colors_info=&#8221;{}&#8221;]<\/p>\n<p style=\"text-align: center\"><span style=\"color: #fdda35\"><strong>\u2014<\/strong><\/span>\u00a0 T5. Las condiciones de ejercicio de los derechos: titularidad\u00a0 <span style=\"color: #fdda35\"><strong>\u2014<\/strong><\/span><\/p>\n<p>[\/et_pb_text][et_pb_text _builder_version=&#8221;4.17.4&#8243; _module_preset=&#8221;default&#8221; text_font=&#8221;Abhaya Libre||||||||&#8221; text_text_color=&#8221;#fdda35&#8243; text_font_size=&#8221;36px&#8221; text_orientation=&#8221;center&#8221; global_colors_info=&#8221;{}&#8221;]<\/p>\n<p><span style=\"color: #000000\">\u2014<\/span> UD2. El sistema de Derechos Fundamentales <span style=\"color: #000000\">\u2014<\/span><\/p>\n<p>[\/et_pb_text][et_pb_divider show_divider=&#8221;off&#8221; _builder_version=&#8221;4.17.4&#8243; _module_preset=&#8221;default&#8221; global_colors_info=&#8221;{}&#8221;][\/et_pb_divider][et_pb_button button_url=&#8221;@ET-DC@eyJkeW5hbWljIjp0cnVlLCJjb250ZW50IjoicG9zdF9saW5rX3VybF9wYWdlIiwic2V0dGluZ3MiOnsicG9zdF9pZCI6IjY3NyJ9fQ==@&#8221; button_text=&#8221;\u2728 Recomendaciones T5 \u2728&#8221; button_alignment=&#8221;center&#8221; _builder_version=&#8221;4.17.4&#8243; _dynamic_attributes=&#8221;button_url&#8221; _module_preset=&#8221;default&#8221; custom_button=&#8221;on&#8221; button_text_color=&#8221;#000000&#8243; button_bg_color=&#8221;RGBA(255,255,255,0)&#8221; button_border_color=&#8221;#fdda35&#8243; button_border_radius=&#8221;12px&#8221; global_colors_info=&#8221;{}&#8221;][\/et_pb_button][\/et_pb_column][\/et_pb_row][\/et_pb_section][et_pb_section fb_built=&#8221;1&#8243; _builder_version=&#8221;4.17.4&#8243; _module_preset=&#8221;default&#8221; custom_padding=&#8221;||9px|||&#8221; global_colors_info=&#8221;{}&#8221;][et_pb_row _builder_version=&#8221;4.17.4&#8243; _module_preset=&#8221;default&#8221; background_color=&#8221;#ffffff&#8221; border_width_all=&#8221;13px&#8221; border_color_all=&#8221;#ffffff&#8221; box_shadow_style=&#8221;preset1&#8243; global_colors_info=&#8221;{}&#8221;][et_pb_column type=&#8221;4_4&#8243; _builder_version=&#8221;4.17.4&#8243; _module_preset=&#8221;default&#8221; global_colors_info=&#8221;{}&#8221;][et_pb_toggle title=&#8221;T\u00edtulo I de la CE. De los derechos y deberes fundamentales&#8221; open_toggle_text_color=&#8221;#000000&#8243; _builder_version=&#8221;4.17.4&#8243; _module_preset=&#8221;default&#8221; title_text_color=&#8221;#000000&#8243; title_font=&#8221;Abhaya Libre|700|||||||&#8221; title_font_size=&#8221;27px&#8221; width=&#8221;71%&#8221; module_alignment=&#8221;center&#8221; border_radii=&#8221;on|10px|10px|10px|10px&#8221; border_width_all=&#8221;0px&#8221; global_colors_info=&#8221;{}&#8221;]<\/p>\n<div class=\"mt-faq-text\">\n<div class=\"b-s-t50 b-s-b50\">\n<div class=\"b b-text cf\">\n<div class=\"b-c b-text-c b-s b-s-t60 b-s-b60 b-cs cf\">\n<p style=\"text-align: justify\"><strong style=\"font-size: 18px;color: #333333\">CAP\u00cdTULO PRIMERO. DE LOS ESPA\u00d1OLES Y LOS EXTRANJEROS<\/strong><\/p>\n<blockquote>\n<p><strong style=\"font-size: 14px\"><span class=\"wnd-font-size-120 wsw-02\" data-j-w=\"false\">Art\u00edculo 11<\/span><\/strong><\/p>\n<\/blockquote>\n<p style=\"text-align: justify\"><span style=\"font-size: 14px;text-align: justify\">1. La <strong>nacionalidad espa\u00f1ola<\/strong> <span style=\"text-decoration: underline\">se adquiere, se conserva y se pierde de acuerdo con lo establecido por la ley<\/span>.<\/span><\/p>\n<p style=\"text-align: justify\"><span style=\"font-size: 14px;text-align: justify\">2. Ning\u00fan espa\u00f1ol de origen podr\u00e1 ser privado de su nacionalidad.<\/span><\/p>\n<p style=\"text-align: justify\"><span style=\"font-size: 14px;text-align: justify\">3. El Estado podr\u00e1 concertar tratados de doble nacionalidad con los pa\u00edses iberoamericanos o con aquellos que hayan tenido o tengan una particular vinculaci\u00f3n con Espa\u00f1a. En estos mismos pa\u00edses, aun cuando no reconozcan a sus ciudadanos un derecho rec\u00edproco, podr\u00e1n naturalizarse los espa\u00f1oles sin perder su nacionalidad de origen.<\/span><\/p>\n<blockquote>\n<p class=\"wnd-align-justify\"><span class=\"wsw-02\"><strong><span class=\"wnd-font-size-120\" data-j-w=\"false\">Art\u00edculo 12<\/span><\/strong><\/span><\/p>\n<\/blockquote>\n<div class=\"bloque\" id=\"a12\">\n<p class=\"parrafo\">Los espa\u00f1oles son <strong>mayores de edad a los dieciocho a\u00f1os<\/strong>.<\/p>\n<blockquote>\n<p class=\"parrafo\"><strong>Art\u00edculo 13<\/strong><\/p>\n<\/blockquote>\n<p class=\"parrafo\" style=\"text-align: justify\">1. Los <strong>extranjeros gozar\u00e1n en Espa\u00f1a de las libertades p\u00fablicas que garantiza el presente T\u00edtulo en los t\u00e9rminos que establezcan los tratados y la ley<\/strong>.<\/p>\n<p class=\"parrafo\" style=\"text-align: justify\">2. <strong>Solamente los espa\u00f1oles ser\u00e1n titulares de los derechos reconocidos en el art\u00edculo 23<\/strong>, <span style=\"text-decoration: underline\">salvo lo que, atendiendo a criterios de reciprocidad, pueda establecerse por tratado o ley para el derecho de sufragio activo y pasivo en las elecciones municipales<\/span>.<\/p>\n<p class=\"parrafo\" style=\"text-align: justify\">3. La <strong>extradici\u00f3n<\/strong> s\u00f3lo se conceder\u00e1 en cumplimiento de un tratado o de la ley, atendiendo al principio de reciprocidad. Quedan excluidos de la extradici\u00f3n los delitos pol\u00edticos, no consider\u00e1ndose como tales los actos de terrorismo.<\/p>\n<p class=\"parrafo\" style=\"text-align: justify\">4. La ley establecer\u00e1 los t\u00e9rminos en que los ciudadanos de otros pa\u00edses y los ap\u00e1tridas podr\u00e1n gozar del <strong>derecho de asilo<\/strong> en Espa\u00f1a.<\/p>\n<ul>\n<li class=\"parrafo\" style=\"text-align: justify\"><em>En relaci\u00f3n con los refugiados, interesante conocer la Comisi\u00f3n Espa\u00f1ola de Ayuda al Refugiado (<span style=\"text-decoration: underline\"><a href=\"https:\/\/www.cear.es\/conocenos\/\">CEAR<\/a><\/span>).<\/em><\/li>\n<\/ul>\n<p class=\"parrafo\">\n<\/div>\n<\/div>\n<\/div>\n<\/div>\n<\/div>\n<p>[\/et_pb_toggle][et_pb_text _builder_version=&#8221;4.17.4&#8243; _module_preset=&#8221;default&#8221; global_colors_info=&#8221;{}&#8221;]<\/p>\n<p style=\"text-align: center\">\n<p>[\/et_pb_text][\/et_pb_column][\/et_pb_row][\/et_pb_section][et_pb_section fb_built=&#8221;1&#8243; _builder_version=&#8221;4.17.4&#8243; _module_preset=&#8221;default&#8221; custom_padding=&#8221;||9px|||&#8221; global_colors_info=&#8221;{}&#8221; theme_builder_area=&#8221;post_content&#8221;][et_pb_row column_structure=&#8221;3_4,1_4&#8243; _builder_version=&#8221;4.17.4&#8243; _module_preset=&#8221;default&#8221; hover_enabled=&#8221;0&#8243; global_colors_info=&#8221;{}&#8221; theme_builder_area=&#8221;post_content&#8221; sticky_enabled=&#8221;0&#8243;][et_pb_column type=&#8221;3_4&#8243; _builder_version=&#8221;4.17.4&#8243; _module_preset=&#8221;default&#8221; global_colors_info=&#8221;{}&#8221; theme_builder_area=&#8221;post_content&#8221;][et_pb_video src=&#8221;https:\/\/igualdad-constitucional.umh.es\/files\/2025\/07\/TEMA-5.-LA-VALLA-DE-MELILLA.mp4&#8243; _builder_version=&#8221;4.17.4&#8243; _module_preset=&#8221;default&#8221; theme_builder_area=&#8221;post_content&#8221; title_text=&#8221;TEMA 5. LA VALLA DE MELILLA&#8221; hover_enabled=&#8221;0&#8243; sticky_enabled=&#8221;0&#8243;][\/et_pb_video][\/et_pb_column][et_pb_column type=&#8221;1_4&#8243; _builder_version=&#8221;4.17.4&#8243; _module_preset=&#8221;default&#8221; global_colors_info=&#8221;{}&#8221; theme_builder_area=&#8221;post_content&#8221;][et_pb_text _builder_version=&#8221;4.17.4&#8243; _module_preset=&#8221;default&#8221; text_font=&#8221;Abel||||||||&#8221; text_font_size=&#8221;16px&#8221; header_3_font=&#8221;Abel|700|on||||||&#8221; header_3_text_align=&#8221;justify&#8221; header_5_font=&#8221;||||||||&#8221; header_5_text_align=&#8221;justify&#8221; hover_enabled=&#8221;0&#8243; header_3_text_shadow_style=&#8221;preset4&#8243; global_colors_info=&#8221;{}&#8221; theme_builder_area=&#8221;post_content&#8221; sticky_enabled=&#8221;0&#8243;]<\/p>\n<h3>La valla de Melilla<\/h3>\n<h5><strong>V\u00eddeo realizado por Eva M. Navarro Cuesta como pr\u00e1ctica de la asignatura.\u00a0<\/strong><\/h5>\n<p>[\/et_pb_text][\/et_pb_column][\/et_pb_row][et_pb_row column_structure=&#8221;1_4,3_4&#8243; _builder_version=&#8221;4.17.4&#8243; _module_preset=&#8221;default&#8221; global_colors_info=&#8221;{}&#8221; theme_builder_area=&#8221;post_content&#8221;][et_pb_column _builder_version=&#8221;4.17.4&#8243; _module_preset=&#8221;default&#8221; type=&#8221;1_4&#8243; theme_builder_area=&#8221;post_content&#8221;][et_pb_text _builder_version=&#8221;4.17.4&#8243; _module_preset=&#8221;default&#8221; text_font=&#8221;Abel||||||||&#8221; text_font_size=&#8221;16px&#8221; header_3_font=&#8221;Abel|700|on||||||&#8221; header_3_text_align=&#8221;justify&#8221; header_5_font=&#8221;||||||||&#8221; header_5_text_align=&#8221;justify&#8221; hover_enabled=&#8221;0&#8243; header_3_text_shadow_style=&#8221;preset4&#8243; global_colors_info=&#8221;{}&#8221; theme_builder_area=&#8221;post_content&#8221; sticky_enabled=&#8221;0&#8243;]<\/p>\n<h3>Devoluciones en caliente<\/h3>\n<h5><strong>V\u00eddeo realizado por Celina Almanza Ajno y Anal\u00eda Bel\u00e9n Puig Aguilar como pr\u00e1ctica de la asignatura.<\/strong><strong><\/strong><\/h5>\n<p><strong><\/strong><\/p>\n<p><strong><\/strong><\/p>\n<p><strong><\/strong><\/p>\n<p>[\/et_pb_text][\/et_pb_column][et_pb_column type=&#8221;3_4&#8243; _builder_version=&#8221;4.17.4&#8243; _module_preset=&#8221;default&#8221; global_colors_info=&#8221;{}&#8221; theme_builder_area=&#8221;post_content&#8221;][et_pb_video src=&#8221;https:\/\/igualdad-constitucional.umh.es\/files\/2025\/07\/TEMA-6.DEVOLUCIONES-EN-CALIENTE.mp4&#8243; _builder_version=&#8221;4.17.4&#8243; _module_preset=&#8221;default&#8221; theme_builder_area=&#8221;post_content&#8221; title_text=&#8221;TEMA 6.DEVOLUCIONES EN CALIENTE&#8221; hover_enabled=&#8221;0&#8243; sticky_enabled=&#8221;0&#8243;][\/et_pb_video][\/et_pb_column][\/et_pb_row][\/et_pb_section][et_pb_section fb_built=&#8221;1&#8243; _builder_version=&#8221;4.17.4&#8243; _module_preset=&#8221;default&#8221; global_colors_info=&#8221;{}&#8221;][et_pb_row _builder_version=&#8221;4.17.4&#8243; _module_preset=&#8221;default&#8221; global_colors_info=&#8221;{}&#8221;][et_pb_column type=&#8221;4_4&#8243; _builder_version=&#8221;4.17.4&#8243; _module_preset=&#8221;default&#8221; global_colors_info=&#8221;{}&#8221;][et_pb_code _builder_version=&#8221;4.17.4&#8243; _module_preset=&#8221;default&#8221; global_colors_info=&#8221;{}&#8221;]\n<!-- iframe plugin v.4.5 wordpress.org\/plugins\/iframe\/ -->\n<iframe loading=\"lazy\" src=\"https:\/\/embed.kahoot.it\/e753e168-6fff-4410-b767-c9f84309c7c4\" width=\"1200\" height=\"250\" scrolling=\"yes\" class=\"iframe-class\" frameborder=\"0\"><\/iframe>\n[\/et_pb_code][\/et_pb_column][\/et_pb_row][\/et_pb_section]<\/p>\n","protected":false},"excerpt":{"rendered":"<p>Igualdad, derechos y garant\u00edas constitucionales\u2014\u00a0 T5. Las condiciones de ejercicio de los derechos: titularidad\u00a0 \u2014\u2014 UD2. El sistema de Derechos Fundamentales \u2014 CAP\u00cdTULO PRIMERO. DE LOS ESPA\u00d1OLES Y LOS EXTRANJEROS Art\u00edculo 11 1. La nacionalidad espa\u00f1ola se adquiere, se conserva y se pierde de acuerdo con lo establecido por la ley. 2. Ning\u00fan espa\u00f1ol de [&hellip;]<\/p>\n","protected":false},"author":3782,"featured_media":0,"parent":0,"menu_order":0,"comment_status":"closed","ping_status":"closed","template":"","meta":{"_et_pb_use_builder":"on","_et_pb_old_content":"","_et_gb_content_width":"","_links_to":"","_links_to_target":""},"_links":{"self":[{"href":"https:\/\/igualdad-constitucional.umh.es\/en\/wp-json\/wp\/v2\/pages\/415"}],"collection":[{"href":"https:\/\/igualdad-constitucional.umh.es\/en\/wp-json\/wp\/v2\/pages"}],"about":[{"href":"https:\/\/igualdad-constitucional.umh.es\/en\/wp-json\/wp\/v2\/types\/page"}],"author":[{"embeddable":true,"href":"https:\/\/igualdad-constitucional.umh.es\/en\/wp-json\/wp\/v2\/users\/3782"}],"replies":[{"embeddable":true,"href":"https:\/\/igualdad-constitucional.umh.es\/en\/wp-json\/wp\/v2\/comments?post=415"}],"version-history":[{"count":0,"href":"https:\/\/igualdad-constitucional.umh.es\/en\/wp-json\/wp\/v2\/pages\/415\/revisions"}],"wp:attachment":[{"href":"https:\/\/igualdad-constitucional.umh.es\/en\/wp-json\/wp\/v2\/media?parent=415"}],"curies":[{"name":"wp","href":"https:\/\/api.w.org\/{rel}","templated":true}]}}