{"id":481,"date":"2024-11-28T08:52:45","date_gmt":"2024-11-28T07:52:45","guid":{"rendered":"https:\/\/igualdad-constitucional.umh.es\/?page_id=481"},"modified":"2025-04-21T00:17:43","modified_gmt":"2025-04-20T22:17:43","slug":"t-13-y-14-do-de-participacion","status":"publish","type":"page","link":"https:\/\/igualdad-constitucional.umh.es\/en\/t-13-y-14-do-de-participacion\/","title":{"rendered":"Borrador autom\u00e1tico"},"content":{"rendered":"<p>[et_pb_section fb_built=&#8221;1&#8243; _builder_version=&#8221;4.17.4&#8243; _module_preset=&#8221;default&#8221; background_enable_pattern_style=&#8221;on&#8221; background_pattern_style=&#8221;scallops&#8221; background_pattern_color=&#8221;rgba(0,0,0,0.03)&#8221; global_colors_info=&#8221;{}&#8221;][et_pb_row _builder_version=&#8221;4.17.4&#8243; _module_preset=&#8221;default&#8221; global_colors_info=&#8221;{}&#8221;][et_pb_column type=&#8221;4_4&#8243; _builder_version=&#8221;4.17.4&#8243; _module_preset=&#8221;default&#8221; global_colors_info=&#8221;{}&#8221;][et_pb_text _builder_version=&#8221;4.17.4&#8243; _module_preset=&#8221;default&#8221; text_font=&#8221;|700|||||||&#8221; text_text_color=&#8221;#fdda35&#8243; text_font_size=&#8221;27px&#8221; text_orientation=&#8221;center&#8221; global_colors_info=&#8221;{}&#8221;]<\/p>\n<p>Igualdad, derechos y garant\u00edas constitucionales<\/p>\n<p>[\/et_pb_text][et_pb_text _builder_version=&#8221;4.17.4&#8243; _module_preset=&#8221;default&#8221; text_font=&#8221;Abhaya Libre|600|||||||&#8221; text_text_color=&#8221;#000000&#8243; text_font_size=&#8221;45px&#8221; global_colors_info=&#8221;{}&#8221;]<\/p>\n<p style=\"text-align: center\"><span style=\"color: #fdda35\"><strong>\u2014<\/strong><\/span>\u00a0 T13 y 14. Derechos de participaci\u00f3n\u00a0 <span style=\"color: #fdda35\"><strong>\u2014<\/strong><\/span><\/p>\n<p>[\/et_pb_text][et_pb_text _builder_version=&#8221;4.17.4&#8243; _module_preset=&#8221;default&#8221; text_font=&#8221;Abhaya Libre||||||||&#8221; text_text_color=&#8221;#fdda35&#8243; text_font_size=&#8221;36px&#8221; text_orientation=&#8221;center&#8221; global_colors_info=&#8221;{}&#8221;]<\/p>\n<p><span style=\"color: #000000\">\u2014<\/span> UD4. Los Derechos Fundamentales <span style=\"color: #000000\">\u2014<\/span><\/p>\n<p>[\/et_pb_text][et_pb_button button_url=&#8221;@ET-DC@eyJkeW5hbWljIjp0cnVlLCJjb250ZW50IjoicG9zdF9saW5rX3VybF9wYWdlIiwic2V0dGluZ3MiOnsicG9zdF9pZCI6IjcxMyJ9fQ==@&#8221; button_text=&#8221;\u2728 Recomendaciones T13 y 14 \u2728&#8221; button_alignment=&#8221;center&#8221; _builder_version=&#8221;4.17.4&#8243; _dynamic_attributes=&#8221;button_url&#8221; _module_preset=&#8221;default&#8221; custom_button=&#8221;on&#8221; button_text_color=&#8221;#000000&#8243; button_bg_color=&#8221;RGBA(255,255,255,0)&#8221; button_border_color=&#8221;#fdda35&#8243; button_border_radius=&#8221;12px&#8221; global_colors_info=&#8221;{}&#8221;][\/et_pb_button][\/et_pb_column][\/et_pb_row][\/et_pb_section][et_pb_section fb_built=&#8221;1&#8243; _builder_version=&#8221;4.17.4&#8243; _module_preset=&#8221;default&#8221; global_colors_info=&#8221;{}&#8221;][et_pb_row _builder_version=&#8221;4.17.4&#8243; _module_preset=&#8221;default&#8221; background_color=&#8221;#ffffff&#8221; border_width_all=&#8221;13px&#8221; border_color_all=&#8221;#ffffff&#8221; box_shadow_style=&#8221;preset1&#8243; global_colors_info=&#8221;{}&#8221; theme_builder_area=&#8221;post_content&#8221;][et_pb_column type=&#8221;4_4&#8243; _builder_version=&#8221;4.17.4&#8243; _module_preset=&#8221;default&#8221; global_colors_info=&#8221;{}&#8221; theme_builder_area=&#8221;post_content&#8221;][et_pb_text _builder_version=&#8221;4.17.4&#8243; _module_preset=&#8221;default&#8221; text_font=&#8221;||||||||&#8221; text_text_color=&#8221;#000000&#8243; text_font_size=&#8221;17px&#8221; text_line_height=&#8221;1.6em&#8221; custom_margin=&#8221;60px|60px||60px|false|false&#8221; custom_padding=&#8221;||||false|false&#8221; hover_enabled=&#8221;0&#8243; global_colors_info=&#8221;{}&#8221; theme_builder_area=&#8221;post_content&#8221; sticky_enabled=&#8221;0&#8243;]<\/p>\n<p style=\"text-align: justify\"><span>Entre los\u00a0<\/span><strong>derechos de participaci\u00f3n<\/strong><span>\u00a0recogidos en la Constituci\u00f3n se encuentran el derecho a la libertad de expresi\u00f3n e informaci\u00f3n; el derecho a la producci\u00f3n y creaci\u00f3n literaria, art\u00edstica, cient\u00edfica y t\u00e9cnica; el derecho a la libertad de c\u00e1tedra (art. 20); el derecho de reuni\u00f3n (art. 21); el derecho de asociaci\u00f3n (art. 22); el derecho de participaci\u00f3n pol\u00edtica (art. 23); y el derecho de petici\u00f3n (art. 29).<\/span><\/p>\n<p>[\/et_pb_text][et_pb_toggle title=&#8221;T\u00edtulo I de la CE. De los derechos y deberes fundamentales&#8221; open_toggle_text_color=&#8221;#000000&#8243; _builder_version=&#8221;4.17.4&#8243; _module_preset=&#8221;default&#8221; title_text_color=&#8221;#000000&#8243; title_font=&#8221;Abhaya Libre|700|||||||&#8221; title_font_size=&#8221;27px&#8221; width=&#8221;71%&#8221; module_alignment=&#8221;center&#8221; border_radii=&#8221;on|10px|10px|10px|10px&#8221; border_width_all=&#8221;0px&#8221; global_colors_info=&#8221;{}&#8221; theme_builder_area=&#8221;post_content&#8221;]<\/p>\n<div class=\"mt-faq-text\">\n<h4><span><strong>CAP\u00cdTULO SEGUNDO. DERECHOS Y LIBERTADES\u00a0<\/strong><\/span><\/h4>\n<h4 class=\"seccion\"><strong>Secci\u00f3n 1.\u00aa De los derechos fundamentales y de las libertades p\u00fablicas<\/strong><\/h4>\n<div class=\"b-s-t50 b-s-b50\">\n<div class=\"b b-text cf\">\n<div class=\"b-c b-text-c b-s b-s-t60 b-s-b60 b-cs cf\">\n<blockquote>\n<p>\u00a0<strong style=\"font-size: 14px\"><span class=\"wnd-font-size-120 wsw-02\" data-j-w=\"false\">Art\u00edculo 20<\/span><\/strong><\/p>\n<\/blockquote>\n<p class=\"parrafo\" style=\"text-align: justify\">1. <strong>Se reconocen y protegen los derechos<\/strong>:<\/p>\n<p class=\"parrafo_2\" style=\"text-align: justify\">a) A <span style=\"text-decoration: underline;color: #0c71c3\"><strong>expresar y difundir libremente los pensamientos, ideas y opiniones <\/strong><\/span>mediante la palabra, el escrito o cualquier otro medio de reproducci\u00f3n.<\/p>\n<p class=\"parrafo\" style=\"text-align: justify\">b) A la <span style=\"text-decoration: underline;color: #0c71c3\"><strong>producci\u00f3n y creaci\u00f3n literaria, art\u00edstica, cient\u00edfica y t\u00e9cnica<\/strong><\/span>.<\/p>\n<p class=\"parrafo\" style=\"text-align: justify\">c) A la <span style=\"text-decoration: underline;color: #0c71c3\"><strong>libertad de c\u00e1tedra<\/strong><\/span>.<\/p>\n<p class=\"parrafo\" style=\"text-align: justify\">d) A <span style=\"text-decoration: underline;color: #0c71c3\"><strong>comunicar o recibir libremente informaci\u00f3n veraz<\/strong><\/span> por cualquier medio de difusi\u00f3n. <span style=\"text-decoration: underline\">La ley regular\u00e1 el derecho a la cl\u00e1usula de conciencia y al secreto profesional en el ejercicio de estas libertades<\/span>.<\/p>\n<p class=\"parrafo_2\" style=\"text-align: justify\">2. El ejercicio de estos derechos <span style=\"text-decoration: underline\">no<\/span> puede restringirse mediante ning\u00fan tipo de <span style=\"text-decoration: underline\">censura previa<\/span>.<\/p>\n<p class=\"parrafo\" style=\"text-align: justify\">3. La ley regular\u00e1 la organizaci\u00f3n y el control parlamentario de los medios de <span style=\"text-decoration: underline\">comunicaci\u00f3n social dependientes del Estado o de cualquier ente p\u00fablico<\/span> y garantizar\u00e1 el acceso a dichos medios de los grupos sociales y pol\u00edticos significativos, respetando el pluralismo de la sociedad y de las diversas lenguas de Espa\u00f1a.<\/p>\n<p class=\"parrafo\" style=\"text-align: justify\">4. Estas libertades tienen su <span style=\"text-decoration: underline\">l\u00edmite<\/span> en el respeto a los derechos reconocidos en este T\u00edtulo, en los preceptos de las leyes que lo desarrollen y, especialmente, en el derecho al honor, a la intimidad, a la propia imagen y a la protecci\u00f3n de la juventud y de la infancia.<\/p>\n<p class=\"parrafo\" style=\"text-align: justify\">5. <span style=\"text-decoration: underline\">S\u00f3lo podr\u00e1 acordarse el secuestro de publicaciones, grabaciones y otros medios de informaci\u00f3n en virtud de resoluci\u00f3n judicial<\/span>.<\/p>\n<blockquote>\n<p class=\"parrafo\" style=\"text-align: justify\"><strong>Art\u00edculo 21<\/strong><\/p>\n<\/blockquote>\n<p class=\"parrafo\" style=\"text-align: justify\">1. Se reconoce el <strong><span style=\"text-decoration: underline;color: #0c71c3\">derecho de reuni\u00f3n<\/span> pac\u00edfica y sin armas<\/strong>. El ejercicio de este derecho <span style=\"text-decoration: underline\">no necesitar\u00e1 autorizaci\u00f3n previa<\/span>.<\/p>\n<p class=\"parrafo\" style=\"text-align: justify\">2. En los casos de <span style=\"text-decoration: underline\">reuniones en lugares de tr\u00e1nsito p\u00fablico y manifestaciones se dar\u00e1 comunicaci\u00f3n previa a la autoridad<\/span>, que <span style=\"text-decoration: underline\">s\u00f3lo podr\u00e1 prohibirlas cuando existan razones fundadas de alteraci\u00f3n del orden p\u00fablico, con peligro para personas o bienes<\/span>.<\/p>\n<blockquote>\n<p class=\"parrafo\" style=\"text-align: justify\"><strong>Art\u00edculo 22<\/strong><\/p>\n<\/blockquote>\n<p class=\"parrafo\">1. Se reconoce el <span style=\"text-decoration: underline;color: #0c71c3\"><strong>derecho de asociaci\u00f3n<\/strong><\/span>.<\/p>\n<p class=\"parrafo\">2. Las asociaciones que <span style=\"text-decoration: underline\">persigan fines o utilicen medios tipificados como delito son ilegales<\/span>.<\/p>\n<p class=\"parrafo\">3. Las asociaciones constituidas al amparo de este art\u00edculo <span style=\"text-decoration: underline\">deber\u00e1n inscribirse<\/span> en un registro a los solos efectos de publicidad.<\/p>\n<p class=\"parrafo\">4. Las asociaciones <span style=\"text-decoration: underline\">s\u00f3lo podr\u00e1n ser disueltas o suspendidas<\/span> en sus actividades en virtud de <span style=\"text-decoration: underline\">resoluci\u00f3n judicial motivada<\/span>.<\/p>\n<p class=\"parrafo\">5. <span style=\"text-decoration: underline\">Se proh\u00edben las asociaciones secretas y las de car\u00e1cter paramilitar<\/span>.<\/p>\n<blockquote>\n<p class=\"parrafo\"><strong>Art\u00edculo 23<\/strong><\/p>\n<\/blockquote>\n<p class=\"parrafo\" style=\"text-align: justify\">1. Los ciudadanos tienen el <span style=\"text-decoration: underline\"><span style=\"color: #0c71c3;text-decoration: underline\"><strong>derecho a participar en los asuntos p\u00fablicos<\/strong><\/span><\/span>, <span style=\"text-decoration: underline\">directamente o por medio de representantes, libremente elegidos en elecciones peri\u00f3dicas por sufragio universal<\/span>.<\/p>\n<p class=\"parrafo\" style=\"text-align: justify\">2. Asimismo, tienen <strong><span style=\"text-decoration: underline\">derecho a acceder en condiciones de igualdad a las funciones y cargos p\u00fablicos<\/span><\/strong>, con los requisitos que se\u00f1alen las leyes.<\/p>\n<blockquote>\n<p class=\"parrafo\"><strong>Art\u00edculo 29<\/strong><\/p>\n<\/blockquote>\n<div class=\"bloque\" id=\"a29\">\n<p class=\"parrafo\" style=\"text-align: justify\">1. Todos los espa\u00f1oles tendr\u00e1n el <span style=\"color: #0c71c3\"><strong><span style=\"text-decoration: underline\">derecho de petici\u00f3n individual y colectiva<\/span><\/strong><\/span>, por escrito, en la forma y con los efectos que determine la ley.<\/p>\n<p class=\"parrafo\" style=\"text-align: justify\">2. Los <span style=\"text-decoration: underline\">miembros de las Fuerzas o Institutos armados o de los Cuerpos sometidos a disciplina militar<\/span> podr\u00e1n ejercer este derecho <span style=\"text-decoration: underline\">s\u00f3lo individualmente<\/span> y con arreglo a lo dispuesto en su legislaci\u00f3n espec\u00edfica.<\/p>\n<\/div>\n<p class=\"parrafo\" style=\"text-align: justify\">\n<\/div>\n<\/div>\n<\/div>\n<\/div>\n<p>[\/et_pb_toggle][et_pb_text _builder_version=&#8221;4.17.4&#8243; _module_preset=&#8221;default&#8221; global_colors_info=&#8221;{}&#8221; theme_builder_area=&#8221;post_content&#8221;]<\/p>\n<p style=\"text-align: center\">\n<p>[\/et_pb_text][\/et_pb_column][\/et_pb_row][\/et_pb_section][et_pb_section fb_built=&#8221;1&#8243; _builder_version=&#8221;4.17.4&#8243; _module_preset=&#8221;default&#8221; global_colors_info=&#8221;{}&#8221;][et_pb_row _builder_version=&#8221;4.17.4&#8243; _module_preset=&#8221;default&#8221; global_colors_info=&#8221;{}&#8221;][et_pb_column type=&#8221;4_4&#8243; _builder_version=&#8221;4.17.4&#8243; _module_preset=&#8221;default&#8221; global_colors_info=&#8221;{}&#8221;][\/et_pb_column][\/et_pb_row][\/et_pb_section]<\/p>\n","protected":false},"excerpt":{"rendered":"<p>Igualdad, derechos y garant\u00edas constitucionales\u2014\u00a0 T13 y 14. Derechos de participaci\u00f3n\u00a0 \u2014\u2014 UD4. Los Derechos Fundamentales \u2014Entre los\u00a0derechos de participaci\u00f3n\u00a0recogidos en la Constituci\u00f3n se encuentran el derecho a la libertad de expresi\u00f3n e informaci\u00f3n; el derecho a la producci\u00f3n y creaci\u00f3n literaria, art\u00edstica, cient\u00edfica y t\u00e9cnica; el derecho a la libertad de c\u00e1tedra (art. 20); [&hellip;]<\/p>\n","protected":false},"author":3782,"featured_media":0,"parent":0,"menu_order":0,"comment_status":"closed","ping_status":"closed","template":"","meta":{"_et_pb_use_builder":"on","_et_pb_old_content":"","_et_gb_content_width":"","_links_to":"","_links_to_target":""},"_links":{"self":[{"href":"https:\/\/igualdad-constitucional.umh.es\/en\/wp-json\/wp\/v2\/pages\/481"}],"collection":[{"href":"https:\/\/igualdad-constitucional.umh.es\/en\/wp-json\/wp\/v2\/pages"}],"about":[{"href":"https:\/\/igualdad-constitucional.umh.es\/en\/wp-json\/wp\/v2\/types\/page"}],"author":[{"embeddable":true,"href":"https:\/\/igualdad-constitucional.umh.es\/en\/wp-json\/wp\/v2\/users\/3782"}],"replies":[{"embeddable":true,"href":"https:\/\/igualdad-constitucional.umh.es\/en\/wp-json\/wp\/v2\/comments?post=481"}],"version-history":[{"count":0,"href":"https:\/\/igualdad-constitucional.umh.es\/en\/wp-json\/wp\/v2\/pages\/481\/revisions"}],"wp:attachment":[{"href":"https:\/\/igualdad-constitucional.umh.es\/en\/wp-json\/wp\/v2\/media?parent=481"}],"curies":[{"name":"wp","href":"https:\/\/api.w.org\/{rel}","templated":true}]}}